{"id":1099,"date":"2022-08-25T10:39:39","date_gmt":"2022-08-25T02:39:39","guid":{"rendered":"https:\/\/sdmetalshed.com\/?post_type=product&#038;p=1099"},"modified":"2022-11-01T11:35:36","modified_gmt":"2022-11-01T03:35:36","slug":"fabrik-direkt-masgeschneidert-regenfest-pavillon-3x3-hawaii-garten-outdoor-aluminium-pergola-mit-hardtop-hinterhof","status":"publish","type":"product","link":"https:\/\/sdmetalshed.com\/de\/product\/factory-direct-custom-rainproof-gazebo-3x3-hawaii-garden-outdoor-aluminum-pergola-with-hardtop-backyard\/","title":{"rendered":"Ganzj\u00e4hrig beliebte Aluminium-Pergola 3*4 mit motorisiertem Outdoor-Aluminium-Pavillon mit Glasseiten und Lamellendach"},"content":{"rendered":"","protected":false},"excerpt":{"rendered":"<p>Dieser Terrassenpavillon ist die perfekte Erg\u00e4nzung f\u00fcr Ihren Hinterhof, sodass Sie bei jedem Wetter Unterhaltung genie\u00dfen k\u00f6nnen. Seine 120 Quadratfu\u00df gro\u00dfe Abdeckung sch\u00fctzt Freunde und Familie vor der grellen Sonne und schlechtem Wetter. Es verf\u00fcgt \u00fcber ein pulverbeschichtetes Dach und einen Rahmen aus verzinktem Stahl, die rost-, UV- und wasserbest\u00e4ndig sind. Das Dach h\u00e4lt auch starkem Schneefall stand, sodass dieser Pavillon das ganze Jahr \u00fcber nutzbar ist. Wir lieben die Netzseiten mit Rei\u00dfverschluss, die diesen Pavillon abschirmen und Sie vor M\u00fccken sch\u00fctzen. Dieser Pavillon wird au\u00dferdem mit 16 Erdspie\u00dfen geliefert, sodass Sie ihn auf einem Rasen an Ort und Stelle halten k\u00f6nnen. An der Decke ist ein zentraler Haken angebracht, an dem Sie eine Laterne, eine Pflanze oder einen Ventilator aufh\u00e4ngen k\u00f6nnen.<\/p>","protected":false},"featured_media":1101,"template":"","meta":{"_kad_post_transparent":"default","_kad_post_title":"","_kad_post_layout":"default","_kad_post_sidebar_id":"","_kad_post_content_style":"default","_kad_post_vertical_padding":"default","_kad_post_feature":"","_kad_post_feature_position":"","_kad_post_header":false,"_kad_post_footer":false,"_kad_post_classname":""},"product_brand":[],"product_cat":[30,322,29],"product_tag":[274,323,314,52,319,329,327,325,328,324,326,330],"class_list":{"0":"post-1099","1":"product","2":"type-product","3":"status-publish","4":"has-post-thumbnail","6":"product_cat-aluminum-gazebo","7":"product_cat-hawaiian-gazebo","8":"product_cat-metal-products","9":"product_tag-aluminum-frame-gazebo","10":"product_tag-aluminum-frame-gazebo-backyard","11":"product_tag-best-hard-rooftop","12":"product_tag-double-roof-hardtop-gazebo","13":"product_tag-gazebo-double-tiered-outdoor-pergola","14":"product_tag-luxury-gazebo-with-spire-roof","15":"product_tag-metal-frame-pergola-with-waterproof","16":"product_tag-middle-parietal-bone","17":"product_tag-outdoor-garden-gazebo-backyard","18":"product_tag-steel-beam","19":"product_tag-steel-column","20":"product_tag-steel-pergola-with-curtain","22":"first","23":"instock","24":"featured","25":"downloadable","26":"shipping-taxable","27":"product-type-simple","28":"entry","29":"content-bg","30":"loop-entry"},"_links":{"self":[{"href":"https:\/\/sdmetalshed.com\/de\/wp-json\/wp\/v2\/product\/1099","targetHints":{"allow":["GET"]}}],"collection":[{"href":"https:\/\/sdmetalshed.com\/de\/wp-json\/wp\/v2\/product"}],"about":[{"href":"https:\/\/sdmetalshed.com\/de\/wp-json\/wp\/v2\/types\/product"}],"wp:featuredmedia":[{"embeddable":true,"href":"https:\/\/sdmetalshed.com\/de\/wp-json\/wp\/v2\/media\/1101"}],"wp:attachment":[{"href":"https:\/\/sdmetalshed.com\/de\/wp-json\/wp\/v2\/media?parent=1099"}],"wp:term":[{"taxonomy":"product_brand","embeddable":true,"href":"https:\/\/sdmetalshed.com\/de\/wp-json\/wp\/v2\/product_brand?post=1099"},{"taxonomy":"product_cat","embeddable":true,"href":"https:\/\/sdmetalshed.com\/de\/wp-json\/wp\/v2\/product_cat?post=1099"},{"taxonomy":"product_tag","embeddable":true,"href":"https:\/\/sdmetalshed.com\/de\/wp-json\/wp\/v2\/product_tag?post=1099"}],"curies":[{"name":"wp","href":"https:\/\/api.w.org\/{rel}","templated":true}]}}