{"id":1342,"date":"2023-11-24T11:07:52","date_gmt":"2023-11-24T03:07:52","guid":{"rendered":"https:\/\/sdmetalshed.com\/?post_type=product&#038;p=1342"},"modified":"2023-11-24T11:17:27","modified_gmt":"2023-11-24T03:17:27","slug":"hardtop-aluminium-rahmen-pergola-mit-netz-und-vorhang","status":"publish","type":"product","link":"https:\/\/sdmetalshed.com\/de\/product\/hardtop-aluminum-frame-pergola-with-netting-and-curtain\/","title":{"rendered":"Hardtop-Pergola mit Aluminiumrahmen, Netz und Vorhang"},"content":{"rendered":"<p>Hardtop-Pergola mit Aluminiumrahmen, Netz und Vorhang. Sie k\u00f6nnen sie mit allen sch\u00f6nen Au\u00dfenleuchten, Gazevorh\u00e4ngen und Blumen kombinieren, die Ihr Leben bunter und voller Romantik machen. Entdecken Sie noch heute unser komplettes Sortiment an Pavillon-Baus\u00e4tzen, die aus Aluminium gefertigt sind, um Sie vor den Elementen zu sch\u00fctzen und eine vielseitige Au\u00dfenumgebung zu schaffen.<\/p>","protected":false},"excerpt":{"rendered":"<p>Hardtop-Pergola mit Aluminiumrahmen, Netz und Vorhang. Sie k\u00f6nnen sie mit allen sch\u00f6nen Au\u00dfenleuchten, Gazevorh\u00e4ngen und Blumen kombinieren, die Ihr Leben bunter und voller Romantik machen. Entdecken Sie noch heute unser komplettes Sortiment an Pavillon-Baus\u00e4tzen, die aus Aluminium gefertigt sind, um Sie vor den Elementen zu sch\u00fctzen und eine vielseitige Au\u00dfenumgebung zu schaffen.<\/p>","protected":false},"featured_media":1343,"template":"","meta":{"_kad_post_transparent":"default","_kad_post_title":"","_kad_post_layout":"default","_kad_post_sidebar_id":"","_kad_post_content_style":"default","_kad_post_vertical_padding":"default","_kad_post_feature":"","_kad_post_feature_position":"","_kad_post_header":false,"_kad_post_footer":false,"_kad_post_classname":""},"product_brand":[],"product_cat":[30,29,371],"product_tag":[274,52,368,372],"class_list":{"0":"post-1342","1":"product","2":"type-product","3":"status-publish","4":"has-post-thumbnail","6":"product_cat-aluminum-gazebo","7":"product_cat-metal-products","8":"product_cat-wooden-color-aluminium-gazebo","9":"product_tag-aluminum-frame-gazebo","10":"product_tag-double-roof-hardtop-gazebo","11":"product_tag-outdoor-pergola-patio-aluminum-frame-gazebo","12":"product_tag-pergola-with-netting-and-curtain","14":"first","15":"instock","16":"featured","17":"downloadable","18":"shipping-taxable","19":"product-type-simple","20":"entry","21":"content-bg","22":"loop-entry"},"_links":{"self":[{"href":"https:\/\/sdmetalshed.com\/de\/wp-json\/wp\/v2\/product\/1342","targetHints":{"allow":["GET"]}}],"collection":[{"href":"https:\/\/sdmetalshed.com\/de\/wp-json\/wp\/v2\/product"}],"about":[{"href":"https:\/\/sdmetalshed.com\/de\/wp-json\/wp\/v2\/types\/product"}],"wp:featuredmedia":[{"embeddable":true,"href":"https:\/\/sdmetalshed.com\/de\/wp-json\/wp\/v2\/media\/1343"}],"wp:attachment":[{"href":"https:\/\/sdmetalshed.com\/de\/wp-json\/wp\/v2\/media?parent=1342"}],"wp:term":[{"taxonomy":"product_brand","embeddable":true,"href":"https:\/\/sdmetalshed.com\/de\/wp-json\/wp\/v2\/product_brand?post=1342"},{"taxonomy":"product_cat","embeddable":true,"href":"https:\/\/sdmetalshed.com\/de\/wp-json\/wp\/v2\/product_cat?post=1342"},{"taxonomy":"product_tag","embeddable":true,"href":"https:\/\/sdmetalshed.com\/de\/wp-json\/wp\/v2\/product_tag?post=1342"}],"curies":[{"name":"wp","href":"https:\/\/api.w.org\/{rel}","templated":true}]}}