{"id":1346,"date":"2023-11-24T13:13:01","date_gmt":"2023-11-24T05:13:01","guid":{"rendered":"https:\/\/sdmetalshed.com\/?post_type=product&#038;p=1346"},"modified":"2023-11-24T14:45:33","modified_gmt":"2023-11-24T06:45:33","slug":"aluminium-hardtop-pavillon-mit-uv-bestandigen-und-vorhangen","status":"publish","type":"product","link":"https:\/\/sdmetalshed.com\/de\/product\/aluminium-hardtop-gazebo-with-uv-resistant-and-curtains\/","title":{"rendered":"Aluminium-Hardtop-Pavillon mit UV-Best\u00e4ndigkeit und Vorh\u00e4ngen"},"content":{"rendered":"<p>Aluminium-Hardtop-Pavillon mit UV-Best\u00e4ndigkeit und Vorh\u00e4ngen. Sie k\u00f6nnen ihn mit jeder sch\u00f6nen Au\u00dfenbeleuchtung, Gazevorh\u00e4ngen und Blumen kombinieren, die Ihr Leben bunter und voller Romantik machen. Entdecken Sie noch heute unser komplettes Sortiment an Pavillon-Baus\u00e4tzen, die aus Aluminium gefertigt sind, um Sie vor den Elementen zu sch\u00fctzen und eine vielseitige Au\u00dfenumgebung zu schaffen.<\/p>","protected":false},"excerpt":{"rendered":"<p>Aluminium-Hardtop-Pavillon mit UV-Best\u00e4ndigkeit und Vorh\u00e4ngen. Sie k\u00f6nnen ihn mit jeder sch\u00f6nen Au\u00dfenbeleuchtung, Gazevorh\u00e4ngen und Blumen kombinieren, die Ihr Leben bunter und voller Romantik machen. Entdecken Sie noch heute unser komplettes Sortiment an Pavillon-Baus\u00e4tzen, die aus Aluminium gefertigt sind, um Sie vor den Elementen zu sch\u00fctzen und eine vielseitige Au\u00dfenumgebung zu schaffen.<\/p>","protected":false},"featured_media":1348,"template":"","meta":{"_kad_post_transparent":"default","_kad_post_title":"","_kad_post_layout":"default","_kad_post_sidebar_id":"","_kad_post_content_style":"default","_kad_post_vertical_padding":"default","_kad_post_feature":"","_kad_post_feature_position":"","_kad_post_header":false,"_kad_post_footer":false,"_kad_post_classname":""},"product_brand":[],"product_cat":[30,29,371],"product_tag":[374,52,373,372],"class_list":{"0":"post-1346","1":"product","2":"type-product","3":"status-publish","4":"has-post-thumbnail","6":"product_cat-aluminum-gazebo","7":"product_cat-metal-products","8":"product_cat-wooden-color-aluminium-gazebo","9":"product_tag-aluminium-hardtop-gazebo-with-uv-resistant-and-curtains","10":"product_tag-double-roof-hardtop-gazebo","11":"product_tag-luxury-garden-wood-aluminium-outdoor-sunshade-gazebo","12":"product_tag-pergola-with-netting-and-curtain","14":"first","15":"instock","16":"featured","17":"downloadable","18":"shipping-taxable","19":"product-type-simple","20":"entry","21":"content-bg","22":"loop-entry"},"_links":{"self":[{"href":"https:\/\/sdmetalshed.com\/de\/wp-json\/wp\/v2\/product\/1346","targetHints":{"allow":["GET"]}}],"collection":[{"href":"https:\/\/sdmetalshed.com\/de\/wp-json\/wp\/v2\/product"}],"about":[{"href":"https:\/\/sdmetalshed.com\/de\/wp-json\/wp\/v2\/types\/product"}],"wp:featuredmedia":[{"embeddable":true,"href":"https:\/\/sdmetalshed.com\/de\/wp-json\/wp\/v2\/media\/1348"}],"wp:attachment":[{"href":"https:\/\/sdmetalshed.com\/de\/wp-json\/wp\/v2\/media?parent=1346"}],"wp:term":[{"taxonomy":"product_brand","embeddable":true,"href":"https:\/\/sdmetalshed.com\/de\/wp-json\/wp\/v2\/product_brand?post=1346"},{"taxonomy":"product_cat","embeddable":true,"href":"https:\/\/sdmetalshed.com\/de\/wp-json\/wp\/v2\/product_cat?post=1346"},{"taxonomy":"product_tag","embeddable":true,"href":"https:\/\/sdmetalshed.com\/de\/wp-json\/wp\/v2\/product_tag?post=1346"}],"curies":[{"name":"wp","href":"https:\/\/api.w.org\/{rel}","templated":true}]}}