{"id":499,"date":"2022-02-27T22:25:49","date_gmt":"2022-02-27T14:25:49","guid":{"rendered":"https:\/\/sdmetalshed.com\/?post_type=product&#038;p=499"},"modified":"2022-03-08T16:13:04","modified_gmt":"2022-03-08T08:13:04","slug":"metall-fahrradlager-schuppen-und-metall-fahrrad-aufbewahrungsschrank-schliesfach-fur-vier-erwachsenen-fahrrader","status":"publish","type":"product","link":"https:\/\/sdmetalshed.com\/de\/product\/metal-bike-store-shed-and-metal-bicycle-storage-cabinet-locker-for-four-adult-size-bikes\/","title":{"rendered":"Fahrradschuppen aus Metall und Fahrradschrank aus Metall f\u00fcr vier Fahrr\u00e4der in Erwachsenengr\u00f6\u00dfe"},"content":{"rendered":"","protected":false},"excerpt":{"rendered":"<p>Bewahren und sch\u00fctzen Sie bis zu vier Fahrr\u00e4der in Erwachsenengr\u00f6\u00dfe in unserem Fahrradschuppen im Hinterhof. Dieser robuste, langlebige Schuppen aus verzinktem Stahl ist best\u00e4ndig gegen Rost, Korrosion und UV-Strahlen und bietet Ihren Fahrr\u00e4dern das ganze Jahr \u00fcber Schutz vor Witterungseinfl\u00fcssen. Im Lieferumfang sind vier verstellbare Fahrradschienen enthalten, auf denen die meisten Fahrr\u00e4der mit einer L\u00e4nge von bis zu 78,4 Zoll und einer H\u00f6he von 43,3 Zoll Platz finden. Das schr\u00e4ge Dach erm\u00f6glicht einen schnellen Wasserabfluss bei Regenschauern und h\u00e4lt Ihre Fahrr\u00e4der trocken. Die vorderen Doppelt\u00fcren lassen sich vollst\u00e4ndig \u00f6ffnen, um einen einfachen Zugang zu erm\u00f6glichen, und sind mit einem Drehschloss und einem Schl\u00fcssel gesichert. Verlassen Sie sich bei allen Anforderungen an die Lagerung im Freien auf Qualit\u00e4tsprodukte direkt ab Werk.<\/p>","protected":false},"featured_media":500,"template":"","meta":{"_kad_post_transparent":"default","_kad_post_title":"","_kad_post_layout":"default","_kad_post_sidebar_id":"","_kad_post_content_style":"default","_kad_post_vertical_padding":"default","_kad_post_feature":"","_kad_post_feature_position":"","_kad_post_header":false,"_kad_post_footer":false,"_kad_post_classname":""},"product_brand":[],"product_cat":[36,29,31],"product_tag":[112,109,108,111,110],"class_list":{"0":"post-499","1":"product","2":"type-product","3":"status-publish","4":"has-post-thumbnail","6":"product_cat-metal-bicycle-storage-cabinet-locker","7":"product_cat-metal-products","8":"product_cat-storage-sheds","9":"product_tag-backyard-bicycle-storage-shed","10":"product_tag-metal-bicycle-storage-cabinet-locker","11":"product_tag-metal-bike-store-shed","12":"product_tag-outdoor-bicycle-storage-shed","13":"product_tag-outdoor-metal-bike-storage","15":"first","16":"instock","17":"featured","18":"shipping-taxable","19":"product-type-simple","20":"entry","21":"content-bg","22":"loop-entry"},"_links":{"self":[{"href":"https:\/\/sdmetalshed.com\/de\/wp-json\/wp\/v2\/product\/499","targetHints":{"allow":["GET"]}}],"collection":[{"href":"https:\/\/sdmetalshed.com\/de\/wp-json\/wp\/v2\/product"}],"about":[{"href":"https:\/\/sdmetalshed.com\/de\/wp-json\/wp\/v2\/types\/product"}],"wp:featuredmedia":[{"embeddable":true,"href":"https:\/\/sdmetalshed.com\/de\/wp-json\/wp\/v2\/media\/500"}],"wp:attachment":[{"href":"https:\/\/sdmetalshed.com\/de\/wp-json\/wp\/v2\/media?parent=499"}],"wp:term":[{"taxonomy":"product_brand","embeddable":true,"href":"https:\/\/sdmetalshed.com\/de\/wp-json\/wp\/v2\/product_brand?post=499"},{"taxonomy":"product_cat","embeddable":true,"href":"https:\/\/sdmetalshed.com\/de\/wp-json\/wp\/v2\/product_cat?post=499"},{"taxonomy":"product_tag","embeddable":true,"href":"https:\/\/sdmetalshed.com\/de\/wp-json\/wp\/v2\/product_tag?post=499"}],"curies":[{"name":"wp","href":"https:\/\/api.w.org\/{rel}","templated":true}]}}