{"id":536,"date":"2022-02-28T14:19:28","date_gmt":"2022-02-28T06:19:28","guid":{"rendered":"https:\/\/sdmetalshed.com\/?post_type=product&#038;p=536"},"modified":"2022-02-28T14:19:28","modified_gmt":"2022-02-28T06:19:28","slug":"klassischer-kleiner-metall-lagerschuppen-fur-garten-hinterhof-in-blau-grau-farbe-aus-china-fabrik","status":"publish","type":"product","link":"https:\/\/sdmetalshed.com\/de\/product\/classical-small-metal-storage-shed-for-garden-backyard-in-blue-grey-color-from-china-factory\/","title":{"rendered":"Klassischer kleiner Lagerschuppen aus Metall f\u00fcr den Garten und Hinterhof in der Farbe Blaugrau von China Factory"},"content":{"rendered":"","protected":false},"excerpt":{"rendered":"<p>Suchen Sie eine praktische, robuste Aufbewahrungseinheit f\u00fcr Ihren Garten? Der kleine Lagerschuppen aus Stahl der Classic-Serie wurde entwickelt, um Ihre Gartenger\u00e4te, Werkzeuge und Gartenbedarf vor Witterungseinfl\u00fcssen zu sch\u00fctzen. Der Schuppen besteht aus verzinktem Stahl, der behandelt wurde, um Rost und Korrosion zu verhindern. Es verf\u00fcgt \u00fcber ein niedriges Satteldach, das verhindern soll, dass sich Wasser ansammelt. Es verf\u00fcgt \u00fcber Schiebet\u00fcren, die mit einem Vorh\u00e4ngeschloss gesichert werden k\u00f6nnen. Der kleine Klassiker sieht auch noch gut aus. Die zeitlosen vertikalen Wandpaneele des Schuppens sind mit einer glatten, strapazierf\u00e4higen Sherwin-Williams-Lackierung versehen, die vor Witterungseinfl\u00fcssen sch\u00fctzt und den Stahl vor Rost und Korrosion sch\u00fctzt.<\/p>","protected":false},"featured_media":537,"template":"","meta":{"_kad_post_transparent":"default","_kad_post_title":"","_kad_post_layout":"default","_kad_post_sidebar_id":"","_kad_post_content_style":"default","_kad_post_vertical_padding":"default","_kad_post_feature":"","_kad_post_feature_position":"","_kad_post_header":false,"_kad_post_footer":false,"_kad_post_classname":""},"product_brand":[],"product_cat":[33,29,31],"product_tag":[130,128,129,127],"class_list":{"0":"post-536","1":"product","2":"type-product","3":"status-publish","4":"has-post-thumbnail","6":"product_cat-metal-garden-storage-sheds","7":"product_cat-metal-products","8":"product_cat-storage-sheds","9":"product_tag-backyard-metal-storage-shed","10":"product_tag-classical-metal-storage-shed","11":"product_tag-garden-metal-storage-shed","12":"product_tag-small-metal-storage-shed","14":"first","15":"instock","16":"shipping-taxable","17":"product-type-simple","18":"entry","19":"content-bg","20":"loop-entry"},"_links":{"self":[{"href":"https:\/\/sdmetalshed.com\/de\/wp-json\/wp\/v2\/product\/536","targetHints":{"allow":["GET"]}}],"collection":[{"href":"https:\/\/sdmetalshed.com\/de\/wp-json\/wp\/v2\/product"}],"about":[{"href":"https:\/\/sdmetalshed.com\/de\/wp-json\/wp\/v2\/types\/product"}],"wp:featuredmedia":[{"embeddable":true,"href":"https:\/\/sdmetalshed.com\/de\/wp-json\/wp\/v2\/media\/537"}],"wp:attachment":[{"href":"https:\/\/sdmetalshed.com\/de\/wp-json\/wp\/v2\/media?parent=536"}],"wp:term":[{"taxonomy":"product_brand","embeddable":true,"href":"https:\/\/sdmetalshed.com\/de\/wp-json\/wp\/v2\/product_brand?post=536"},{"taxonomy":"product_cat","embeddable":true,"href":"https:\/\/sdmetalshed.com\/de\/wp-json\/wp\/v2\/product_cat?post=536"},{"taxonomy":"product_tag","embeddable":true,"href":"https:\/\/sdmetalshed.com\/de\/wp-json\/wp\/v2\/product_tag?post=536"}],"curies":[{"name":"wp","href":"https:\/\/api.w.org\/{rel}","templated":true}]}}