{"id":552,"date":"2022-02-28T19:29:16","date_gmt":"2022-02-28T11:29:16","guid":{"rendered":"https:\/\/sdmetalshed.com\/?post_type=product&#038;p=552"},"modified":"2022-02-28T19:29:17","modified_gmt":"2022-02-28T11:29:17","slug":"ventas-calientes-6-pies-x-3-pies-horizontal-exterior-basura-contenedor-almacenamiento-cubo-basura-almacenamiento","status":"publish","type":"product","link":"https:\/\/sdmetalshed.com\/de\/product\/hot-sales-6-ft-x-3-ft-horizontal-outdoor-trash-bin-storage-shed-garbage-can-storage-shed\/","title":{"rendered":"Hot Sales 6 Fu\u00df x 3 Fu\u00df. Horizontaler M\u00fclleimer-Lagerschuppen f\u00fcr den Au\u00dfenbereich, M\u00fclleimer-Lagerschuppen"},"content":{"rendered":"","protected":false},"excerpt":{"rendered":"<p>Dieser M\u00fclleimer-Lagerschuppen f\u00fcr den Au\u00dfenbereich ist eine gro\u00dfartige, vielseitige und attraktive L\u00f6sung, um Ihren allgemeinen Lagerbedarf zu decken. Ideal f\u00fcr Terrassen, Terrassen oder Sportpl\u00e4tze. Der kosteng\u00fcnstige Outdoor-M\u00fclleimer-Lagerschuppen mit einer Gr\u00f6\u00dfe von 6 Fu\u00df x 3 Fu\u00df l\u00e4sst sich leicht aufstellen und eignet sich hervorragend als Unterbringungsort f\u00fcr Fahrr\u00e4der, M\u00fclltonnen, Terrassenausr\u00fcstung, Sportausr\u00fcstung und mehr. 2 abschlie\u00dfbare, breite Schwingt\u00fcren erm\u00f6glichen einen einfachen Zugriff auf die gelagerten Gegenst\u00e4nde. Pneumatische Hebevorrichtungen unterst\u00fctzen das \u00d6ffnen und Schlie\u00dfen des Deckels. Eine geneigte Dachkonstruktion erm\u00f6glicht das Abflie\u00dfen und Abflie\u00dfen von Wasser. Hergestellt aus langlebigen verzinkten Stahlmaterialien. Der M\u00fclleimer-Aufbewahrungsschuppen f\u00fcr den Au\u00dfenbereich in der trendigen Anthrazitfarbe ist f\u00fcr die meisten 96-Gallonen-M\u00fclleimer geeignet. M\u00fclleimer.<\/p>","protected":false},"featured_media":553,"template":"","meta":{"_kad_post_transparent":"default","_kad_post_title":"","_kad_post_layout":"default","_kad_post_sidebar_id":"","_kad_post_content_style":"default","_kad_post_vertical_padding":"default","_kad_post_feature":"","_kad_post_feature_position":"","_kad_post_header":false,"_kad_post_footer":false,"_kad_post_classname":""},"product_brand":[],"product_cat":[29,31,34],"product_tag":[141,137,140,138,139,136],"class_list":{"0":"post-552","1":"product","2":"type-product","3":"status-publish","4":"has-post-thumbnail","6":"product_cat-metal-products","7":"product_cat-storage-sheds","8":"product_cat-trash-bin-storage-sheds","9":"product_tag-garbage-can-storage-shed","10":"product_tag-garbage-metal-shed","11":"product_tag-horizontal-trash-bin-storage-shed","12":"product_tag-horizontal-trash-can","13":"product_tag-outdoor-trash-bin-storage-shed","14":"product_tag-steel-horizontal-shed","16":"first","17":"instock","18":"shipping-taxable","19":"product-type-simple","20":"entry","21":"content-bg","22":"loop-entry"},"_links":{"self":[{"href":"https:\/\/sdmetalshed.com\/de\/wp-json\/wp\/v2\/product\/552","targetHints":{"allow":["GET"]}}],"collection":[{"href":"https:\/\/sdmetalshed.com\/de\/wp-json\/wp\/v2\/product"}],"about":[{"href":"https:\/\/sdmetalshed.com\/de\/wp-json\/wp\/v2\/types\/product"}],"wp:featuredmedia":[{"embeddable":true,"href":"https:\/\/sdmetalshed.com\/de\/wp-json\/wp\/v2\/media\/553"}],"wp:attachment":[{"href":"https:\/\/sdmetalshed.com\/de\/wp-json\/wp\/v2\/media?parent=552"}],"wp:term":[{"taxonomy":"product_brand","embeddable":true,"href":"https:\/\/sdmetalshed.com\/de\/wp-json\/wp\/v2\/product_brand?post=552"},{"taxonomy":"product_cat","embeddable":true,"href":"https:\/\/sdmetalshed.com\/de\/wp-json\/wp\/v2\/product_cat?post=552"},{"taxonomy":"product_tag","embeddable":true,"href":"https:\/\/sdmetalshed.com\/de\/wp-json\/wp\/v2\/product_tag?post=552"}],"curies":[{"name":"wp","href":"https:\/\/api.w.org\/{rel}","templated":true}]}}