{"id":560,"date":"2022-02-28T19:44:07","date_gmt":"2022-02-28T11:44:07","guid":{"rendered":"https:\/\/sdmetalshed.com\/?post_type=product&#038;p=560"},"modified":"2022-03-08T16:12:03","modified_gmt":"2022-03-08T08:12:03","slug":"individuell-metallschuppen-werkzeugaufbewahrung-fur-hinterhof-und-garten-mit-abfallendem-dach-und-luftzirkulation","status":"publish","type":"product","link":"https:\/\/sdmetalshed.com\/de\/product\/custom-metal-shed-tool-storage-for-backyard-and-garden-with-sloped-roof-and-air-ventilation\/","title":{"rendered":"Ma\u00dfgeschneiderter Werkzeugschuppen aus Metall f\u00fcr Hinterhof und Garten mit geneigtem Dach und Bel\u00fcftung"},"content":{"rendered":"","protected":false},"excerpt":{"rendered":"<p>Dieser Outdoor-Metallschuppen ist eine ideale L\u00f6sung f\u00fcr Ihren Garten, ein gro\u00dfartiger Ort zum Aufbewahren von Werkzeugen, Gartenger\u00e4ten oder anderen Gegenst\u00e4nden, die Sie drau\u00dfen, aber vor Witterungseinfl\u00fcssen gesch\u00fctzt, aufbewahren m\u00f6chten. Hergestellt aus robustem, verzinktem Stahl mit 4 L\u00fcftungsschlitzen und doppelter Schiebet\u00fcr f\u00fcr Luftzirkulation, kann es \u00fcber einen langen Zeitraum verwendet werden. Die gesamte Struktur ist so gestrichen, dass sie sich in die Umgebung einf\u00fcgt. Es kann als Lagerl\u00f6sung oder als Arbeitsschuppen verwendet werden.<\/p>","protected":false},"featured_media":561,"template":"","meta":{"_kad_post_transparent":"default","_kad_post_title":"","_kad_post_layout":"default","_kad_post_sidebar_id":"","_kad_post_content_style":"default","_kad_post_vertical_padding":"default","_kad_post_feature":"","_kad_post_feature_position":"","_kad_post_header":false,"_kad_post_footer":false,"_kad_post_classname":""},"product_brand":[],"product_cat":[33,29,31],"product_tag":[130,129,99,143,142],"class_list":{"0":"post-560","1":"product","2":"type-product","3":"status-publish","4":"has-post-thumbnail","6":"product_cat-metal-garden-storage-sheds","7":"product_cat-metal-products","8":"product_cat-storage-sheds","9":"product_tag-backyard-metal-storage-shed","10":"product_tag-garden-metal-storage-shed","11":"product_tag-metal-tool-storage-shed","12":"product_tag-metal-tool-storage-shed-with-air-ventilation","13":"product_tag-metal-tool-storage-shed-with-sloped-roof","15":"first","16":"instock","17":"featured","18":"shipping-taxable","19":"product-type-simple","20":"entry","21":"content-bg","22":"loop-entry"},"_links":{"self":[{"href":"https:\/\/sdmetalshed.com\/de\/wp-json\/wp\/v2\/product\/560","targetHints":{"allow":["GET"]}}],"collection":[{"href":"https:\/\/sdmetalshed.com\/de\/wp-json\/wp\/v2\/product"}],"about":[{"href":"https:\/\/sdmetalshed.com\/de\/wp-json\/wp\/v2\/types\/product"}],"wp:featuredmedia":[{"embeddable":true,"href":"https:\/\/sdmetalshed.com\/de\/wp-json\/wp\/v2\/media\/561"}],"wp:attachment":[{"href":"https:\/\/sdmetalshed.com\/de\/wp-json\/wp\/v2\/media?parent=560"}],"wp:term":[{"taxonomy":"product_brand","embeddable":true,"href":"https:\/\/sdmetalshed.com\/de\/wp-json\/wp\/v2\/product_brand?post=560"},{"taxonomy":"product_cat","embeddable":true,"href":"https:\/\/sdmetalshed.com\/de\/wp-json\/wp\/v2\/product_cat?post=560"},{"taxonomy":"product_tag","embeddable":true,"href":"https:\/\/sdmetalshed.com\/de\/wp-json\/wp\/v2\/product_tag?post=560"}],"curies":[{"name":"wp","href":"https:\/\/api.w.org\/{rel}","templated":true}]}}