{"id":565,"date":"2022-02-28T22:39:23","date_gmt":"2022-02-28T14:39:23","guid":{"rendered":"https:\/\/sdmetalshed.com\/?post_type=product&#038;p=565"},"modified":"2022-02-28T22:39:24","modified_gmt":"2022-02-28T14:39:24","slug":"lebensdauer-hohes-giebel-stahl-ausen-lagerschuppen-mit-eingebauten-luftoffnungen","status":"publish","type":"product","link":"https:\/\/sdmetalshed.com\/de\/product\/lifetime-high-gable-steel-outdoor-storage-shed-with-built-in-air-vents\/","title":{"rendered":"Lifetime-Au\u00dfenlagerschuppen aus Stahl mit hohem Giebel und integrierten L\u00fcftungsschlitzen, 8 Fu\u00df Breite x 7 Fu\u00df H\u00f6he x 7 Fu\u00df H\u00f6he."},"content":{"rendered":"","protected":false},"excerpt":{"rendered":"<p>Wir stellen den Lagerschuppen f\u00fcr den Au\u00dfenbereich mit integrierten L\u00fcftungsschlitzen aus einer Fabrik in China vor \u2013 einen Schuppen, der in der H\u00e4lfte der Zeit aufgebaut werden kann. Der Lagerschuppen f\u00fcr den Au\u00dfenbereich mit integrierten L\u00fcftungsschlitzen ist ein Schuppen aus verzinktem Stahl, der langlebig und langlebig ist. Es verf\u00fcgt \u00fcber das revolution\u00e4re Snap-IT-Schnellmontagesystem, das die Montagezeit im Vergleich zu den meisten Stahlschuppen auf dem heutigen Markt um 50 % verk\u00fcrzt. Der Lagerschuppen f\u00fcr den Au\u00dfenbereich mit integrierten L\u00fcftungsschlitzen verf\u00fcgt \u00fcber eine geringere Anzahl an Befestigungselementen an W\u00e4nden, Dach und T\u00fcren und es gibt keine schwierigeren Muttern-\/Schraubenverbindungen mehr \u2013 so ist die Montage schneller und einfacher. Der Lagerschuppen f\u00fcr den Au\u00dfenbereich mit integrierten L\u00fcftungsschlitzen verf\u00fcgt \u00fcber eine Konstruktion, die 2x st\u00e4rker ist als die f\u00fchrenden Stahlschuppen auf dem Markt. Seine einzigartige Paneelgeometrie ist sto\u00dffester und mit seinen \u00fcberlappenden Paneelen, die alle 12 Zoll verbunden sind, sorgt es f\u00fcr ein st\u00e4rkeres Gesamtgeb\u00e4udedesign. Der Au\u00dfenlagerschuppen mit integrierten L\u00fcftungsschlitzen verf\u00fcgt au\u00dferdem \u00fcber eine verbesserte Dachmontage, die eine Bodenmontage des Daches f\u00fcr eine einfachere und schnellere Dachmontage erm\u00f6glicht. Der Lagerschuppen f\u00fcr den Au\u00dfenbereich mit integrierten L\u00fcftungsschlitzen ist nicht nur robuster und l\u00e4sst sich schneller zusammenbauen, sondern ist auch eine modernere und attraktivere Variante von Lagerschuppen f\u00fcr den Au\u00dfenbereich. Der Lagerschuppen f\u00fcr den Au\u00dfenbereich mit integrierten L\u00fcftungsschlitzen ist in einer aktualisierten Farbpalette erh\u00e4ltlich, die ihn zu einer modernen und stilvollen Aufbewahrungsl\u00f6sung f\u00fcr Hinterhof-, Terrassen- und Gartenbereiche macht. Der Lagerschuppen f\u00fcr den Au\u00dfenbereich mit integrierten L\u00fcftungsschlitzen sieht nicht nur besser aus; es bietet auch besseren Stauraum.<\/p>","protected":false},"featured_media":566,"template":"","meta":{"_kad_post_transparent":"default","_kad_post_title":"","_kad_post_layout":"default","_kad_post_sidebar_id":"","_kad_post_content_style":"default","_kad_post_vertical_padding":"default","_kad_post_feature":"","_kad_post_feature_position":"","_kad_post_header":false,"_kad_post_footer":false,"_kad_post_classname":""},"product_brand":[],"product_cat":[33,29,31],"product_tag":[146,144,122,147,149,148,145],"class_list":{"0":"post-565","1":"product","2":"type-product","3":"status-publish","4":"has-post-thumbnail","6":"product_cat-metal-garden-storage-sheds","7":"product_cat-metal-products","8":"product_cat-storage-sheds","9":"product_tag-galvanized-steel-high-gable-shed","10":"product_tag-high-gable-steel-storage-shed","11":"product_tag-lifetime-outdoor-storage-shed","12":"product_tag-lifetime-storage-shed","13":"product_tag-outdoor-storage-shed-with-air-vents","14":"product_tag-outdoor-storage-shed-with-built-in-air-vents","15":"product_tag-storage-shed-with-high-gable","17":"first","18":"instock","19":"shipping-taxable","20":"product-type-simple","21":"entry","22":"content-bg","23":"loop-entry"},"_links":{"self":[{"href":"https:\/\/sdmetalshed.com\/de\/wp-json\/wp\/v2\/product\/565","targetHints":{"allow":["GET"]}}],"collection":[{"href":"https:\/\/sdmetalshed.com\/de\/wp-json\/wp\/v2\/product"}],"about":[{"href":"https:\/\/sdmetalshed.com\/de\/wp-json\/wp\/v2\/types\/product"}],"wp:featuredmedia":[{"embeddable":true,"href":"https:\/\/sdmetalshed.com\/de\/wp-json\/wp\/v2\/media\/566"}],"wp:attachment":[{"href":"https:\/\/sdmetalshed.com\/de\/wp-json\/wp\/v2\/media?parent=565"}],"wp:term":[{"taxonomy":"product_brand","embeddable":true,"href":"https:\/\/sdmetalshed.com\/de\/wp-json\/wp\/v2\/product_brand?post=565"},{"taxonomy":"product_cat","embeddable":true,"href":"https:\/\/sdmetalshed.com\/de\/wp-json\/wp\/v2\/product_cat?post=565"},{"taxonomy":"product_tag","embeddable":true,"href":"https:\/\/sdmetalshed.com\/de\/wp-json\/wp\/v2\/product_tag?post=565"}],"curies":[{"name":"wp","href":"https:\/\/api.w.org\/{rel}","templated":true}]}}