{"id":573,"date":"2022-02-28T22:59:24","date_gmt":"2022-02-28T14:59:24","guid":{"rendered":"https:\/\/sdmetalshed.com\/?post_type=product&#038;p=573"},"modified":"2022-02-28T22:59:24","modified_gmt":"2022-02-28T14:59:24","slug":"bester-mehrzweck-outdoor-metall-horizontales-fahrrad-lagerschuppen-in-dunkelgrauer-farbe","status":"publish","type":"product","link":"https:\/\/sdmetalshed.com\/de\/product\/best-multi-use-outdoor-metal-horizontal-bike-storage-shed-in-dark-grey-color\/","title":{"rendered":"Bester Mehrzweck-Horizontal-Fahrradschuppen aus Metall f\u00fcr den Au\u00dfenbereich in dunkelgrauer Farbe"},"content":{"rendered":"","protected":false},"excerpt":{"rendered":"<p>Halten Sie alles organisiert mit diesem praktischen 2-in-1-Mehrzweck-Lagerschuppen aus der Fabrik in China. Unser 2-in-1-Wunder umfasst 2 separate, gesicherte Lagerbereiche in einer Einheit. Die Pultdachkonstruktion erm\u00f6glicht einen effizienten Wasserabfluss, um alles trocken zu halten. Der vordere Stauraum verf\u00fcgt \u00fcber aufklappbare Doppelt\u00fcren f\u00fcr einfachen Zugang und ist mit einem Griffschloss und einem Schl\u00fcssel gesichert. Der seitliche Stauraum verf\u00fcgt \u00fcber eine aufklappbare Einzelt\u00fcr, die ebenfalls mit einem Griffschloss und einem Schl\u00fcssel gesichert ist. Dieser stilvolle Schuppen ist robust und langlebig und besteht aus pulverbeschichtetem, verzinktem Stahl, der best\u00e4ndig gegen Rost, Korrosion und UV-Strahlen ist.<\/p>","protected":false},"featured_media":574,"template":"","meta":{"_kad_post_transparent":"default","_kad_post_title":"","_kad_post_layout":"default","_kad_post_sidebar_id":"","_kad_post_content_style":"default","_kad_post_vertical_padding":"default","_kad_post_feature":"","_kad_post_feature_position":"","_kad_post_header":false,"_kad_post_footer":false,"_kad_post_classname":""},"product_brand":[],"product_cat":[36,29,31],"product_tag":[151,153,154,150,152],"class_list":{"0":"post-573","1":"product","2":"type-product","3":"status-publish","4":"has-post-thumbnail","6":"product_cat-metal-bicycle-storage-cabinet-locker","7":"product_cat-metal-products","8":"product_cat-storage-sheds","9":"product_tag-bike-storage-shed","10":"product_tag-horizontal-bike-storage-shed","11":"product_tag-metal-bike-storage-shed","12":"product_tag-multi-use-outdoor-storage-shed","13":"product_tag-outdoor-bike-storage-shed","15":"first","16":"instock","17":"shipping-taxable","18":"product-type-simple","19":"entry","20":"content-bg","21":"loop-entry"},"_links":{"self":[{"href":"https:\/\/sdmetalshed.com\/de\/wp-json\/wp\/v2\/product\/573","targetHints":{"allow":["GET"]}}],"collection":[{"href":"https:\/\/sdmetalshed.com\/de\/wp-json\/wp\/v2\/product"}],"about":[{"href":"https:\/\/sdmetalshed.com\/de\/wp-json\/wp\/v2\/types\/product"}],"wp:featuredmedia":[{"embeddable":true,"href":"https:\/\/sdmetalshed.com\/de\/wp-json\/wp\/v2\/media\/574"}],"wp:attachment":[{"href":"https:\/\/sdmetalshed.com\/de\/wp-json\/wp\/v2\/media?parent=573"}],"wp:term":[{"taxonomy":"product_brand","embeddable":true,"href":"https:\/\/sdmetalshed.com\/de\/wp-json\/wp\/v2\/product_brand?post=573"},{"taxonomy":"product_cat","embeddable":true,"href":"https:\/\/sdmetalshed.com\/de\/wp-json\/wp\/v2\/product_cat?post=573"},{"taxonomy":"product_tag","embeddable":true,"href":"https:\/\/sdmetalshed.com\/de\/wp-json\/wp\/v2\/product_tag?post=573"}],"curies":[{"name":"wp","href":"https:\/\/api.w.org\/{rel}","templated":true}]}}