{"id":586,"date":"2022-03-01T12:23:46","date_gmt":"2022-03-01T04:23:46","guid":{"rendered":"https:\/\/sdmetalshed.com\/?post_type=product&#038;p=586"},"modified":"2022-03-01T12:23:46","modified_gmt":"2022-03-01T04:23:46","slug":"ironwood-metall-hybrid-schuppen-bausatz-fur-garten-hinterhof-werkzeugaufbewahrung","status":"publish","type":"product","link":"https:\/\/sdmetalshed.com\/de\/product\/ironwood-metal-hybrid-shed-kit-for-garden-backyard-tool-storage\/","title":{"rendered":"Ironwood Metall-Hybrid-Schuppen-Set f\u00fcr die Aufbewahrung von Garten- und Hinterhofwerkzeugen in 10 Fu\u00df x 8 Fu\u00df."},"content":{"rendered":"","protected":false},"excerpt":{"rendered":"<p>Mit dem Ironwood-Schuppenbausatz erhalten Sie nahezu alles, was Sie zum Bau Ihres eigenen Schuppens nach Ihren Vorgaben ben\u00f6tigen. Mit diesem Hybridschuppen aus Stahl und Holzplatten erhalten Sie das tolle Aussehen und die Haptik eines Holzschuppens zu einem g\u00fcnstigeren Preis. Dieses Kit enth\u00e4lt alle Stahlkomponenten, die Sie zum Bau Ihres eigenen Schuppens ben\u00f6tigen. Sie m\u00fcssen lediglich die Holzverkleidung kaufen, die Ihren Anforderungen am besten entspricht (Holzverkleidung ist separat erh\u00e4ltlich). Dann beizen und behandeln Sie Ihr Holz und w\u00e4hlen Sie das Design Ihres Schuppens (vertikal oder horizontal). Ihr Schuppenbausatz enth\u00e4lt Ganzstahlteile dort, wo Sie sie in Ihrem Schuppen am meisten ben\u00f6tigen. Es verf\u00fcgt \u00fcber St\u00fctzbalken aus verzinktem Stahl f\u00fcr verbesserte Korrosionsbest\u00e4ndigkeit und Festigkeit. Der Hochgiebelschuppen bietet ausreichend Lagerh\u00f6he, sodass Sie gro\u00dfe Gegenst\u00e4nde lagern k\u00f6nnen und einen einfachen Zugang erm\u00f6glichen. Abschlie\u00dfbare Schiebet\u00fcren sch\u00fctzen Ihre Gegenst\u00e4nde. Holen Sie sich noch heute ein tolles, erschwingliches Schuppen-Set.<\/p>","protected":false},"featured_media":587,"template":"","meta":{"_kad_post_transparent":"default","_kad_post_title":"","_kad_post_layout":"default","_kad_post_sidebar_id":"","_kad_post_content_style":"default","_kad_post_vertical_padding":"default","_kad_post_feature":"","_kad_post_feature_position":"","_kad_post_header":false,"_kad_post_footer":false,"_kad_post_classname":""},"product_brand":[],"product_cat":[33,29,31],"product_tag":[160,159,158],"class_list":{"0":"post-586","1":"product","2":"type-product","3":"status-publish","4":"has-post-thumbnail","6":"product_cat-metal-garden-storage-sheds","7":"product_cat-metal-products","8":"product_cat-storage-sheds","9":"product_tag-backyard-tool-storage-shed-kit","10":"product_tag-garden-tool-storage-shed-kit","11":"product_tag-ironwood-metal-hybrid-shed-kit","13":"first","14":"instock","15":"shipping-taxable","16":"product-type-simple","17":"entry","18":"content-bg","19":"loop-entry"},"_links":{"self":[{"href":"https:\/\/sdmetalshed.com\/de\/wp-json\/wp\/v2\/product\/586","targetHints":{"allow":["GET"]}}],"collection":[{"href":"https:\/\/sdmetalshed.com\/de\/wp-json\/wp\/v2\/product"}],"about":[{"href":"https:\/\/sdmetalshed.com\/de\/wp-json\/wp\/v2\/types\/product"}],"wp:featuredmedia":[{"embeddable":true,"href":"https:\/\/sdmetalshed.com\/de\/wp-json\/wp\/v2\/media\/587"}],"wp:attachment":[{"href":"https:\/\/sdmetalshed.com\/de\/wp-json\/wp\/v2\/media?parent=586"}],"wp:term":[{"taxonomy":"product_brand","embeddable":true,"href":"https:\/\/sdmetalshed.com\/de\/wp-json\/wp\/v2\/product_brand?post=586"},{"taxonomy":"product_cat","embeddable":true,"href":"https:\/\/sdmetalshed.com\/de\/wp-json\/wp\/v2\/product_cat?post=586"},{"taxonomy":"product_tag","embeddable":true,"href":"https:\/\/sdmetalshed.com\/de\/wp-json\/wp\/v2\/product_tag?post=586"}],"curies":[{"name":"wp","href":"https:\/\/api.w.org\/{rel}","templated":true}]}}