{"id":594,"date":"2022-03-01T13:49:18","date_gmt":"2022-03-01T05:49:18","guid":{"rendered":"https:\/\/sdmetalshed.com\/?post_type=product&#038;p=594"},"modified":"2022-03-01T13:49:18","modified_gmt":"2022-03-01T05:49:18","slug":"moderner-outdoor-metall-garten-patio-hinterhof-lagerschuppen","status":"publish","type":"product","link":"https:\/\/sdmetalshed.com\/de\/product\/modern-outdoor-metal-garden-patio-backyard-storage-shed\/","title":{"rendered":"Moderner Lagerschuppen aus Metall f\u00fcr den Au\u00dfenbereich, f\u00fcr den Garten, die Terrasse, den Hinterhof, 5,9 Fu\u00df x 3,2 Fu\u00df x 2,7 Fu\u00df."},"content":{"rendered":"","protected":false},"excerpt":{"rendered":"<p>Bewahren und sch\u00fctzen Sie Ihre Gartenvorr\u00e4te in diesem robusten und langlebigen Terrassenschuppen mit diesem modernen Metallschuppen f\u00fcr den Au\u00dfenbereich. Mit einer Innengrundfl\u00e4che von 6 Quadratfu\u00df besteht dieser kompakte Schuppen aus pulverbeschichtetem, verzinktem Stahl, der best\u00e4ndig gegen Rost, Korrosion und UV-Strahlen ist. 2 Werkzeugregale bieten erh\u00f6hte Aufbewahrungsm\u00f6glichkeiten, um den Platz zu maximieren. Die einzelne T\u00fcr mit Scharnier l\u00e4sst sich vollst\u00e4ndig \u00f6ffnen, um einen einfachen Zugang zu erm\u00f6glichen, und ist mit einem Drehschloss und einem Schl\u00fcssel gesichert. F\u00fcr alle Ihre Aufbewahrungsbed\u00fcrfnisse im Freien.<\/p>","protected":false},"featured_media":595,"template":"","meta":{"_kad_post_transparent":"default","_kad_post_title":"","_kad_post_layout":"default","_kad_post_sidebar_id":"","_kad_post_content_style":"default","_kad_post_vertical_padding":"default","_kad_post_feature":"","_kad_post_feature_position":"","_kad_post_header":false,"_kad_post_footer":false,"_kad_post_classname":""},"product_brand":[],"product_cat":[33,29,31],"product_tag":[164,162,163,161,104],"class_list":{"0":"post-594","1":"product","2":"type-product","3":"status-publish","4":"has-post-thumbnail","6":"product_cat-metal-garden-storage-sheds","7":"product_cat-metal-products","8":"product_cat-storage-sheds","9":"product_tag-metal-backyard-storage-shed","10":"product_tag-metal-garden-storage-shed","11":"product_tag-metal-patio-storage-shed","12":"product_tag-modern-outdoor-storage-shed","13":"product_tag-outdoor-metal-storage-shed","15":"first","16":"instock","17":"shipping-taxable","18":"product-type-simple","19":"entry","20":"content-bg","21":"loop-entry"},"_links":{"self":[{"href":"https:\/\/sdmetalshed.com\/de\/wp-json\/wp\/v2\/product\/594","targetHints":{"allow":["GET"]}}],"collection":[{"href":"https:\/\/sdmetalshed.com\/de\/wp-json\/wp\/v2\/product"}],"about":[{"href":"https:\/\/sdmetalshed.com\/de\/wp-json\/wp\/v2\/types\/product"}],"wp:featuredmedia":[{"embeddable":true,"href":"https:\/\/sdmetalshed.com\/de\/wp-json\/wp\/v2\/media\/595"}],"wp:attachment":[{"href":"https:\/\/sdmetalshed.com\/de\/wp-json\/wp\/v2\/media?parent=594"}],"wp:term":[{"taxonomy":"product_brand","embeddable":true,"href":"https:\/\/sdmetalshed.com\/de\/wp-json\/wp\/v2\/product_brand?post=594"},{"taxonomy":"product_cat","embeddable":true,"href":"https:\/\/sdmetalshed.com\/de\/wp-json\/wp\/v2\/product_cat?post=594"},{"taxonomy":"product_tag","embeddable":true,"href":"https:\/\/sdmetalshed.com\/de\/wp-json\/wp\/v2\/product_tag?post=594"}],"curies":[{"name":"wp","href":"https:\/\/api.w.org\/{rel}","templated":true}]}}