{"id":616,"date":"2022-03-01T21:25:59","date_gmt":"2022-03-01T13:25:59","guid":{"rendered":"https:\/\/sdmetalshed.com\/?post_type=product&#038;p=616"},"modified":"2022-03-01T21:26:00","modified_gmt":"2022-03-01T13:26:00","slug":"custom-double-door-metal-yard-saver-white-galvanized-metal-storage-shed","status":"publish","type":"product","link":"https:\/\/sdmetalshed.com\/de\/product\/custom-double-door-metal-yard-saver-white-galvanized-metal-storage-shed\/","title":{"rendered":"Ma\u00dfgeschneiderte-Doppelt\u00fcr-Metall-Yard-Saver-Wei\u00df-Galvanisiertes-Metall-Lagerschuppen-4-ft.-x-7-ft."},"content":{"rendered":"","protected":false},"excerpt":{"rendered":"<p>Dank des geneigten Dachs und der angebauten Bauweise k\u00f6nnen Sie diesen Gartenschuppen aus Metall an eine andere Struktur anschlie\u00dfen und so eine maximale Raumeffizienz erzielen. Der Eingangsbereich mit Doppelt\u00fcr kann an beiden Enden ganz nach Ihren Bed\u00fcrfnissen zusammengebaut werden und der Grundriss von 4 Fu\u00df x 7 Fu\u00df bietet 154 Kubikmeter. 2,5 m Stauraum zur Aufbewahrung von Fahrr\u00e4dern, Terrassenm\u00f6beln, Grillger\u00e4ten, Werkzeugen, Rasen- und Gartenbedarf, Schwimmbadzubeh\u00f6r, M\u00fclleimern und mehr. Dieses bodenlose Lagergeb\u00e4ude besteht aus verzinktem Stahl und ist an seiner h\u00f6chsten Stelle 82 Zoll hoch und bietet reichlich Kopffreiheit f\u00fcr Man\u00f6vrierf\u00e4higkeit.<\/p>","protected":false},"featured_media":617,"template":"","meta":{"_kad_post_transparent":"default","_kad_post_title":"","_kad_post_layout":"default","_kad_post_sidebar_id":"","_kad_post_content_style":"default","_kad_post_vertical_padding":"default","_kad_post_feature":"","_kad_post_feature_position":"","_kad_post_header":false,"_kad_post_footer":false,"_kad_post_classname":""},"product_brand":[],"product_cat":[33,29,31],"product_tag":[175,172,171,174,169,173],"class_list":{"0":"post-616","1":"product","2":"type-product","3":"status-publish","4":"has-post-thumbnail","6":"product_cat-metal-garden-storage-sheds","7":"product_cat-metal-products","8":"product_cat-storage-sheds","9":"product_tag-custom-metal-storage-shed","10":"product_tag-double-door-metal-storage-shed","11":"product_tag-double-door-metal-yard-saver","12":"product_tag-galvanized-metal-storage-shed","13":"product_tag-metal-storage-shed","14":"product_tag-metal-yard-saver","16":"first","17":"instock","18":"shipping-taxable","19":"product-type-simple","20":"entry","21":"content-bg","22":"loop-entry"},"_links":{"self":[{"href":"https:\/\/sdmetalshed.com\/de\/wp-json\/wp\/v2\/product\/616","targetHints":{"allow":["GET"]}}],"collection":[{"href":"https:\/\/sdmetalshed.com\/de\/wp-json\/wp\/v2\/product"}],"about":[{"href":"https:\/\/sdmetalshed.com\/de\/wp-json\/wp\/v2\/types\/product"}],"wp:featuredmedia":[{"embeddable":true,"href":"https:\/\/sdmetalshed.com\/de\/wp-json\/wp\/v2\/media\/617"}],"wp:attachment":[{"href":"https:\/\/sdmetalshed.com\/de\/wp-json\/wp\/v2\/media?parent=616"}],"wp:term":[{"taxonomy":"product_brand","embeddable":true,"href":"https:\/\/sdmetalshed.com\/de\/wp-json\/wp\/v2\/product_brand?post=616"},{"taxonomy":"product_cat","embeddable":true,"href":"https:\/\/sdmetalshed.com\/de\/wp-json\/wp\/v2\/product_cat?post=616"},{"taxonomy":"product_tag","embeddable":true,"href":"https:\/\/sdmetalshed.com\/de\/wp-json\/wp\/v2\/product_tag?post=616"}],"curies":[{"name":"wp","href":"https:\/\/api.w.org\/{rel}","templated":true}]}}