{"id":623,"date":"2022-03-01T21:51:26","date_gmt":"2022-03-01T13:51:26","guid":{"rendered":"https:\/\/sdmetalshed.com\/?post_type=product&#038;p=623"},"modified":"2022-03-01T21:51:26","modified_gmt":"2022-03-01T13:51:26","slug":"braun-metall-ausen-garten-patio-werkzeug-lagerschuppen-mit-beluftung-und-verschliesbarer-tur","status":"publish","type":"product","link":"https:\/\/sdmetalshed.com\/de\/product\/brown-metal-outdoor-garden-patio-tool-storage-shed-with-vents-and-lockable-door\/","title":{"rendered":"Brauner Ger\u00e4teschuppen aus Metall f\u00fcr den Au\u00dfenbereich, Garten und Terrasse, mit L\u00fcftungsschlitzen und abschlie\u00dfbarer T\u00fcr"},"content":{"rendered":"","protected":false},"excerpt":{"rendered":"<p>Wenn Sie nach einem zus\u00e4tzlichen Stauraum f\u00fcr Ihr Zuhause suchen, ist dieser Metallschuppen eine gute Wahl. Mit einer Fl\u00e4che von 44 Quadratfu\u00df eignet sich dieser Gartenschuppen sowohl zur einfachen Aufbewahrung Ihrer Gartenvorr\u00e4te als auch als M\u00fclllagerplatz. Es ist auch eine gute Option, ein Haustierhaus mit ger\u00e4umigem Raum zu haben. Im Paket ist auch ein Fundament enthalten, damit Sie Ihre eigene Au\u00dfenlagerung einfacher gestalten k\u00f6nnen.<\/p>","protected":false},"featured_media":624,"template":"","meta":{"_kad_post_transparent":"default","_kad_post_title":"","_kad_post_layout":"default","_kad_post_sidebar_id":"","_kad_post_content_style":"default","_kad_post_vertical_padding":"default","_kad_post_feature":"","_kad_post_feature_position":"","_kad_post_header":false,"_kad_post_footer":false,"_kad_post_classname":""},"product_brand":[],"product_cat":[33,29,31],"product_tag":[176,62,178,177,119,100],"class_list":{"0":"post-623","1":"product","2":"type-product","3":"status-publish","4":"has-post-thumbnail","6":"product_cat-metal-garden-storage-sheds","7":"product_cat-metal-products","8":"product_cat-storage-sheds","9":"product_tag-brown-metal-outdoor-storage-shed","10":"product_tag-garden-tool-storage-shed","11":"product_tag-metal-storage-shed-with-lockable-door","12":"product_tag-metal-storage-shed-with-vents","13":"product_tag-outdoor-storage-shed","14":"product_tag-outdoor-tool-storage-shed","16":"first","17":"instock","18":"shipping-taxable","19":"product-type-simple","20":"entry","21":"content-bg","22":"loop-entry"},"_links":{"self":[{"href":"https:\/\/sdmetalshed.com\/de\/wp-json\/wp\/v2\/product\/623","targetHints":{"allow":["GET"]}}],"collection":[{"href":"https:\/\/sdmetalshed.com\/de\/wp-json\/wp\/v2\/product"}],"about":[{"href":"https:\/\/sdmetalshed.com\/de\/wp-json\/wp\/v2\/types\/product"}],"wp:featuredmedia":[{"embeddable":true,"href":"https:\/\/sdmetalshed.com\/de\/wp-json\/wp\/v2\/media\/624"}],"wp:attachment":[{"href":"https:\/\/sdmetalshed.com\/de\/wp-json\/wp\/v2\/media?parent=623"}],"wp:term":[{"taxonomy":"product_brand","embeddable":true,"href":"https:\/\/sdmetalshed.com\/de\/wp-json\/wp\/v2\/product_brand?post=623"},{"taxonomy":"product_cat","embeddable":true,"href":"https:\/\/sdmetalshed.com\/de\/wp-json\/wp\/v2\/product_cat?post=623"},{"taxonomy":"product_tag","embeddable":true,"href":"https:\/\/sdmetalshed.com\/de\/wp-json\/wp\/v2\/product_tag?post=623"}],"curies":[{"name":"wp","href":"https:\/\/api.w.org\/{rel}","templated":true}]}}