{"id":631,"date":"2022-03-01T22:34:17","date_gmt":"2022-03-01T14:34:17","guid":{"rendered":"https:\/\/sdmetalshed.com\/?post_type=product&#038;p=631"},"modified":"2022-03-01T22:34:17","modified_gmt":"2022-03-01T14:34:17","slug":"dunkelgrau-metall-outdoor-lagerschuppen-patio-garten-gebaude-mit-verschliesbarer-tur","status":"publish","type":"product","link":"https:\/\/sdmetalshed.com\/de\/product\/dark-gray-outdoor-metal-storage-shed-patio-garden-building-with-lockable-door\/","title":{"rendered":"Dunkelgrauer Lagerschuppen aus Metall f\u00fcr den Au\u00dfenbereich, Terrassen- und Gartengeb\u00e4ude mit abschlie\u00dfbarer T\u00fcr"},"content":{"rendered":"","protected":false},"excerpt":{"rendered":"<p>Sind Sie immer noch besorgt dar\u00fcber, wie Sie Ihre Outdoor-Werkzeuge organisieren sollen? Dieses Lagerhaus aus Metall mit Doppelschiebet\u00fcr bietet Ihnen eine kreative Aufbewahrungsl\u00f6sung f\u00fcr den Au\u00dfenbereich. Dieser Schuppen-Organizer besteht aus einer Kombination aus wasser- und UV-best\u00e4ndigem verzinktem Blech und farbigem Stahl und ist langlebig und robust genug, um extremen Bedingungen standzuhalten. Ein Schr\u00e4gdach verhindert, dass sich Regen ansammelt. 2 Bel\u00fcftungs\u00f6ffnungen sorgen f\u00fcr Luftzirkulation und Licht, wodurch es feuchtigkeitsbest\u00e4ndig und korrosionsbest\u00e4ndig ist. Nachdem Sie den Rasen gem\u00e4ht, den Pool gereinigt oder eine Radtour unternommen haben, m\u00fcssen Sie nur noch den Rasenm\u00e4her, die Poolreinigungsausr\u00fcstung und das Fahrrad in den Au\u00dfenschuppen stellen, die abschlie\u00dfbaren T\u00fcren verschlossen halten und unbesorgt Ihrer Arbeit nachgehen gestohlen oder zerst\u00f6rt zu werden. Suchen Sie nicht weiter als nach diesem wetterfesten Gartenschuppen f\u00fcr den Au\u00dfenbereich, der Ihren Garten, Ihre Terrasse und Ihren Rasen in perfekter Ordnung bringt.<\/p>","protected":false},"featured_media":632,"template":"","meta":{"_kad_post_transparent":"default","_kad_post_title":"","_kad_post_layout":"default","_kad_post_sidebar_id":"","_kad_post_content_style":"default","_kad_post_vertical_padding":"default","_kad_post_feature":"","_kad_post_feature_position":"","_kad_post_header":false,"_kad_post_footer":false,"_kad_post_classname":""},"product_brand":[],"product_cat":[33,29,31],"product_tag":[182,104,180,179,181],"class_list":{"0":"post-631","1":"product","2":"type-product","3":"status-publish","4":"has-post-thumbnail","6":"product_cat-metal-garden-storage-sheds","7":"product_cat-metal-products","8":"product_cat-storage-sheds","9":"product_tag-outdoor-metal-patio-storage-shed","10":"product_tag-outdoor-metal-storage-shed","11":"product_tag-outdoor-metal-storage-shed-with-lockable-door","12":"product_tag-outdoor-storage-garden-building","13":"product_tag-outdoor-storage-garden-building-with-lockable-door","15":"first","16":"instock","17":"shipping-taxable","18":"product-type-simple","19":"entry","20":"content-bg","21":"loop-entry"},"_links":{"self":[{"href":"https:\/\/sdmetalshed.com\/de\/wp-json\/wp\/v2\/product\/631","targetHints":{"allow":["GET"]}}],"collection":[{"href":"https:\/\/sdmetalshed.com\/de\/wp-json\/wp\/v2\/product"}],"about":[{"href":"https:\/\/sdmetalshed.com\/de\/wp-json\/wp\/v2\/types\/product"}],"wp:featuredmedia":[{"embeddable":true,"href":"https:\/\/sdmetalshed.com\/de\/wp-json\/wp\/v2\/media\/632"}],"wp:attachment":[{"href":"https:\/\/sdmetalshed.com\/de\/wp-json\/wp\/v2\/media?parent=631"}],"wp:term":[{"taxonomy":"product_brand","embeddable":true,"href":"https:\/\/sdmetalshed.com\/de\/wp-json\/wp\/v2\/product_brand?post=631"},{"taxonomy":"product_cat","embeddable":true,"href":"https:\/\/sdmetalshed.com\/de\/wp-json\/wp\/v2\/product_cat?post=631"},{"taxonomy":"product_tag","embeddable":true,"href":"https:\/\/sdmetalshed.com\/de\/wp-json\/wp\/v2\/product_tag?post=631"}],"curies":[{"name":"wp","href":"https:\/\/api.w.org\/{rel}","templated":true}]}}