{"id":644,"date":"2022-03-07T16:56:21","date_gmt":"2022-03-07T08:56:21","guid":{"rendered":"https:\/\/sdmetalshed.com\/?post_type=product&#038;p=644"},"modified":"2022-03-07T16:56:22","modified_gmt":"2022-03-07T08:56:22","slug":"verzinkter-metall-schuppen-mit-verschliesbaren-turen-werkzeuglager-gartenschuppen-fur-patio-rasen-hinterhof-mulltonnen","status":"publish","type":"product","link":"https:\/\/sdmetalshed.com\/de\/product\/galvanized-metal-shed-with-lockable-doors-tool-storage-garden-shed-for-patio-lawn-backyard-trash-cans\/","title":{"rendered":"Verzinkter Metallschuppen mit abschlie\u00dfbaren T\u00fcren, Werkzeugaufbewahrung, Gartenschuppen f\u00fcr Terrasse, Rasen, Hinterhof, M\u00fclleimer"},"content":{"rendered":"","protected":false},"excerpt":{"rendered":"<p>Dieser 5 Fu\u00df x 3 Fu\u00df gro\u00dfe Gartenschuppen ist die ideale Lagerl\u00f6sung f\u00fcr kleine G\u00e4rten oder Bereiche mit begrenztem Platzangebot. Er hat die perfekte Gr\u00f6\u00dfe f\u00fcr die Aufbewahrung von Fahrr\u00e4dern, Rasenm\u00e4hern, Grills und Gartenger\u00e4ten. Wie alle unsere Stahlschuppen besteht diese kompakte Einheit aus verzinkten Stahlblechen und Aluminiumrahmen sui generis, verzinktem Stahl, der best\u00e4ndig gegen Rost, Korrosion und UV-Strahlen ist. Die schr\u00e4ge Dachkonstruktion erm\u00f6glicht einen effizienten Wasser- und Schneeabfluss, sodass alles das ganze Jahr \u00fcber sch\u00f6n und trocken bleibt.<\/p>","protected":false},"featured_media":645,"template":"","meta":{"_kad_post_transparent":"default","_kad_post_title":"","_kad_post_layout":"default","_kad_post_sidebar_id":"","_kad_post_content_style":"default","_kad_post_vertical_padding":"default","_kad_post_feature":"","_kad_post_feature_position":"","_kad_post_header":false,"_kad_post_footer":false,"_kad_post_classname":""},"product_brand":[],"product_cat":[33,29,31],"product_tag":[101,186,189,188,187,190],"class_list":{"0":"post-644","1":"product","2":"type-product","3":"status-publish","4":"has-post-thumbnail","6":"product_cat-metal-garden-storage-sheds","7":"product_cat-metal-products","8":"product_cat-storage-sheds","9":"product_tag-backyard-tool-storage-shed","10":"product_tag-galvanized-metal-shed-with-lockable-doors","11":"product_tag-lawn-tool-storage-shed","12":"product_tag-patio-tool-storage-shed","13":"product_tag-tool-storage-garden-shed","14":"product_tag-trash-cans-storage-shed","16":"first","17":"instock","18":"shipping-taxable","19":"product-type-simple","20":"entry","21":"content-bg","22":"loop-entry"},"_links":{"self":[{"href":"https:\/\/sdmetalshed.com\/de\/wp-json\/wp\/v2\/product\/644","targetHints":{"allow":["GET"]}}],"collection":[{"href":"https:\/\/sdmetalshed.com\/de\/wp-json\/wp\/v2\/product"}],"about":[{"href":"https:\/\/sdmetalshed.com\/de\/wp-json\/wp\/v2\/types\/product"}],"wp:featuredmedia":[{"embeddable":true,"href":"https:\/\/sdmetalshed.com\/de\/wp-json\/wp\/v2\/media\/645"}],"wp:attachment":[{"href":"https:\/\/sdmetalshed.com\/de\/wp-json\/wp\/v2\/media?parent=644"}],"wp:term":[{"taxonomy":"product_brand","embeddable":true,"href":"https:\/\/sdmetalshed.com\/de\/wp-json\/wp\/v2\/product_brand?post=644"},{"taxonomy":"product_cat","embeddable":true,"href":"https:\/\/sdmetalshed.com\/de\/wp-json\/wp\/v2\/product_cat?post=644"},{"taxonomy":"product_tag","embeddable":true,"href":"https:\/\/sdmetalshed.com\/de\/wp-json\/wp\/v2\/product_tag?post=644"}],"curies":[{"name":"wp","href":"https:\/\/api.w.org\/{rel}","templated":true}]}}