{"id":649,"date":"2022-03-07T19:14:40","date_gmt":"2022-03-07T11:14:40","guid":{"rendered":"https:\/\/sdmetalshed.com\/?post_type=product&#038;p=649"},"modified":"2022-03-07T19:14:41","modified_gmt":"2022-03-07T11:14:41","slug":"verzinkter-stahl-groser-raum-langes-metall-garten-werkzeug-lagerschuppen-in-gruner-farbe","status":"publish","type":"product","link":"https:\/\/sdmetalshed.com\/de\/product\/galvanized-steel-large-space-long-metal-garden-tool-storage-shed-in-green-color\/","title":{"rendered":"Gro\u00dfer, ger\u00e4umiger, langer Ger\u00e4teschuppen aus verzinktem Stahl aus Metall in gr\u00fcner Farbe"},"content":{"rendered":"","protected":false},"excerpt":{"rendered":"<p>Dieser Gartenschuppen aus verzinktem Stahl eignet sich perfekt f\u00fcr die Aufbewahrung einer Vielzahl von Werkzeugen, Gartenm\u00f6beln und Gartenger\u00e4ten. Das Gartenhaus bietet nicht nur Schutz vor Schmutz und Staub, sondern auch vor Wind und Wetter.<br \/>\nDieses Lagerhaus verf\u00fcgt \u00fcber L\u00fcftungsschlitze, die eine hervorragende Bel\u00fcftung gew\u00e4hrleisten. Seine doppelten Schiebet\u00fcren an der Vorderseite erm\u00f6glichen einen einfachen Ein- und Ausstieg. Dank der Konstruktion aus verzinktem Stahl ist der Ger\u00e4teschuppen langlebig und stabil und wird weder korrodieren noch durch widrige Wetterbedingungen beeintr\u00e4chtigt.<\/p>","protected":false},"featured_media":650,"template":"","meta":{"_kad_post_transparent":"default","_kad_post_title":"","_kad_post_layout":"default","_kad_post_sidebar_id":"","_kad_post_content_style":"default","_kad_post_vertical_padding":"default","_kad_post_feature":"","_kad_post_feature_position":"","_kad_post_header":false,"_kad_post_footer":false,"_kad_post_classname":""},"product_brand":[],"product_cat":[33,29,31],"product_tag":[77,62,191,162],"class_list":{"0":"post-649","1":"product","2":"type-product","3":"status-publish","4":"has-post-thumbnail","6":"product_cat-metal-garden-storage-sheds","7":"product_cat-metal-products","8":"product_cat-storage-sheds","9":"product_tag-galvanized-steel-storage-shed","10":"product_tag-garden-tool-storage-shed","11":"product_tag-large-space-storage-shed","12":"product_tag-metal-garden-storage-shed","14":"first","15":"instock","16":"shipping-taxable","17":"product-type-simple","18":"entry","19":"content-bg","20":"loop-entry"},"_links":{"self":[{"href":"https:\/\/sdmetalshed.com\/de\/wp-json\/wp\/v2\/product\/649","targetHints":{"allow":["GET"]}}],"collection":[{"href":"https:\/\/sdmetalshed.com\/de\/wp-json\/wp\/v2\/product"}],"about":[{"href":"https:\/\/sdmetalshed.com\/de\/wp-json\/wp\/v2\/types\/product"}],"wp:featuredmedia":[{"embeddable":true,"href":"https:\/\/sdmetalshed.com\/de\/wp-json\/wp\/v2\/media\/650"}],"wp:attachment":[{"href":"https:\/\/sdmetalshed.com\/de\/wp-json\/wp\/v2\/media?parent=649"}],"wp:term":[{"taxonomy":"product_brand","embeddable":true,"href":"https:\/\/sdmetalshed.com\/de\/wp-json\/wp\/v2\/product_brand?post=649"},{"taxonomy":"product_cat","embeddable":true,"href":"https:\/\/sdmetalshed.com\/de\/wp-json\/wp\/v2\/product_cat?post=649"},{"taxonomy":"product_tag","embeddable":true,"href":"https:\/\/sdmetalshed.com\/de\/wp-json\/wp\/v2\/product_tag?post=649"}],"curies":[{"name":"wp","href":"https:\/\/api.w.org\/{rel}","templated":true}]}}