{"id":669,"date":"2022-03-07T19:49:52","date_gmt":"2022-03-07T11:49:52","guid":{"rendered":"https:\/\/sdmetalshed.com\/?post_type=product&#038;p=669"},"modified":"2022-03-07T19:50:14","modified_gmt":"2022-03-07T11:50:14","slug":"blau-und-grau-outdoor-stahl-lagerschuppen-patio-stahl-lagerschuppen-raum-schaffer","status":"publish","type":"product","link":"https:\/\/sdmetalshed.com\/de\/product\/blue-and-gray-outdoor-steel-storage-shed-patio-steel-storage-shed-space-maker\/","title":{"rendered":"Blauer und grauer Stahl-Lagerschuppen f\u00fcr den Au\u00dfenbereich, Terrassen-Lagerschuppen aus Stahl, Space Maker"},"content":{"rendered":"","protected":false},"excerpt":{"rendered":"<p>Der Terrassen-Lagerschuppen aus Stahl hat die perfekte Gr\u00f6\u00dfe, um all die Gegenst\u00e4nde aufzubewahren, die Sie auf Ihrer Terrasse und Terrasse verwenden. Bewahren Sie Ihre Kissen, Servierwagen und vieles mehr auf, wenn Sie sie nicht verwenden, und sch\u00fctzen Sie sie so vor Mutter Natur. Hohe W\u00e4nde und breite Schwingt\u00fcr\u00f6ffnungen erm\u00f6glichen Ihnen das einfache Ein- und Ausr\u00e4umen von Gegenst\u00e4nden. Dieser Schuppen aus verzinktem Stahl wird mit Stolz in den USA aus Materialien aus der ganzen Welt hergestellt. Holen Sie sich den Stauraum, den Sie brauchen, mit diesem erschwinglichen, \u00e4sthetisch ansprechenden und perfekt dimensionierten Paket f\u00fcr Ihre Hinterhofterrasse oder Ihr Deck.<\/p>","protected":false},"featured_media":665,"template":"","meta":{"_kad_post_transparent":"default","_kad_post_title":"","_kad_post_layout":"default","_kad_post_sidebar_id":"","_kad_post_content_style":"default","_kad_post_vertical_padding":"default","_kad_post_feature":"","_kad_post_feature_position":"","_kad_post_header":false,"_kad_post_footer":false,"_kad_post_classname":""},"product_brand":[],"product_cat":[33,29,31],"product_tag":[200,202,201,203],"class_list":{"0":"post-669","1":"product","2":"type-product","3":"status-publish","4":"has-post-thumbnail","6":"product_cat-metal-garden-storage-sheds","7":"product_cat-metal-products","8":"product_cat-storage-sheds","9":"product_tag-outdoor-steel-storage-shed","10":"product_tag-patio-outdoor-storage-shed","11":"product_tag-patio-steel-storage-shed","12":"product_tag-storage-shed-space-maker","14":"first","15":"instock","16":"shipping-taxable","17":"product-type-simple","18":"entry","19":"content-bg","20":"loop-entry"},"_links":{"self":[{"href":"https:\/\/sdmetalshed.com\/de\/wp-json\/wp\/v2\/product\/669","targetHints":{"allow":["GET"]}}],"collection":[{"href":"https:\/\/sdmetalshed.com\/de\/wp-json\/wp\/v2\/product"}],"about":[{"href":"https:\/\/sdmetalshed.com\/de\/wp-json\/wp\/v2\/types\/product"}],"wp:featuredmedia":[{"embeddable":true,"href":"https:\/\/sdmetalshed.com\/de\/wp-json\/wp\/v2\/media\/665"}],"wp:attachment":[{"href":"https:\/\/sdmetalshed.com\/de\/wp-json\/wp\/v2\/media?parent=669"}],"wp:term":[{"taxonomy":"product_brand","embeddable":true,"href":"https:\/\/sdmetalshed.com\/de\/wp-json\/wp\/v2\/product_brand?post=669"},{"taxonomy":"product_cat","embeddable":true,"href":"https:\/\/sdmetalshed.com\/de\/wp-json\/wp\/v2\/product_cat?post=669"},{"taxonomy":"product_tag","embeddable":true,"href":"https:\/\/sdmetalshed.com\/de\/wp-json\/wp\/v2\/product_tag?post=669"}],"curies":[{"name":"wp","href":"https:\/\/api.w.org\/{rel}","templated":true}]}}