{"id":672,"date":"2022-03-07T20:10:56","date_gmt":"2022-03-07T12:10:56","guid":{"rendered":"https:\/\/sdmetalshed.com\/?post_type=product&#038;p=672"},"modified":"2022-03-07T20:11:08","modified_gmt":"2022-03-07T12:11:08","slug":"langlebig-stilvoll-outdoor-metall-lagerschuppen-mit-schliesbarer-tur-in-goldfarbe","status":"publish","type":"product","link":"https:\/\/sdmetalshed.com\/de\/product\/durable-stylish-outdoor-metal-storage-shed-with-lockable-door-in-gold-color\/","title":{"rendered":"Robuster, stilvoller Outdoor-Lagerschuppen aus Metall mit abschlie\u00dfbarer T\u00fcr in Goldfarbe"},"content":{"rendered":"","protected":false},"excerpt":{"rendered":"<p>Damit Sie Ihre Sachen besser organisieren k\u00f6nnen, stellen wir Ihnen einen langlebigen, stilvollen Lagerschuppen zur Verf\u00fcgung, der die Zeit \u00fcberdauert. Mit unserem Ger\u00e4teschuppen aus Metall werden Sie feststellen, dass er Ihren zus\u00e4tzlichen Wohnraum zu etwas Au\u00dfergew\u00f6hnlichem macht. Ob als Schrank zur Aufbewahrung im Garten oder einfach nur als M\u00fcllkammer, um den stinkenden Geruch zu verhindern, Metallschuppen f\u00fcr den Au\u00dfenbereich mit robuster und verst\u00e4rkter Innenstruktur &amp; Metallverriegelungssystem macht es zu einer lohnenswerten \u00dcberlegung.<\/p>","protected":false},"featured_media":673,"template":"","meta":{"_kad_post_transparent":"default","_kad_post_title":"","_kad_post_layout":"default","_kad_post_sidebar_id":"","_kad_post_content_style":"default","_kad_post_vertical_padding":"default","_kad_post_feature":"","_kad_post_feature_position":"","_kad_post_header":false,"_kad_post_footer":false,"_kad_post_classname":""},"product_brand":[],"product_cat":[33,29,31],"product_tag":[204,206,178,104,205],"class_list":{"0":"post-672","1":"product","2":"type-product","3":"status-publish","4":"has-post-thumbnail","6":"product_cat-metal-garden-storage-sheds","7":"product_cat-metal-products","8":"product_cat-storage-sheds","9":"product_tag-durable-outdoor-metal-storage-shed","10":"product_tag-gold-outdoor-metal-storage-shed","11":"product_tag-metal-storage-shed-with-lockable-door","12":"product_tag-outdoor-metal-storage-shed","13":"product_tag-stylish-outdoor-metal-storage-shed","15":"first","16":"instock","17":"shipping-taxable","18":"product-type-simple","19":"entry","20":"content-bg","21":"loop-entry"},"_links":{"self":[{"href":"https:\/\/sdmetalshed.com\/de\/wp-json\/wp\/v2\/product\/672","targetHints":{"allow":["GET"]}}],"collection":[{"href":"https:\/\/sdmetalshed.com\/de\/wp-json\/wp\/v2\/product"}],"about":[{"href":"https:\/\/sdmetalshed.com\/de\/wp-json\/wp\/v2\/types\/product"}],"wp:featuredmedia":[{"embeddable":true,"href":"https:\/\/sdmetalshed.com\/de\/wp-json\/wp\/v2\/media\/673"}],"wp:attachment":[{"href":"https:\/\/sdmetalshed.com\/de\/wp-json\/wp\/v2\/media?parent=672"}],"wp:term":[{"taxonomy":"product_brand","embeddable":true,"href":"https:\/\/sdmetalshed.com\/de\/wp-json\/wp\/v2\/product_brand?post=672"},{"taxonomy":"product_cat","embeddable":true,"href":"https:\/\/sdmetalshed.com\/de\/wp-json\/wp\/v2\/product_cat?post=672"},{"taxonomy":"product_tag","embeddable":true,"href":"https:\/\/sdmetalshed.com\/de\/wp-json\/wp\/v2\/product_tag?post=672"}],"curies":[{"name":"wp","href":"https:\/\/api.w.org\/{rel}","templated":true}]}}