{"id":695,"date":"2022-03-07T22:48:12","date_gmt":"2022-03-07T14:48:12","guid":{"rendered":"https:\/\/sdmetalshed.com\/?post_type=product&#038;p=695"},"modified":"2022-03-08T16:12:35","modified_gmt":"2022-03-08T08:12:35","slug":"patio-rasen-hinterhof-garten-stahl-lagerschuppen-mit-schliesbarer-tur-und-luftungsschlitzen","status":"publish","type":"product","link":"https:\/\/sdmetalshed.com\/de\/product\/patio-lawn-backyard-garden-steel-storage-shed-with-lockable-door-and-air-vents\/","title":{"rendered":"Lagerschuppen aus Stahl f\u00fcr Terrasse, Rasen, Hinterhof, Garten, mit abschlie\u00dfbarer T\u00fcr und L\u00fcftungsschlitzen"},"content":{"rendered":"","protected":false},"excerpt":{"rendered":"<p>Der Gartenschuppen besteht aus verzinktem Stahl, der langlebiger und stabiler ist als herk\u00f6mmliche Verbundmaterialien. Verzinkter Stahl ist weniger anf\u00e4llig f\u00fcr Rost oder Korrosion und langlebig. Dieser Lagerschuppen kann bei jedem Wetter und jeder Jahreszeit perfekt im Freien eingesetzt werden. Mit diesem Au\u00dfenlagerschuppen k\u00f6nnen Sie vielf\u00e4ltige Zwecke erf\u00fcllen, z. B. als Werkzeugaufbewahrung, M\u00fcllraum, Tierheim und auch als Lounge im Freien. Dieser Gartenschuppen ist einfach zu montieren und Sie k\u00f6nnen ihn in Ihrem Garten, Hinterhof und auch in einigen Parks aufstellen, um Ihre zus\u00e4tzlichen Habseligkeiten aufzubewahren.<\/p>","protected":false},"featured_media":697,"template":"","meta":{"_kad_post_transparent":"default","_kad_post_title":"","_kad_post_layout":"default","_kad_post_sidebar_id":"","_kad_post_content_style":"default","_kad_post_vertical_padding":"default","_kad_post_feature":"","_kad_post_feature_position":"","_kad_post_header":false,"_kad_post_footer":false,"_kad_post_classname":""},"product_brand":[],"product_cat":[33,29,31],"product_tag":[221,222,220,201,224,223],"class_list":{"0":"post-695","1":"product","2":"type-product","3":"status-publish","4":"has-post-thumbnail","6":"product_cat-metal-garden-storage-sheds","7":"product_cat-metal-products","8":"product_cat-storage-sheds","9":"product_tag-backyard-steel-storage-shed","10":"product_tag-garden-steel-storage-shed","11":"product_tag-lawn-steel-storage-shed","12":"product_tag-patio-steel-storage-shed","13":"product_tag-steel-storage-shed-with-air-vents","14":"product_tag-steel-storage-shed-with-lockable-door","16":"first","17":"instock","18":"featured","19":"shipping-taxable","20":"product-type-simple","21":"entry","22":"content-bg","23":"loop-entry"},"_links":{"self":[{"href":"https:\/\/sdmetalshed.com\/de\/wp-json\/wp\/v2\/product\/695","targetHints":{"allow":["GET"]}}],"collection":[{"href":"https:\/\/sdmetalshed.com\/de\/wp-json\/wp\/v2\/product"}],"about":[{"href":"https:\/\/sdmetalshed.com\/de\/wp-json\/wp\/v2\/types\/product"}],"wp:featuredmedia":[{"embeddable":true,"href":"https:\/\/sdmetalshed.com\/de\/wp-json\/wp\/v2\/media\/697"}],"wp:attachment":[{"href":"https:\/\/sdmetalshed.com\/de\/wp-json\/wp\/v2\/media?parent=695"}],"wp:term":[{"taxonomy":"product_brand","embeddable":true,"href":"https:\/\/sdmetalshed.com\/de\/wp-json\/wp\/v2\/product_brand?post=695"},{"taxonomy":"product_cat","embeddable":true,"href":"https:\/\/sdmetalshed.com\/de\/wp-json\/wp\/v2\/product_cat?post=695"},{"taxonomy":"product_tag","embeddable":true,"href":"https:\/\/sdmetalshed.com\/de\/wp-json\/wp\/v2\/product_tag?post=695"}],"curies":[{"name":"wp","href":"https:\/\/api.w.org\/{rel}","templated":true}]}}