{"id":712,"date":"2022-03-07T23:12:36","date_gmt":"2022-03-07T15:12:36","guid":{"rendered":"https:\/\/sdmetalshed.com\/?post_type=product&#038;p=712"},"modified":"2022-03-07T23:12:36","modified_gmt":"2022-03-07T15:12:36","slug":"outdoor-lagerschuppen-mit-anpassbaren-verschliesbaren-stahlverstarkten-turen-und-speichersystem","status":"publish","type":"product","link":"https:\/\/sdmetalshed.com\/de\/product\/outdoor-storage-shed-with-customizable-lockable-steel-reinforced-doors-and-storage-system\/","title":{"rendered":"Au\u00dfenlagerschuppen mit anpassbaren, abschlie\u00dfbaren, stahlverst\u00e4rkten T\u00fcren und Aufbewahrungssystem"},"content":{"rendered":"","protected":false},"excerpt":{"rendered":"<p>Das 15 Fu\u00df x 8 Fu\u00df gro\u00dfe Gartengeb\u00e4ude (Seiteneingang) verf\u00fcgt \u00fcber: 6 kleine Oberlichter, 2 bruchsichere Polycarbonatfenster, 2 abgeschirmte L\u00fcftungsschlitze, 2 dekorative Fensterl\u00e4den, 2 Hakenleisten, 2 \u2013 90 Zoll x 9 Zoll gro\u00dfe Regale, 4 Eckregale und eine 10-j\u00e4hrige eingeschr\u00e4nkte Garantie. Boden- und Installationsmaterial im Lieferumfang enthalten. Wird in 3 Kartons geliefert.<\/p>","protected":false},"featured_media":713,"template":"","meta":{"_kad_post_transparent":"default","_kad_post_title":"","_kad_post_layout":"default","_kad_post_sidebar_id":"","_kad_post_content_style":"default","_kad_post_vertical_padding":"default","_kad_post_feature":"","_kad_post_feature_position":"","_kad_post_header":false,"_kad_post_footer":false,"_kad_post_classname":""},"product_brand":[],"product_cat":[33,29,31],"product_tag":[119,228,227],"class_list":{"0":"post-712","1":"product","2":"type-product","3":"status-publish","4":"has-post-thumbnail","6":"product_cat-metal-garden-storage-sheds","7":"product_cat-metal-products","8":"product_cat-storage-sheds","9":"product_tag-outdoor-storage-shed","10":"product_tag-outdoor-storage-shed-customizable-with-storage-system","11":"product_tag-outdoor-storage-shed-with-lockable-steel-reinforced-doors","13":"first","14":"instock","15":"shipping-taxable","16":"product-type-simple","17":"entry","18":"content-bg","19":"loop-entry"},"_links":{"self":[{"href":"https:\/\/sdmetalshed.com\/de\/wp-json\/wp\/v2\/product\/712","targetHints":{"allow":["GET"]}}],"collection":[{"href":"https:\/\/sdmetalshed.com\/de\/wp-json\/wp\/v2\/product"}],"about":[{"href":"https:\/\/sdmetalshed.com\/de\/wp-json\/wp\/v2\/types\/product"}],"wp:featuredmedia":[{"embeddable":true,"href":"https:\/\/sdmetalshed.com\/de\/wp-json\/wp\/v2\/media\/713"}],"wp:attachment":[{"href":"https:\/\/sdmetalshed.com\/de\/wp-json\/wp\/v2\/media?parent=712"}],"wp:term":[{"taxonomy":"product_brand","embeddable":true,"href":"https:\/\/sdmetalshed.com\/de\/wp-json\/wp\/v2\/product_brand?post=712"},{"taxonomy":"product_cat","embeddable":true,"href":"https:\/\/sdmetalshed.com\/de\/wp-json\/wp\/v2\/product_cat?post=712"},{"taxonomy":"product_tag","embeddable":true,"href":"https:\/\/sdmetalshed.com\/de\/wp-json\/wp\/v2\/product_tag?post=712"}],"curies":[{"name":"wp","href":"https:\/\/api.w.org\/{rel}","templated":true}]}}