{"id":719,"date":"2022-03-07T23:22:43","date_gmt":"2022-03-07T15:22:43","guid":{"rendered":"https:\/\/sdmetalshed.com\/?post_type=product&#038;p=719"},"modified":"2022-03-07T23:22:43","modified_gmt":"2022-03-07T15:22:43","slug":"outdoor-garten-lagerschuppen-werkzeughaus-schiebetur-verzinkter-stahl-grun","status":"publish","type":"product","link":"https:\/\/sdmetalshed.com\/de\/product\/outdoor-garden-storage-shed-tool-house-sliding-door-galvanized-steel-green\/","title":{"rendered":"Gartenschuppen f\u00fcr den Au\u00dfenbereich, Werkzeughaus, Schiebet\u00fcr, verzinkter Stahl, gr\u00fcn"},"content":{"rendered":"","protected":false},"excerpt":{"rendered":"<p>Dies ist unser gut gestalteter, attraktiver Gartenschuppen f\u00fcr den Au\u00dfenbereich, der sich zur Aufbewahrung von Spielzeug, Gartenger\u00e4ten, saisonalen Dekorationen oder anderen Ersatzgegenst\u00e4nden eignet. Ausgestattet mit zwei Schiebet\u00fcren und vier hoch angebrachten L\u00fcftungsfenstern sorgt es f\u00fcr Sicherheit und ausreichende Bel\u00fcftung. Die problemlose Montage und der einfache Zugriff auf Ihre Gegenst\u00e4nde machen die Lagerung im Freien bequem und sicher. Z\u00f6gern Sie nicht, eines zu kaufen!<\/p>","protected":false},"featured_media":720,"template":"","meta":{"_kad_post_transparent":"default","_kad_post_title":"","_kad_post_layout":"default","_kad_post_sidebar_id":"","_kad_post_content_style":"default","_kad_post_vertical_padding":"default","_kad_post_feature":"","_kad_post_feature_position":"","_kad_post_header":false,"_kad_post_footer":false,"_kad_post_classname":""},"product_brand":[],"product_cat":[33,29,31],"product_tag":[230,105,229],"class_list":{"0":"post-719","1":"product","2":"type-product","3":"status-publish","4":"has-post-thumbnail","6":"product_cat-metal-garden-storage-sheds","7":"product_cat-metal-products","8":"product_cat-storage-sheds","9":"product_tag-outdoor-garden-storage-house","10":"product_tag-outdoor-garden-storage-shed","11":"product_tag-outdoor-garden-storage-tool-house","13":"first","14":"instock","15":"shipping-taxable","16":"product-type-simple","17":"entry","18":"content-bg","19":"loop-entry"},"_links":{"self":[{"href":"https:\/\/sdmetalshed.com\/de\/wp-json\/wp\/v2\/product\/719","targetHints":{"allow":["GET"]}}],"collection":[{"href":"https:\/\/sdmetalshed.com\/de\/wp-json\/wp\/v2\/product"}],"about":[{"href":"https:\/\/sdmetalshed.com\/de\/wp-json\/wp\/v2\/types\/product"}],"wp:featuredmedia":[{"embeddable":true,"href":"https:\/\/sdmetalshed.com\/de\/wp-json\/wp\/v2\/media\/720"}],"wp:attachment":[{"href":"https:\/\/sdmetalshed.com\/de\/wp-json\/wp\/v2\/media?parent=719"}],"wp:term":[{"taxonomy":"product_brand","embeddable":true,"href":"https:\/\/sdmetalshed.com\/de\/wp-json\/wp\/v2\/product_brand?post=719"},{"taxonomy":"product_cat","embeddable":true,"href":"https:\/\/sdmetalshed.com\/de\/wp-json\/wp\/v2\/product_cat?post=719"},{"taxonomy":"product_tag","embeddable":true,"href":"https:\/\/sdmetalshed.com\/de\/wp-json\/wp\/v2\/product_tag?post=719"}],"curies":[{"name":"wp","href":"https:\/\/api.w.org\/{rel}","templated":true}]}}