{"id":723,"date":"2022-03-08T10:27:23","date_gmt":"2022-03-08T02:27:23","guid":{"rendered":"https:\/\/sdmetalshed.com\/?post_type=product&#038;p=723"},"modified":"2022-03-08T10:27:23","modified_gmt":"2022-03-08T02:27:23","slug":"verzinkter-stahl-garten-lagerschuppen-patio-werkzeug-lagerhaus-in-anthrazit-farbe","status":"publish","type":"product","link":"https:\/\/sdmetalshed.com\/de\/product\/galvanized-steel-garden-storage-shed-patio-tool-storage-house-in-anthracite-color\/","title":{"rendered":"Garten-Lagerschuppen aus verzinktem Stahl, Terrassen-Werkzeugaufbewahrungshaus in der Farbe Anthrazit"},"content":{"rendered":"","protected":false},"excerpt":{"rendered":"<p>Dieser Gartenschuppen ist ideal f\u00fcr die Aufbewahrung verschiedenster Gegenst\u00e4nde wie Werkzeuge, Gartenm\u00f6bel, Gartenger\u00e4te usw. Der Schuppen bietet Schutz vor Schmutz, Staub, starkem Wind und rauem Wetter. Dieses Lagerhaus ist mit L\u00fcftungsschlitzen ausgestattet, die f\u00fcr Bel\u00fcftung sorgen und die Ansammlung von Feuchtigkeit und Geruch im Haus reduzieren. Mit Regalen bietet es ausreichend Stauraum, um Ihre wichtigsten Gegenst\u00e4nde organisiert aufzubewahren. Dar\u00fcber hinaus ist dieser Lagerschuppen f\u00fcr den Au\u00dfenbereich aus verzinktem Stahl gefertigt, erfordert nur minimale Wartung und ist sehr langlebig. Die doppelt zu \u00f6ffnenden T\u00fcren an der Vorderseite erm\u00f6glichen einen einfachen Ein- und Ausstieg. Durch die schr\u00e4ge Bauweise leitet das Dach das Regenwasser automatisch ab.<\/p>","protected":false},"featured_media":724,"template":"","meta":{"_kad_post_transparent":"default","_kad_post_title":"","_kad_post_layout":"default","_kad_post_sidebar_id":"","_kad_post_content_style":"default","_kad_post_vertical_padding":"default","_kad_post_feature":"","_kad_post_feature_position":"","_kad_post_header":false,"_kad_post_footer":false,"_kad_post_classname":""},"product_brand":[],"product_cat":[33,29,31],"product_tag":[231,232],"class_list":{"0":"post-723","1":"product","2":"type-product","3":"status-publish","4":"has-post-thumbnail","6":"product_cat-metal-garden-storage-sheds","7":"product_cat-metal-products","8":"product_cat-storage-sheds","9":"product_tag-galvanized-steel-garden-storage-shed","10":"product_tag-patio-tool-storage-house","12":"first","13":"instock","14":"shipping-taxable","15":"product-type-simple","16":"entry","17":"content-bg","18":"loop-entry"},"_links":{"self":[{"href":"https:\/\/sdmetalshed.com\/de\/wp-json\/wp\/v2\/product\/723","targetHints":{"allow":["GET"]}}],"collection":[{"href":"https:\/\/sdmetalshed.com\/de\/wp-json\/wp\/v2\/product"}],"about":[{"href":"https:\/\/sdmetalshed.com\/de\/wp-json\/wp\/v2\/types\/product"}],"wp:featuredmedia":[{"embeddable":true,"href":"https:\/\/sdmetalshed.com\/de\/wp-json\/wp\/v2\/media\/724"}],"wp:attachment":[{"href":"https:\/\/sdmetalshed.com\/de\/wp-json\/wp\/v2\/media?parent=723"}],"wp:term":[{"taxonomy":"product_brand","embeddable":true,"href":"https:\/\/sdmetalshed.com\/de\/wp-json\/wp\/v2\/product_brand?post=723"},{"taxonomy":"product_cat","embeddable":true,"href":"https:\/\/sdmetalshed.com\/de\/wp-json\/wp\/v2\/product_cat?post=723"},{"taxonomy":"product_tag","embeddable":true,"href":"https:\/\/sdmetalshed.com\/de\/wp-json\/wp\/v2\/product_tag?post=723"}],"curies":[{"name":"wp","href":"https:\/\/api.w.org\/{rel}","templated":true}]}}