{"id":738,"date":"2022-03-08T11:06:31","date_gmt":"2022-03-08T03:06:31","guid":{"rendered":"https:\/\/sdmetalshed.com\/?post_type=product&#038;p=738"},"modified":"2022-03-08T16:09:17","modified_gmt":"2022-03-08T08:09:17","slug":"outdoor-terrasse-doppelschichtige-aluminium-bbq-uberdachung-pavillon-mit-2-getrennten-ablagen-fur-den-service","status":"publish","type":"product","link":"https:\/\/sdmetalshed.com\/de\/product\/outdoor-patio-double-tier-aluminium-bbq-canopy-gazebo-with-2-separate-shelves-for-serving\/","title":{"rendered":"Doppelst\u00f6ckiger Aluminium-Grillpavillon f\u00fcr die Au\u00dfenterrasse mit 2 separaten Regalen zum Servieren"},"content":{"rendered":"","protected":false},"excerpt":{"rendered":"<p>Haben Sie es satt, sich beim Grillen immer wieder ins Zeug legen zu m\u00fcssen? Dieser Hardtop-Grillpavillon h\u00e4lt Sie beim Grillen k\u00fchl. Das Polycarbonatdach unseres Grillpavillons ist UV- und regenbest\u00e4ndig, sodass Sie jederzeit grillen k\u00f6nnen. Dar\u00fcber hinaus haben wir darauf geachtet, dass die Terrassen\u00fcberdachung seitliche Regale und Haken enth\u00e4lt, sodass die Aufbewahrung von Tellern und Werkzeugen an einem Ort einfach ist. Dank der zweistufigen Dachkonstruktion ist das gesamte Grillzelt au\u00dferdem gut bel\u00fcftet. Haben Sie eine tolle Zeit und kochen Sie in Ruhe leckeres Essen mit unserer BBQ-Terrassen\u00fcberdachung.<\/p>","protected":false},"featured_media":739,"template":"","meta":{"_kad_post_transparent":"default","_kad_post_title":"","_kad_post_layout":"default","_kad_post_sidebar_id":"","_kad_post_content_style":"default","_kad_post_vertical_padding":"default","_kad_post_feature":"","_kad_post_feature_position":"","_kad_post_header":false,"_kad_post_footer":false,"_kad_post_classname":""},"product_brand":[],"product_cat":[30,29],"product_tag":[238,243,244,239,240,241,242],"class_list":{"0":"post-738","1":"product","2":"type-product","3":"status-publish","4":"has-post-thumbnail","6":"product_cat-aluminum-gazebo","7":"product_cat-metal-products","8":"product_tag-aluminium-bbq-canopy","9":"product_tag-double-tier-bbq-canopy","10":"product_tag-double-tier-bbq-gazebo","11":"product_tag-outdoor-bbq-canopy","12":"product_tag-outdoor-bbq-gazebo","13":"product_tag-patio-bbq-canopy","14":"product_tag-patio-bbq-gazebo","16":"first","17":"instock","18":"featured","19":"shipping-taxable","20":"product-type-simple","21":"entry","22":"content-bg","23":"loop-entry"},"_links":{"self":[{"href":"https:\/\/sdmetalshed.com\/de\/wp-json\/wp\/v2\/product\/738","targetHints":{"allow":["GET"]}}],"collection":[{"href":"https:\/\/sdmetalshed.com\/de\/wp-json\/wp\/v2\/product"}],"about":[{"href":"https:\/\/sdmetalshed.com\/de\/wp-json\/wp\/v2\/types\/product"}],"wp:featuredmedia":[{"embeddable":true,"href":"https:\/\/sdmetalshed.com\/de\/wp-json\/wp\/v2\/media\/739"}],"wp:attachment":[{"href":"https:\/\/sdmetalshed.com\/de\/wp-json\/wp\/v2\/media?parent=738"}],"wp:term":[{"taxonomy":"product_brand","embeddable":true,"href":"https:\/\/sdmetalshed.com\/de\/wp-json\/wp\/v2\/product_brand?post=738"},{"taxonomy":"product_cat","embeddable":true,"href":"https:\/\/sdmetalshed.com\/de\/wp-json\/wp\/v2\/product_cat?post=738"},{"taxonomy":"product_tag","embeddable":true,"href":"https:\/\/sdmetalshed.com\/de\/wp-json\/wp\/v2\/product_tag?post=738"}],"curies":[{"name":"wp","href":"https:\/\/api.w.org\/{rel}","templated":true}]}}