{"id":759,"date":"2022-03-08T14:12:33","date_gmt":"2022-03-08T06:12:33","guid":{"rendered":"https:\/\/sdmetalshed.com\/?post_type=product&#038;p=759"},"modified":"2022-03-08T16:08:55","modified_gmt":"2022-03-08T08:08:55","slug":"honolulu-hawaii-outdoor-patio-hardtop-aluminium-gazebo-pergola-mit-netz-und-vorhangen","status":"publish","type":"product","link":"https:\/\/sdmetalshed.com\/de\/product\/honolulu-hawaii-outdoor-patio-hardtop-aluminum-gazebo-pergola-with-netting-and-curtains\/","title":{"rendered":"Honolulu Hawaii Outdoor-Terrasse, Hardtop-Aluminium-Pavillon, Pergola mit Netz und Vorh\u00e4ngen"},"content":{"rendered":"","protected":false},"excerpt":{"rendered":"<p>Dieser Pavillon besteht aus einem robusten, pulverbeschichteten Aluminiumrahmen und verf\u00fcgt \u00fcber eine stabile Struktur f\u00fcr den jahrelangen Einsatz. Die vier Seiten der Vorh\u00e4nge sch\u00fctzen Sie und Ihre Familie und Freunde vor direkter Sonneneinstrahlung, Regen, Fliegen oder M\u00fccken. Sie eignen sich perfekt f\u00fcr Veranstaltungen im Freien wie Grillabende, Osterpicknicks, Gartenpartys oder als Strandmuscheln usw.<\/p>","protected":false},"featured_media":760,"template":"","meta":{"_kad_post_transparent":"default","_kad_post_title":"","_kad_post_layout":"default","_kad_post_sidebar_id":"","_kad_post_content_style":"default","_kad_post_vertical_padding":"default","_kad_post_feature":"","_kad_post_feature_position":"","_kad_post_header":false,"_kad_post_footer":false,"_kad_post_classname":""},"product_brand":[],"product_cat":[30,29],"product_tag":[250,251,253,252,254,255],"class_list":{"0":"post-759","1":"product","2":"type-product","3":"status-publish","4":"has-post-thumbnail","6":"product_cat-aluminum-gazebo","7":"product_cat-metal-products","8":"product_tag-hawaii-hardtop-aluminum-gazebo","9":"product_tag-hawaii-hardtop-aluminum-pergola","10":"product_tag-outdoor-aluminum-pergola","11":"product_tag-outdoor-patio-aluminum-gazebo","12":"product_tag-patio-hardtop-aluminum-gazebo","13":"product_tag-patio-hardtop-aluminum-pergola","15":"first","16":"instock","17":"featured","18":"shipping-taxable","19":"product-type-simple","20":"entry","21":"content-bg","22":"loop-entry"},"_links":{"self":[{"href":"https:\/\/sdmetalshed.com\/de\/wp-json\/wp\/v2\/product\/759","targetHints":{"allow":["GET"]}}],"collection":[{"href":"https:\/\/sdmetalshed.com\/de\/wp-json\/wp\/v2\/product"}],"about":[{"href":"https:\/\/sdmetalshed.com\/de\/wp-json\/wp\/v2\/types\/product"}],"wp:featuredmedia":[{"embeddable":true,"href":"https:\/\/sdmetalshed.com\/de\/wp-json\/wp\/v2\/media\/760"}],"wp:attachment":[{"href":"https:\/\/sdmetalshed.com\/de\/wp-json\/wp\/v2\/media?parent=759"}],"wp:term":[{"taxonomy":"product_brand","embeddable":true,"href":"https:\/\/sdmetalshed.com\/de\/wp-json\/wp\/v2\/product_brand?post=759"},{"taxonomy":"product_cat","embeddable":true,"href":"https:\/\/sdmetalshed.com\/de\/wp-json\/wp\/v2\/product_cat?post=759"},{"taxonomy":"product_tag","embeddable":true,"href":"https:\/\/sdmetalshed.com\/de\/wp-json\/wp\/v2\/product_tag?post=759"}],"curies":[{"name":"wp","href":"https:\/\/api.w.org\/{rel}","templated":true}]}}