{"id":908,"date":"2022-08-01T16:33:20","date_gmt":"2022-08-01T08:33:20","guid":{"rendered":"https:\/\/sdmetalshed.com\/?post_type=product&#038;p=908"},"modified":"2024-04-03T11:34:21","modified_gmt":"2024-04-03T03:34:21","slug":"10x13ft-outdoor-doppel-stahl-dach-hart-top-baldachin-vorhange-aluminium-pavillon-mit-netz-fur-garten-outdoor-aluminium","status":"publish","type":"product","link":"https:\/\/sdmetalshed.com\/de\/product\/10x13ft-outdoor-double-steel-roof-hard-top-canopy-curtains-aluminum-gazebo-with-netting-for-garden-outdooraluminum\/","title":{"rendered":"10 x 13 Fu\u00df gro\u00dfer Outdoor-Pavillon mit doppeltem Stahldach, Hardtop-\u00dcberdachung, Vorh\u00e4ngen aus Aluminium und Netz f\u00fcr den Garten OutdoorAluminum"},"content":{"rendered":"","protected":false},"excerpt":{"rendered":"<p>Unser Terrassenpavillon ist mit einem Netz ausgestattet. Der Pavillon besteht aus einem rostfreien Aluminiumrahmen und wasser- und lichtbest\u00e4ndigem Stoff zum Schutz vor Regen und Sonne. Der elegante Pavillon ist eine ausgezeichnete Wahl, um das Leben in vollen Z\u00fcgen zu genie\u00dfen. Er ist sehr bequem und erleichtert das Sitzen und Reden, Entspannen, Treffen und Feiern.<\/p>","protected":false},"featured_media":900,"template":"","meta":{"_kad_post_transparent":"default","_kad_post_title":"","_kad_post_layout":"default","_kad_post_sidebar_id":"","_kad_post_content_style":"default","_kad_post_vertical_padding":"default","_kad_post_feature":"","_kad_post_feature_position":"","_kad_post_header":false,"_kad_post_footer":false,"_kad_post_classname":""},"product_brand":[],"product_cat":[30,29],"product_tag":[274,235,275,276],"class_list":{"0":"post-908","1":"product","2":"type-product","3":"status-publish","4":"has-post-thumbnail","6":"product_cat-aluminum-gazebo","7":"product_cat-metal-products","8":"product_tag-aluminum-frame-gazebo","9":"product_tag-backyard-hardtop-gazebo","10":"product_tag-gavanized-garden-patio","11":"product_tag-hardtop-waterproof-gazebo","13":"first","14":"instock","15":"shipping-taxable","16":"product-type-simple","17":"entry","18":"content-bg","19":"loop-entry"},"_links":{"self":[{"href":"https:\/\/sdmetalshed.com\/de\/wp-json\/wp\/v2\/product\/908","targetHints":{"allow":["GET"]}}],"collection":[{"href":"https:\/\/sdmetalshed.com\/de\/wp-json\/wp\/v2\/product"}],"about":[{"href":"https:\/\/sdmetalshed.com\/de\/wp-json\/wp\/v2\/types\/product"}],"wp:featuredmedia":[{"embeddable":true,"href":"https:\/\/sdmetalshed.com\/de\/wp-json\/wp\/v2\/media\/900"}],"wp:attachment":[{"href":"https:\/\/sdmetalshed.com\/de\/wp-json\/wp\/v2\/media?parent=908"}],"wp:term":[{"taxonomy":"product_brand","embeddable":true,"href":"https:\/\/sdmetalshed.com\/de\/wp-json\/wp\/v2\/product_brand?post=908"},{"taxonomy":"product_cat","embeddable":true,"href":"https:\/\/sdmetalshed.com\/de\/wp-json\/wp\/v2\/product_cat?post=908"},{"taxonomy":"product_tag","embeddable":true,"href":"https:\/\/sdmetalshed.com\/de\/wp-json\/wp\/v2\/product_tag?post=908"}],"curies":[{"name":"wp","href":"https:\/\/api.w.org\/{rel}","templated":true}]}}