{"id":909,"date":"2022-08-01T16:54:30","date_gmt":"2022-08-01T08:54:30","guid":{"rendered":"https:\/\/sdmetalshed.com\/?post_type=product&#038;p=909"},"modified":"2022-08-08T10:47:52","modified_gmt":"2022-08-08T02:47:52","slug":"verzinkter-stahl-wasserdicht-langlebig-hintere-gartenlagerschuppen-lagerschuppen-ausen-metall-garten","status":"publish","type":"product","link":"https:\/\/sdmetalshed.com\/de\/product\/galvanized-steel-waterproof-durable-rear-garden-storage-shed-sheds-storage-outdoor-metal-garden\/","title":{"rendered":"Verzinkter Stahl, wasserdicht, langlebig, Hintergarten-Lagerschuppen, Schuppen, Aufbewahrung f\u00fcr den Au\u00dfenbereich, Metallgarten"},"content":{"rendered":"","protected":false},"excerpt":{"rendered":"<p>Mit einem Gartenschuppen im Freien k\u00f6nnen Sie Ihrem Grundst\u00fcck ganz einfach Stauraum und Wert verleihen. Der Werkzeugschuppen aus Metall hat gegen\u00fcber herk\u00f6mmlichen Modellen aus Holz deutliche Vorteile, die ihn zu einer wesentlich attraktiveren Kaufentscheidung machen. Wenn Sie nach einer M\u00f6glichkeit gesucht haben, Ihrem Grundst\u00fcck dringend ben\u00f6tigten Stauraum hinzuzuf\u00fcgen, sich aber nicht mit den Kosten und dem Unterhalt eines herk\u00f6mmlichen Holzmodells auseinandersetzen m\u00f6chten, kann dieser Hinterhof-Lagerschuppen von Outsunny die perfekte Wahl sein.<\/p>","protected":false},"featured_media":910,"template":"","meta":{"_kad_post_transparent":"default","_kad_post_title":"","_kad_post_layout":"default","_kad_post_sidebar_id":"","_kad_post_content_style":"default","_kad_post_vertical_padding":"default","_kad_post_feature":"","_kad_post_feature_position":"","_kad_post_header":false,"_kad_post_footer":false,"_kad_post_classname":""},"product_brand":[],"product_cat":[33,29,31],"product_tag":[279,278,277,119],"class_list":{"0":"post-909","1":"product","2":"type-product","3":"status-publish","4":"has-post-thumbnail","6":"product_cat-metal-garden-storage-sheds","7":"product_cat-metal-products","8":"product_cat-storage-sheds","9":"product_tag-black-tool-storage-shed","10":"product_tag-hardtop-shed-backyard","11":"product_tag-metal-frame-garden-shed","12":"product_tag-outdoor-storage-shed","14":"first","15":"instock","16":"featured","17":"shipping-taxable","18":"product-type-simple","19":"entry","20":"content-bg","21":"loop-entry"},"_links":{"self":[{"href":"https:\/\/sdmetalshed.com\/de\/wp-json\/wp\/v2\/product\/909","targetHints":{"allow":["GET"]}}],"collection":[{"href":"https:\/\/sdmetalshed.com\/de\/wp-json\/wp\/v2\/product"}],"about":[{"href":"https:\/\/sdmetalshed.com\/de\/wp-json\/wp\/v2\/types\/product"}],"wp:featuredmedia":[{"embeddable":true,"href":"https:\/\/sdmetalshed.com\/de\/wp-json\/wp\/v2\/media\/910"}],"wp:attachment":[{"href":"https:\/\/sdmetalshed.com\/de\/wp-json\/wp\/v2\/media?parent=909"}],"wp:term":[{"taxonomy":"product_brand","embeddable":true,"href":"https:\/\/sdmetalshed.com\/de\/wp-json\/wp\/v2\/product_brand?post=909"},{"taxonomy":"product_cat","embeddable":true,"href":"https:\/\/sdmetalshed.com\/de\/wp-json\/wp\/v2\/product_cat?post=909"},{"taxonomy":"product_tag","embeddable":true,"href":"https:\/\/sdmetalshed.com\/de\/wp-json\/wp\/v2\/product_tag?post=909"}],"curies":[{"name":"wp","href":"https:\/\/api.w.org\/{rel}","templated":true}]}}