{"id":915,"date":"2022-08-01T17:12:38","date_gmt":"2022-08-01T09:12:38","guid":{"rendered":"https:\/\/sdmetalshed.com\/?post_type=product&#038;p=915"},"modified":"2022-08-01T17:16:34","modified_gmt":"2022-08-01T09:16:34","slug":"wasserdichtes-werkzeughaus-fur-drausen-verzinkter-stahllagerschuppen-mit-luftungsschlitz-und-verschliesbarer-tur","status":"publish","type":"product","link":"https:\/\/sdmetalshed.com\/de\/product\/waterproof-tool-shed-for-outdoor-galvanized-steel-storage-shed-with-air-vent-and-lockable-door\/","title":{"rendered":"Wasserdichter Ger\u00e4teschuppen f\u00fcr den Au\u00dfenbereich. Lagerschuppen aus verzinktem Stahl mit L\u00fcftungsschlitzen und abschlie\u00dfbarer T\u00fcr"},"content":{"rendered":"","protected":false},"excerpt":{"rendered":"<p>Dieser Metallschuppen f\u00fcr den Au\u00dfenbereich mit abschlie\u00dfbarer T\u00fcr besteht aus robustem, beschichtetem und verzinktem Stahl. Es ist perfekt f\u00fcr den Au\u00dfenbereich, Hinterhof, Garten, Terrasse und wetterbest\u00e4ndiges Werkzeughaus. Die gro\u00dfe Innenwand und die extra hohe 65-Zoll-Wand bieten mehr Stauraum f\u00fcr Rasenm\u00e4her, M\u00fclleimer, Fahrr\u00e4der, Elektrowerkzeuge, Schl\u00e4uche und andere Gegenst\u00e4nde. Der hohe bel\u00fcftete Giebel erh\u00f6ht den Wasserfluss und die Leckage bei starkem Regen. Der Luftstrom in das Innere des Metalllagerschuppens kann erh\u00f6ht werden.<\/p>","protected":false},"featured_media":916,"template":"","meta":{"_kad_post_transparent":"default","_kad_post_title":"","_kad_post_layout":"default","_kad_post_sidebar_id":"","_kad_post_content_style":"default","_kad_post_vertical_padding":"default","_kad_post_feature":"","_kad_post_feature_position":"","_kad_post_header":false,"_kad_post_footer":false,"_kad_post_classname":""},"product_brand":[],"product_cat":[33,29,31],"product_tag":[197,198,199,196],"class_list":{"0":"post-915","1":"product","2":"type-product","3":"status-publish","4":"has-post-thumbnail","6":"product_cat-metal-garden-storage-sheds","7":"product_cat-metal-products","8":"product_cat-storage-sheds","9":"product_tag-backyard-storage-metal-shed","10":"product_tag-garden-outdoor-storage-metal-shed","11":"product_tag-metal-shed-with-lockable-door","12":"product_tag-outdoor-storage-metal-shed","14":"first","15":"instock","16":"shipping-taxable","17":"product-type-simple","18":"entry","19":"content-bg","20":"loop-entry"},"_links":{"self":[{"href":"https:\/\/sdmetalshed.com\/de\/wp-json\/wp\/v2\/product\/915","targetHints":{"allow":["GET"]}}],"collection":[{"href":"https:\/\/sdmetalshed.com\/de\/wp-json\/wp\/v2\/product"}],"about":[{"href":"https:\/\/sdmetalshed.com\/de\/wp-json\/wp\/v2\/types\/product"}],"wp:featuredmedia":[{"embeddable":true,"href":"https:\/\/sdmetalshed.com\/de\/wp-json\/wp\/v2\/media\/916"}],"wp:attachment":[{"href":"https:\/\/sdmetalshed.com\/de\/wp-json\/wp\/v2\/media?parent=915"}],"wp:term":[{"taxonomy":"product_brand","embeddable":true,"href":"https:\/\/sdmetalshed.com\/de\/wp-json\/wp\/v2\/product_brand?post=915"},{"taxonomy":"product_cat","embeddable":true,"href":"https:\/\/sdmetalshed.com\/de\/wp-json\/wp\/v2\/product_cat?post=915"},{"taxonomy":"product_tag","embeddable":true,"href":"https:\/\/sdmetalshed.com\/de\/wp-json\/wp\/v2\/product_tag?post=915"}],"curies":[{"name":"wp","href":"https:\/\/api.w.org\/{rel}","templated":true}]}}