{"id":929,"date":"2022-08-05T11:41:51","date_gmt":"2022-08-05T03:41:51","guid":{"rendered":"https:\/\/sdmetalshed.com\/?post_type=product&#038;p=929"},"modified":"2022-08-05T15:54:22","modified_gmt":"2022-08-05T07:54:22","slug":"metallrahmen-21-x-19-doppelgarage-metallschuppen-mit-seiteneingangstur-400-quadratfus-8-traufhohe-27-ga-wellblechpaneele","status":"publish","type":"product","link":"https:\/\/sdmetalshed.com\/de\/product\/metal-frame-21-x-19-double-garage-metal-shed-with-side-entry-door-400-sq-ft-8-eave-height-27-ga-corrugated-panels\/","title":{"rendered":"Metallrahmen, 21&#039; x 19&#039; Doppelgaragen-Metallschuppen mit seitlicher Eingangst\u00fcr, 400 Quadratfu\u00df, 8 Fu\u00df Traufh\u00f6he, 27 GA-Wellplatten"},"content":{"rendered":"","protected":false},"excerpt":{"rendered":"<p>Our company have a range of garages suits for all domestic storage. Our three most popular garages come with roof insulation while the silver and gold garages<br \/>\nalso have wall insulation. The entry level bronze garage is most more suitable for garden tools, lawnmowers and bikes. The silver range is suitable for a home<br \/>\ngym, playroom or utility room. The Gold range is suitable for car storage and any other domestic storage need.<\/p>","protected":false},"featured_media":924,"template":"","meta":{"_kad_post_transparent":"default","_kad_post_title":"","_kad_post_layout":"default","_kad_post_sidebar_id":"","_kad_post_content_style":"default","_kad_post_vertical_padding":"default","_kad_post_feature":"","_kad_post_feature_position":"","_kad_post_header":false,"_kad_post_footer":false,"_kad_post_classname":""},"product_brand":[],"product_cat":[281],"product_tag":[286,287,289,288],"class_list":{"0":"post-929","1":"product","2":"type-product","3":"status-publish","4":"has-post-thumbnail","6":"product_cat-metal-garages","7":"product_tag-garage-shed-with-waterproof","8":"product_tag-outdoor-steel-structure-car-garage","9":"product_tag-two-single-door-s-garage-with-shutter-doors","10":"product_tag-white-hardtop-carport","12":"first","13":"instock","14":"shipping-taxable","15":"product-type-simple","16":"entry","17":"content-bg","18":"loop-entry"},"_links":{"self":[{"href":"https:\/\/sdmetalshed.com\/de\/wp-json\/wp\/v2\/product\/929","targetHints":{"allow":["GET"]}}],"collection":[{"href":"https:\/\/sdmetalshed.com\/de\/wp-json\/wp\/v2\/product"}],"about":[{"href":"https:\/\/sdmetalshed.com\/de\/wp-json\/wp\/v2\/types\/product"}],"wp:featuredmedia":[{"embeddable":true,"href":"https:\/\/sdmetalshed.com\/de\/wp-json\/wp\/v2\/media\/924"}],"wp:attachment":[{"href":"https:\/\/sdmetalshed.com\/de\/wp-json\/wp\/v2\/media?parent=929"}],"wp:term":[{"taxonomy":"product_brand","embeddable":true,"href":"https:\/\/sdmetalshed.com\/de\/wp-json\/wp\/v2\/product_brand?post=929"},{"taxonomy":"product_cat","embeddable":true,"href":"https:\/\/sdmetalshed.com\/de\/wp-json\/wp\/v2\/product_cat?post=929"},{"taxonomy":"product_tag","embeddable":true,"href":"https:\/\/sdmetalshed.com\/de\/wp-json\/wp\/v2\/product_tag?post=929"}],"curies":[{"name":"wp","href":"https:\/\/api.w.org\/{rel}","templated":true}]}}