{"id":989,"date":"2022-08-08T16:58:57","date_gmt":"2022-08-08T08:58:57","guid":{"rendered":"https:\/\/sdmetalshed.com\/?post_type=product&#038;p=989"},"modified":"2024-04-03T11:34:34","modified_gmt":"2024-04-03T03:34:34","slug":"luxus-33-65-m-gartenpavillon-outdoorgartengartenpavillon-aluminium-wasserdichter-ausengartenpavillon-pergola","status":"publish","type":"product","link":"https:\/\/sdmetalshed.com\/de\/product\/luxury-33-65-m-garden-gazebo-outdoorgardening-gazebo-aluminium-waterproof-outdoor-garden-gazebo-pergola\/","title":{"rendered":"Luxuri\u00f6ser 3 x 3,65 m gro\u00dfer Gartenpavillon f\u00fcr den Au\u00dfenbereich, Gartenpavillon aus Aluminium, wasserdicht, f\u00fcr den Au\u00dfenbereich, Gartenpavillon, Pergola"},"content":{"rendered":"","protected":false},"excerpt":{"rendered":"<p>Unser Terrassenpavillon ist mit einem Netz ausgestattet. Der Pavillon besteht aus einem rostfreien Aluminiumrahmen und wasser- und lichtbest\u00e4ndigem Stoff zum Schutz vor Regen und Sonne. Der elegante Pavillon ist eine ausgezeichnete Wahl, um das Leben in vollen Z\u00fcgen zu genie\u00dfen. Er ist sehr bequem und erleichtert das Sitzen und Reden, Entspannen, Treffen und Feiern.<\/p>\n<div style=\"width: 1280px;\" class=\"wp-video\"><video class=\"wp-video-shortcode\" id=\"video-989-1\" width=\"1280\" height=\"720\" loop autoplay preload=\"auto\" controls=\"controls\"><source type=\"video\/mp4\" src=\"https:\/\/sdmetalshed.com\/wp-content\/uploads\/2022\/08\/Aluminum-frame-gazebo.mp4?_=1\" \/><a href=\"https:\/\/sdmetalshed.com\/wp-content\/uploads\/2022\/08\/Aluminum-frame-gazebo.mp4\">https:\/\/sdmetalshed.com\/wp-content\/uploads\/2022\/08\/Aluminum-frame-gazebo.mp4<\/a><\/video><\/div>","protected":false},"featured_media":988,"template":"","meta":{"_kad_post_transparent":"default","_kad_post_title":"","_kad_post_layout":"default","_kad_post_sidebar_id":"","_kad_post_content_style":"default","_kad_post_vertical_padding":"default","_kad_post_feature":"","_kad_post_feature_position":"","_kad_post_header":false,"_kad_post_footer":false,"_kad_post_classname":""},"product_brand":[],"product_cat":[30,299,29],"product_tag":[297,274,235,52,292,236,275,276,237,233,298],"class_list":{"0":"post-989","1":"product","2":"type-product","3":"status-publish","4":"has-post-thumbnail","6":"product_cat-aluminum-gazebo","7":"product_cat-luxembourg-aluminum-gazebo","8":"product_cat-metal-products","9":"product_tag-aluminium-waterproof-outdoor-garden-gazebo","10":"product_tag-aluminum-frame-gazebo","11":"product_tag-backyard-hardtop-gazebo","12":"product_tag-double-roof-hardtop-gazebo","13":"product_tag-easy-assemble-garden-shed","14":"product_tag-garden-hardtop-gazebo","15":"product_tag-gavanized-garden-patio","16":"product_tag-hardtop-waterproof-gazebo","17":"product_tag-lawn-hardtop-gazebo","18":"product_tag-outdoor-hardtop-gazebo","19":"product_tag-steel-frame-pergola","21":"first","22":"instock","23":"shipping-taxable","24":"product-type-simple","25":"entry","26":"content-bg","27":"loop-entry"},"_links":{"self":[{"href":"https:\/\/sdmetalshed.com\/de\/wp-json\/wp\/v2\/product\/989","targetHints":{"allow":["GET"]}}],"collection":[{"href":"https:\/\/sdmetalshed.com\/de\/wp-json\/wp\/v2\/product"}],"about":[{"href":"https:\/\/sdmetalshed.com\/de\/wp-json\/wp\/v2\/types\/product"}],"wp:featuredmedia":[{"embeddable":true,"href":"https:\/\/sdmetalshed.com\/de\/wp-json\/wp\/v2\/media\/988"}],"wp:attachment":[{"href":"https:\/\/sdmetalshed.com\/de\/wp-json\/wp\/v2\/media?parent=989"}],"wp:term":[{"taxonomy":"product_brand","embeddable":true,"href":"https:\/\/sdmetalshed.com\/de\/wp-json\/wp\/v2\/product_brand?post=989"},{"taxonomy":"product_cat","embeddable":true,"href":"https:\/\/sdmetalshed.com\/de\/wp-json\/wp\/v2\/product_cat?post=989"},{"taxonomy":"product_tag","embeddable":true,"href":"https:\/\/sdmetalshed.com\/de\/wp-json\/wp\/v2\/product_tag?post=989"}],"curies":[{"name":"wp","href":"https:\/\/api.w.org\/{rel}","templated":true}]}}