{"id":1020,"date":"2022-08-09T10:03:40","date_gmt":"2022-08-09T02:03:40","guid":{"rendered":"https:\/\/sdmetalshed.com\/?post_type=product&#038;p=1020"},"modified":"2022-08-09T10:48:58","modified_gmt":"2022-08-09T02:48:58","slug":"cenador-con-marco-de-aluminio-3-654-85m-diseno-especial-muy-utilizado-aceroinoxidable-y-aluminio-cenador-de-jardin-al-aire-libre","status":"publish","type":"product","link":"https:\/\/sdmetalshed.com\/es\/product\/aluminum-frame-gazebo-3-654-85m-special-design-widely-used-steel-aluminum-outdoor-garden-gazebo\/","title":{"rendered":"Gazebo al aire libre de aluminio de acero ampliamente utilizado del dise\u00f1o especial del Gazebo los 3.65*4.85M del marco de aluminio"},"content":{"rendered":"","protected":false},"excerpt":{"rendered":"<p>Nuestro cenador de patio est\u00e1 dise\u00f1ado con redes. La glorieta est\u00e1 hecha de un marco de aluminio inoxidable y una tela impermeable y resistente a la decoloraci\u00f3n para proteger de la lluvia y el sol. El elegante cenador es una excelente opci\u00f3n para disfrutar de la vida a su debido tiempo. Es muy c\u00f3modo y facilita sentarse y hablar, relajarse, reunirse y organizar fiestas.<\/p>\n<div style=\"width: 1280px;\" class=\"wp-video\"><video class=\"wp-video-shortcode\" id=\"video-1020-1\" width=\"1280\" height=\"720\" loop autoplay preload=\"auto\" controls=\"controls\"><source type=\"video\/mp4\" src=\"https:\/\/sdmetalshed.com\/wp-content\/uploads\/2022\/08\/Aluminum-frame-gazebo.mp4?_=1\" \/><a href=\"https:\/\/sdmetalshed.com\/wp-content\/uploads\/2022\/08\/Aluminum-frame-gazebo.mp4\">https:\/\/sdmetalshed.com\/wp-content\/uploads\/2022\/08\/Aluminum-frame-gazebo.mp4<\/a><\/video><\/div>","protected":false},"featured_media":988,"template":"","meta":{"_kad_post_transparent":"default","_kad_post_title":"","_kad_post_layout":"default","_kad_post_sidebar_id":"","_kad_post_content_style":"default","_kad_post_vertical_padding":"default","_kad_post_feature":"","_kad_post_feature_position":"","_kad_post_header":false,"_kad_post_footer":false,"_kad_post_classname":""},"product_brand":[],"product_cat":[30,299,29],"product_tag":[274,235,52,292,236,275,276,237,233],"class_list":{"0":"post-1020","1":"product","2":"type-product","3":"status-publish","4":"has-post-thumbnail","6":"product_cat-aluminum-gazebo","7":"product_cat-luxembourg-aluminum-gazebo","8":"product_cat-metal-products","9":"product_tag-aluminum-frame-gazebo","10":"product_tag-backyard-hardtop-gazebo","11":"product_tag-double-roof-hardtop-gazebo","12":"product_tag-easy-assemble-garden-shed","13":"product_tag-garden-hardtop-gazebo","14":"product_tag-gavanized-garden-patio","15":"product_tag-hardtop-waterproof-gazebo","16":"product_tag-lawn-hardtop-gazebo","17":"product_tag-outdoor-hardtop-gazebo","19":"first","20":"instock","21":"featured","22":"downloadable","23":"shipping-taxable","24":"product-type-simple","25":"entry","26":"content-bg","27":"loop-entry"},"_links":{"self":[{"href":"https:\/\/sdmetalshed.com\/es\/wp-json\/wp\/v2\/product\/1020","targetHints":{"allow":["GET"]}}],"collection":[{"href":"https:\/\/sdmetalshed.com\/es\/wp-json\/wp\/v2\/product"}],"about":[{"href":"https:\/\/sdmetalshed.com\/es\/wp-json\/wp\/v2\/types\/product"}],"wp:featuredmedia":[{"embeddable":true,"href":"https:\/\/sdmetalshed.com\/es\/wp-json\/wp\/v2\/media\/988"}],"wp:attachment":[{"href":"https:\/\/sdmetalshed.com\/es\/wp-json\/wp\/v2\/media?parent=1020"}],"wp:term":[{"taxonomy":"product_brand","embeddable":true,"href":"https:\/\/sdmetalshed.com\/es\/wp-json\/wp\/v2\/product_brand?post=1020"},{"taxonomy":"product_cat","embeddable":true,"href":"https:\/\/sdmetalshed.com\/es\/wp-json\/wp\/v2\/product_cat?post=1020"},{"taxonomy":"product_tag","embeddable":true,"href":"https:\/\/sdmetalshed.com\/es\/wp-json\/wp\/v2\/product_tag?post=1020"}],"curies":[{"name":"wp","href":"https:\/\/api.w.org\/{rel}","templated":true}]}}