{"id":1342,"date":"2023-11-24T11:07:52","date_gmt":"2023-11-24T03:07:52","guid":{"rendered":"https:\/\/sdmetalshed.com\/?post_type=product&#038;p=1342"},"modified":"2023-11-24T11:17:27","modified_gmt":"2023-11-24T03:17:27","slug":"pergola-con-armazon-de-aluminio-con-mosquitera-y-cortina","status":"publish","type":"product","link":"https:\/\/sdmetalshed.com\/es\/product\/hardtop-aluminum-frame-pergola-with-netting-and-curtain\/","title":{"rendered":"P\u00e9rgola con estructura de aluminio y techo r\u00edgido con red y cortina"},"content":{"rendered":"<p>P\u00e9rgola con estructura de aluminio con techo r\u00edgido con red y cortina. Puede combinarla con hermosas luces exteriores, cortinas de gasa y flores, que har\u00e1n su vida m\u00e1s colorida y llena de romance. Explore hoy nuestra gama completa de kits de cenadores, dise\u00f1ados con aluminio para protegerlo de los elementos y crear un ambiente exterior vers\u00e1til.<\/p>","protected":false},"excerpt":{"rendered":"<p>P\u00e9rgola con estructura de aluminio con techo r\u00edgido con red y cortina. Puede combinarla con hermosas luces exteriores, cortinas de gasa y flores, que har\u00e1n su vida m\u00e1s colorida y llena de romance. Explore hoy nuestra gama completa de kits de cenadores, dise\u00f1ados con aluminio para protegerlo de los elementos y crear un ambiente exterior vers\u00e1til.<\/p>","protected":false},"featured_media":1343,"template":"","meta":{"_kad_post_transparent":"default","_kad_post_title":"","_kad_post_layout":"default","_kad_post_sidebar_id":"","_kad_post_content_style":"default","_kad_post_vertical_padding":"default","_kad_post_feature":"","_kad_post_feature_position":"","_kad_post_header":false,"_kad_post_footer":false,"_kad_post_classname":""},"product_brand":[],"product_cat":[30,29,371],"product_tag":[274,52,368,372],"class_list":{"0":"post-1342","1":"product","2":"type-product","3":"status-publish","4":"has-post-thumbnail","6":"product_cat-aluminum-gazebo","7":"product_cat-metal-products","8":"product_cat-wooden-color-aluminium-gazebo","9":"product_tag-aluminum-frame-gazebo","10":"product_tag-double-roof-hardtop-gazebo","11":"product_tag-outdoor-pergola-patio-aluminum-frame-gazebo","12":"product_tag-pergola-with-netting-and-curtain","14":"first","15":"instock","16":"featured","17":"downloadable","18":"shipping-taxable","19":"product-type-simple","20":"entry","21":"content-bg","22":"loop-entry"},"_links":{"self":[{"href":"https:\/\/sdmetalshed.com\/es\/wp-json\/wp\/v2\/product\/1342","targetHints":{"allow":["GET"]}}],"collection":[{"href":"https:\/\/sdmetalshed.com\/es\/wp-json\/wp\/v2\/product"}],"about":[{"href":"https:\/\/sdmetalshed.com\/es\/wp-json\/wp\/v2\/types\/product"}],"wp:featuredmedia":[{"embeddable":true,"href":"https:\/\/sdmetalshed.com\/es\/wp-json\/wp\/v2\/media\/1343"}],"wp:attachment":[{"href":"https:\/\/sdmetalshed.com\/es\/wp-json\/wp\/v2\/media?parent=1342"}],"wp:term":[{"taxonomy":"product_brand","embeddable":true,"href":"https:\/\/sdmetalshed.com\/es\/wp-json\/wp\/v2\/product_brand?post=1342"},{"taxonomy":"product_cat","embeddable":true,"href":"https:\/\/sdmetalshed.com\/es\/wp-json\/wp\/v2\/product_cat?post=1342"},{"taxonomy":"product_tag","embeddable":true,"href":"https:\/\/sdmetalshed.com\/es\/wp-json\/wp\/v2\/product_tag?post=1342"}],"curies":[{"name":"wp","href":"https:\/\/api.w.org\/{rel}","templated":true}]}}