{"id":1344,"date":"2023-11-24T11:19:45","date_gmt":"2023-11-24T03:19:45","guid":{"rendered":"https:\/\/sdmetalshed.com\/?post_type=product&#038;p=1344"},"modified":"2023-11-24T11:52:05","modified_gmt":"2023-11-24T03:52:05","slug":"pabellon-de-jardin-de-lujo-de-madera-y-aluminio-con-parasol","status":"publish","type":"product","link":"https:\/\/sdmetalshed.com\/es\/product\/luxury-garden-wood-aluminium-outdoor-sunshade-gazebo\/","title":{"rendered":"Gazebo exterior de aluminio y madera con sombrilla para jard\u00edn de lujo"},"content":{"rendered":"<p>Gazebo con sombrilla para exteriores de aluminio y madera para jard\u00edn de lujo. Puede combinarlo con hermosas luces exteriores, cortinas de gasa y flores, que har\u00e1n su vida m\u00e1s colorida y llena de romance. Explore hoy nuestra gama completa de kits de cenadores, dise\u00f1ados con aluminio para protegerlo de los elementos y crear un ambiente exterior vers\u00e1til.<\/p>","protected":false},"excerpt":{"rendered":"<p>Gazebo con sombrilla para exteriores de aluminio y madera para jard\u00edn de lujo. Puede combinarlo con hermosas luces exteriores, cortinas de gasa y flores, que har\u00e1n su vida m\u00e1s colorida y llena de romance. Explore hoy nuestra gama completa de kits de cenadores, dise\u00f1ados con aluminio para protegerlo de los elementos y crear un ambiente exterior vers\u00e1til.<\/p>","protected":false},"featured_media":1345,"template":"","meta":{"_kad_post_transparent":"default","_kad_post_title":"","_kad_post_layout":"default","_kad_post_sidebar_id":"","_kad_post_content_style":"default","_kad_post_vertical_padding":"default","_kad_post_feature":"","_kad_post_feature_position":"","_kad_post_header":false,"_kad_post_footer":false,"_kad_post_classname":""},"product_brand":[],"product_cat":[30,29,371],"product_tag":[274,52,373,372],"class_list":{"0":"post-1344","1":"product","2":"type-product","3":"status-publish","4":"has-post-thumbnail","6":"product_cat-aluminum-gazebo","7":"product_cat-metal-products","8":"product_cat-wooden-color-aluminium-gazebo","9":"product_tag-aluminum-frame-gazebo","10":"product_tag-double-roof-hardtop-gazebo","11":"product_tag-luxury-garden-wood-aluminium-outdoor-sunshade-gazebo","12":"product_tag-pergola-with-netting-and-curtain","14":"first","15":"instock","16":"featured","17":"downloadable","18":"shipping-taxable","19":"product-type-simple","20":"entry","21":"content-bg","22":"loop-entry"},"_links":{"self":[{"href":"https:\/\/sdmetalshed.com\/es\/wp-json\/wp\/v2\/product\/1344","targetHints":{"allow":["GET"]}}],"collection":[{"href":"https:\/\/sdmetalshed.com\/es\/wp-json\/wp\/v2\/product"}],"about":[{"href":"https:\/\/sdmetalshed.com\/es\/wp-json\/wp\/v2\/types\/product"}],"wp:featuredmedia":[{"embeddable":true,"href":"https:\/\/sdmetalshed.com\/es\/wp-json\/wp\/v2\/media\/1345"}],"wp:attachment":[{"href":"https:\/\/sdmetalshed.com\/es\/wp-json\/wp\/v2\/media?parent=1344"}],"wp:term":[{"taxonomy":"product_brand","embeddable":true,"href":"https:\/\/sdmetalshed.com\/es\/wp-json\/wp\/v2\/product_brand?post=1344"},{"taxonomy":"product_cat","embeddable":true,"href":"https:\/\/sdmetalshed.com\/es\/wp-json\/wp\/v2\/product_cat?post=1344"},{"taxonomy":"product_tag","embeddable":true,"href":"https:\/\/sdmetalshed.com\/es\/wp-json\/wp\/v2\/product_tag?post=1344"}],"curies":[{"name":"wp","href":"https:\/\/api.w.org\/{rel}","templated":true}]}}