{"id":458,"date":"2022-02-26T15:14:34","date_gmt":"2022-02-26T07:14:34","guid":{"rendered":"https:\/\/sdmetalshed.com\/?post_type=product&#038;p=458"},"modified":"2022-02-26T15:14:34","modified_gmt":"2022-02-26T07:14:34","slug":"personalizado-facil-montaje-gran-capacidad-acero-galvanizado-cobertizo-de-almacenamiento-de-herramientas-de-jardin-nordico","status":"publish","type":"product","link":"https:\/\/sdmetalshed.com\/es\/product\/custom-easy-assembly-large-capacity-galvanized-steel-nordic-garden-tool-storage-shed\/","title":{"rendered":"Cobertizo n\u00f3rdico de acero galvanizado de gran capacidad para almacenamiento de herramientas de jard\u00edn, montaje f\u00e1cil personalizado"},"content":{"rendered":"","protected":false},"excerpt":{"rendered":"<p>Herramientas para el jard\u00edn, art\u00edculos de jardiner\u00eda, sillas de jard\u00edn plegables: con 34 pies cuadrados de espacio interno, puede guardarlo y protegerlo todo en el cobertizo de almacenamiento n\u00f3rdico. Fuerte y duradero, este cobertizo compacto est\u00e1 construido con acero galvanizado con recubrimiento en polvo que es resistente al \u00f3xido, la corrosi\u00f3n y los rayos UV. El dise\u00f1o del techo con \u00e1pice inverso permite un drenaje eficiente del agua y la nieve para mantener todo agradable y seco durante todo el a\u00f1o. Las puertas dobles delanteras se abren completamente para permitir un f\u00e1cil acceso y est\u00e1n aseguradas con un cerrojo deslizante compatible con candados (candado no incluido). Adem\u00e1s, la encantadora ventana de 4 paneles agrega iluminaci\u00f3n natural para ayudarte a encontrar todo. Para todas sus necesidades de almacenamiento al aire libre, dependa de productos de calidad directamente de f\u00e1brica.<\/p>","protected":false},"featured_media":459,"template":"","meta":{"_kad_post_transparent":"default","_kad_post_title":"","_kad_post_layout":"default","_kad_post_sidebar_id":"","_kad_post_content_style":"default","_kad_post_vertical_padding":"default","_kad_post_feature":"","_kad_post_feature_position":"","_kad_post_header":false,"_kad_post_footer":false,"_kad_post_classname":""},"product_brand":[],"product_cat":[33,29,31],"product_tag":[80,81,77,78,82,76,79],"class_list":{"0":"post-458","1":"product","2":"type-product","3":"status-publish","4":"has-post-thumbnail","6":"product_cat-metal-garden-storage-sheds","7":"product_cat-metal-products","8":"product_cat-storage-sheds","9":"product_tag-custom-storage-shed","10":"product_tag-easy-assembly-storage-shed","11":"product_tag-galvanized-steel-storage-shed","12":"product_tag-garden-storage-shed","13":"product_tag-large-capacity-storage-shed","14":"product_tag-nordic-storage-shed","15":"product_tag-tool-storage-shed","17":"first","18":"instock","19":"shipping-taxable","20":"product-type-simple","21":"entry","22":"content-bg","23":"loop-entry"},"_links":{"self":[{"href":"https:\/\/sdmetalshed.com\/es\/wp-json\/wp\/v2\/product\/458","targetHints":{"allow":["GET"]}}],"collection":[{"href":"https:\/\/sdmetalshed.com\/es\/wp-json\/wp\/v2\/product"}],"about":[{"href":"https:\/\/sdmetalshed.com\/es\/wp-json\/wp\/v2\/types\/product"}],"wp:featuredmedia":[{"embeddable":true,"href":"https:\/\/sdmetalshed.com\/es\/wp-json\/wp\/v2\/media\/459"}],"wp:attachment":[{"href":"https:\/\/sdmetalshed.com\/es\/wp-json\/wp\/v2\/media?parent=458"}],"wp:term":[{"taxonomy":"product_brand","embeddable":true,"href":"https:\/\/sdmetalshed.com\/es\/wp-json\/wp\/v2\/product_brand?post=458"},{"taxonomy":"product_cat","embeddable":true,"href":"https:\/\/sdmetalshed.com\/es\/wp-json\/wp\/v2\/product_cat?post=458"},{"taxonomy":"product_tag","embeddable":true,"href":"https:\/\/sdmetalshed.com\/es\/wp-json\/wp\/v2\/product_tag?post=458"}],"curies":[{"name":"wp","href":"https:\/\/api.w.org\/{rel}","templated":true}]}}