{"id":499,"date":"2022-02-27T22:25:49","date_gmt":"2022-02-27T14:25:49","guid":{"rendered":"https:\/\/sdmetalshed.com\/?post_type=product&#038;p=499"},"modified":"2022-03-08T16:13:04","modified_gmt":"2022-03-08T08:13:04","slug":"almacen-de-metal-para-bicicletas-y-gabinete-de-almacenamiento-de-metal-para-cuatro-bicicletas-de-tamano-adulto","status":"publish","type":"product","link":"https:\/\/sdmetalshed.com\/es\/product\/metal-bike-store-shed-and-metal-bicycle-storage-cabinet-locker-for-four-adult-size-bikes\/","title":{"rendered":"Cobertizo met\u00e1lico para tienda de bicicletas y armario para almacenamiento de bicicletas de metal para cuatro bicicletas de tama\u00f1o adulto"},"content":{"rendered":"","protected":false},"excerpt":{"rendered":"<p>Almacene y proteja hasta cuatro bicicletas de tama\u00f1o adulto con nuestro cobertizo para guardar bicicletas en el patio trasero. Construido con acero galvanizado, este cobertizo fuerte y duradero es resistente al \u00f3xido, la corrosi\u00f3n y los rayos UV y ofrece a sus bicicletas protecci\u00f3n contra los elementos durante todo el a\u00f1o. Se incluyen cuatro carriles para bicicletas ajustables que almacenan la mayor\u00eda de las bicicletas de hasta 78,4 pulgadas de largo y 43,3 pulgadas de alto. El techo inclinado permite un r\u00e1pido escurrimiento del agua durante las tormentas, manteniendo las bicicletas secas. Las puertas dobles delanteras se abren completamente para permitir un f\u00e1cil acceso y se aseguran con un cierre giratorio y una llave. Para todas sus necesidades de almacenamiento al aire libre, dependa de productos de calidad directamente de f\u00e1brica.<\/p>","protected":false},"featured_media":500,"template":"","meta":{"_kad_post_transparent":"default","_kad_post_title":"","_kad_post_layout":"default","_kad_post_sidebar_id":"","_kad_post_content_style":"default","_kad_post_vertical_padding":"default","_kad_post_feature":"","_kad_post_feature_position":"","_kad_post_header":false,"_kad_post_footer":false,"_kad_post_classname":""},"product_brand":[],"product_cat":[36,29,31],"product_tag":[112,109,108,111,110],"class_list":{"0":"post-499","1":"product","2":"type-product","3":"status-publish","4":"has-post-thumbnail","6":"product_cat-metal-bicycle-storage-cabinet-locker","7":"product_cat-metal-products","8":"product_cat-storage-sheds","9":"product_tag-backyard-bicycle-storage-shed","10":"product_tag-metal-bicycle-storage-cabinet-locker","11":"product_tag-metal-bike-store-shed","12":"product_tag-outdoor-bicycle-storage-shed","13":"product_tag-outdoor-metal-bike-storage","15":"first","16":"instock","17":"featured","18":"shipping-taxable","19":"product-type-simple","20":"entry","21":"content-bg","22":"loop-entry"},"_links":{"self":[{"href":"https:\/\/sdmetalshed.com\/es\/wp-json\/wp\/v2\/product\/499","targetHints":{"allow":["GET"]}}],"collection":[{"href":"https:\/\/sdmetalshed.com\/es\/wp-json\/wp\/v2\/product"}],"about":[{"href":"https:\/\/sdmetalshed.com\/es\/wp-json\/wp\/v2\/types\/product"}],"wp:featuredmedia":[{"embeddable":true,"href":"https:\/\/sdmetalshed.com\/es\/wp-json\/wp\/v2\/media\/500"}],"wp:attachment":[{"href":"https:\/\/sdmetalshed.com\/es\/wp-json\/wp\/v2\/media?parent=499"}],"wp:term":[{"taxonomy":"product_brand","embeddable":true,"href":"https:\/\/sdmetalshed.com\/es\/wp-json\/wp\/v2\/product_brand?post=499"},{"taxonomy":"product_cat","embeddable":true,"href":"https:\/\/sdmetalshed.com\/es\/wp-json\/wp\/v2\/product_cat?post=499"},{"taxonomy":"product_tag","embeddable":true,"href":"https:\/\/sdmetalshed.com\/es\/wp-json\/wp\/v2\/product_tag?post=499"}],"curies":[{"name":"wp","href":"https:\/\/api.w.org\/{rel}","templated":true}]}}