{"id":519,"date":"2022-02-28T10:59:21","date_gmt":"2022-02-28T02:59:21","guid":{"rendered":"https:\/\/sdmetalshed.com\/?post_type=product&#038;p=519"},"modified":"2022-02-28T10:59:21","modified_gmt":"2022-02-28T02:59:21","slug":"cobertizo-de-almacenamiento-exterior-de-poca-altura-de-montaje-rapido-con-servicios-personalizados-gratuitos","status":"publish","type":"product","link":"https:\/\/sdmetalshed.com\/es\/product\/quick-assembly-low-gable-lifetime-outdoor-storage-shed-with-free-custom-services\/","title":{"rendered":"Quick Assembly Low Gable Lifetime Outdoor Storage Shed with Free Custom Services"},"content":{"rendered":"","protected":false},"excerpt":{"rendered":"<p>El cobertizo de almacenamiento de montaje r\u00e1pido es un cobertizo de acero galvanizado que es duradero y est\u00e1 hecho para durar. Cuenta con el revolucionario sistema de montaje r\u00e1pido Snap-IT que reduce el tiempo de montaje en un 50 % en comparaci\u00f3n con la mayor\u00eda de los cobertizos de acero del mercado actual. El cobertizo de almacenamiento de montaje r\u00e1pido tiene una cantidad reducida de sujetadores en las paredes, el techo y las puertas y no hay conexiones de tuercas y pernos m\u00e1s dif\u00edciles, por lo que el montaje es m\u00e1s r\u00e1pido y sencillo. El cobertizo de almacenamiento de montaje r\u00e1pido presenta un dise\u00f1o que es 2 veces m\u00e1s resistente que los cobertizos de acero l\u00edderes en el mercado. Su geometr\u00eda de panel \u00fanica es m\u00e1s resistente a los impactos y con sus paneles Snap-IT superpuestos que se conectan cada 12 pulgadas, cuenta con un dise\u00f1o general del edificio m\u00e1s s\u00f3lido. El cobertizo de almacenamiento de montaje r\u00e1pido tambi\u00e9n cuenta con un montaje de techo mejorado que permite el montaje del techo en el suelo para una fijaci\u00f3n m\u00e1s f\u00e1cil y r\u00e1pida. El cobertizo de almacenamiento de montaje r\u00e1pido no solo es un cobertizo m\u00e1s resistente con un montaje m\u00e1s r\u00e1pido, sino que tambi\u00e9n es una versi\u00f3n m\u00e1s moderna y atractiva de los cobertizos de almacenamiento para exteriores. El cobertizo de almacenamiento de montaje r\u00e1pido est\u00e1 disponible en una paleta de colores actualizada que lo convierte en una soluci\u00f3n de almacenamiento moderna y elegante para \u00e1reas de patio, patio y jard\u00edn. El cobertizo de almacenamiento de montaje r\u00e1pido no s\u00f3lo tiene mejor aspecto; Tambi\u00e9n ofrece un mejor espacio de almacenamiento.<\/p>","protected":false},"featured_media":520,"template":"","meta":{"_kad_post_transparent":"default","_kad_post_title":"","_kad_post_layout":"default","_kad_post_sidebar_id":"","_kad_post_content_style":"default","_kad_post_vertical_padding":"default","_kad_post_feature":"","_kad_post_feature_position":"","_kad_post_header":false,"_kad_post_footer":false,"_kad_post_classname":""},"product_brand":[],"product_cat":[33,29,31],"product_tag":[122,121,119,120],"class_list":{"0":"post-519","1":"product","2":"type-product","3":"status-publish","4":"has-post-thumbnail","6":"product_cat-metal-garden-storage-sheds","7":"product_cat-metal-products","8":"product_cat-storage-sheds","9":"product_tag-lifetime-outdoor-storage-shed","10":"product_tag-low-gable-storage-shed","11":"product_tag-outdoor-storage-shed","12":"product_tag-quick-assembly-storage-shed","14":"first","15":"instock","16":"shipping-taxable","17":"product-type-simple","18":"entry","19":"content-bg","20":"loop-entry"},"_links":{"self":[{"href":"https:\/\/sdmetalshed.com\/es\/wp-json\/wp\/v2\/product\/519","targetHints":{"allow":["GET"]}}],"collection":[{"href":"https:\/\/sdmetalshed.com\/es\/wp-json\/wp\/v2\/product"}],"about":[{"href":"https:\/\/sdmetalshed.com\/es\/wp-json\/wp\/v2\/types\/product"}],"wp:featuredmedia":[{"embeddable":true,"href":"https:\/\/sdmetalshed.com\/es\/wp-json\/wp\/v2\/media\/520"}],"wp:attachment":[{"href":"https:\/\/sdmetalshed.com\/es\/wp-json\/wp\/v2\/media?parent=519"}],"wp:term":[{"taxonomy":"product_brand","embeddable":true,"href":"https:\/\/sdmetalshed.com\/es\/wp-json\/wp\/v2\/product_brand?post=519"},{"taxonomy":"product_cat","embeddable":true,"href":"https:\/\/sdmetalshed.com\/es\/wp-json\/wp\/v2\/product_cat?post=519"},{"taxonomy":"product_tag","embeddable":true,"href":"https:\/\/sdmetalshed.com\/es\/wp-json\/wp\/v2\/product_tag?post=519"}],"curies":[{"name":"wp","href":"https:\/\/api.w.org\/{rel}","templated":true}]}}