{"id":536,"date":"2022-02-28T14:19:28","date_gmt":"2022-02-28T06:19:28","guid":{"rendered":"https:\/\/sdmetalshed.com\/?post_type=product&#038;p=536"},"modified":"2022-02-28T14:19:28","modified_gmt":"2022-02-28T06:19:28","slug":"cobertizo-clasico-de-metal-pequeno-para-jardin-en-el-patio-trasero-en-color-azul-gris-de-la-fabrica-china","status":"publish","type":"product","link":"https:\/\/sdmetalshed.com\/es\/product\/classical-small-metal-storage-shed-for-garden-backyard-in-blue-grey-color-from-china-factory\/","title":{"rendered":"Cobertizo de almacenamiento de metal peque\u00f1o cl\u00e1sico para jard\u00edn en color gris azul de f\u00e1brica de China"},"content":{"rendered":"","protected":false},"excerpt":{"rendered":"<p>\u00bfEst\u00e1 buscando una unidad de almacenamiento pr\u00e1ctica y resistente para su patio trasero? El peque\u00f1o cobertizo de almacenamiento de acero de la serie cl\u00e1sica est\u00e1 dise\u00f1ado para proteger sus equipos de paisajismo, herramientas y suministros de jardiner\u00eda, a salvo de los elementos. El cobertizo est\u00e1 hecho de acero galvanizado tratado para evitar el \u00f3xido y la corrosi\u00f3n. Tiene un techo bajo a dos aguas dise\u00f1ado para evitar que el agua se acumule. Dispone de puertas correderas que se pueden cerrar con candado. El peque\u00f1o cl\u00e1sico tambi\u00e9n es un modelo atractivo. Los atemporales paneles de pared verticales del cobertizo est\u00e1n acabados con una pintura Sherwin-Williams suave y resistente que protege contra los elementos y sella el acero contra el \u00f3xido y la corrosi\u00f3n.<\/p>","protected":false},"featured_media":537,"template":"","meta":{"_kad_post_transparent":"default","_kad_post_title":"","_kad_post_layout":"default","_kad_post_sidebar_id":"","_kad_post_content_style":"default","_kad_post_vertical_padding":"default","_kad_post_feature":"","_kad_post_feature_position":"","_kad_post_header":false,"_kad_post_footer":false,"_kad_post_classname":""},"product_brand":[],"product_cat":[33,29,31],"product_tag":[130,128,129,127],"class_list":{"0":"post-536","1":"product","2":"type-product","3":"status-publish","4":"has-post-thumbnail","6":"product_cat-metal-garden-storage-sheds","7":"product_cat-metal-products","8":"product_cat-storage-sheds","9":"product_tag-backyard-metal-storage-shed","10":"product_tag-classical-metal-storage-shed","11":"product_tag-garden-metal-storage-shed","12":"product_tag-small-metal-storage-shed","14":"first","15":"instock","16":"shipping-taxable","17":"product-type-simple","18":"entry","19":"content-bg","20":"loop-entry"},"_links":{"self":[{"href":"https:\/\/sdmetalshed.com\/es\/wp-json\/wp\/v2\/product\/536","targetHints":{"allow":["GET"]}}],"collection":[{"href":"https:\/\/sdmetalshed.com\/es\/wp-json\/wp\/v2\/product"}],"about":[{"href":"https:\/\/sdmetalshed.com\/es\/wp-json\/wp\/v2\/types\/product"}],"wp:featuredmedia":[{"embeddable":true,"href":"https:\/\/sdmetalshed.com\/es\/wp-json\/wp\/v2\/media\/537"}],"wp:attachment":[{"href":"https:\/\/sdmetalshed.com\/es\/wp-json\/wp\/v2\/media?parent=536"}],"wp:term":[{"taxonomy":"product_brand","embeddable":true,"href":"https:\/\/sdmetalshed.com\/es\/wp-json\/wp\/v2\/product_brand?post=536"},{"taxonomy":"product_cat","embeddable":true,"href":"https:\/\/sdmetalshed.com\/es\/wp-json\/wp\/v2\/product_cat?post=536"},{"taxonomy":"product_tag","embeddable":true,"href":"https:\/\/sdmetalshed.com\/es\/wp-json\/wp\/v2\/product_tag?post=536"}],"curies":[{"name":"wp","href":"https:\/\/api.w.org\/{rel}","templated":true}]}}