{"id":543,"date":"2022-02-28T14:37:04","date_gmt":"2022-02-28T06:37:04","guid":{"rendered":"https:\/\/sdmetalshed.com\/?post_type=product&#038;p=543"},"modified":"2022-02-28T14:37:05","modified_gmt":"2022-02-28T06:37:05","slug":"de-calidad-premium-asequible-grande-al-aire-libre-metal-almacen-caseta-construccion-kits-para-el-bosque","status":"publish","type":"product","link":"https:\/\/sdmetalshed.com\/es\/product\/premium-quality-affordable-large-outdoor-metal-storage-shed-building-kits-for-woodland\/","title":{"rendered":"Kits de construcci\u00f3n de cobertizo de almacenamiento de metal para exteriores, grandes, asequibles, de primera calidad, para Woodland"},"content":{"rendered":"","protected":false},"excerpt":{"rendered":"<p>Este gran cobertizo de almacenamiento de metal para exteriores ofrece una soluci\u00f3n perfecta para sus necesidades de almacenamiento al aire libre. Estos cobertizos de acero galvanizado de alta calidad brindan un espacio seguro para sus herramientas de jard\u00edn y c\u00e9sped, art\u00edculos de temporada y equipos deportivos. Las combinaciones de colores modernas complementan cualquier espacio del patio trasero. El uso del exclusivo sistema de montaje ahorra tiempo de montaje y utiliza un 75% menos de tornillos. Las puertas anchas de doble bisagra y una rampa baja de entrada\/salida ofrecen f\u00e1cil acceso para todas sus necesidades de almacenamiento. Todas las piezas est\u00e1n precortadas e incluyen orificios preperforados para un f\u00e1cil montaje.<\/p>","protected":false},"featured_media":544,"template":"","meta":{"_kad_post_transparent":"default","_kad_post_title":"","_kad_post_layout":"default","_kad_post_sidebar_id":"","_kad_post_content_style":"default","_kad_post_vertical_padding":"default","_kad_post_feature":"","_kad_post_feature_position":"","_kad_post_header":false,"_kad_post_footer":false,"_kad_post_classname":""},"product_brand":[],"product_cat":[33,29,31],"product_tag":[131,132,133,104,135,134],"class_list":{"0":"post-543","1":"product","2":"type-product","3":"status-publish","4":"has-post-thumbnail","6":"product_cat-metal-garden-storage-sheds","7":"product_cat-metal-products","8":"product_cat-storage-sheds","9":"product_tag-affordable-outdoor-metal-storage-shed","10":"product_tag-large-outdoor-metal-storage-shed","11":"product_tag-large-storage-building-kits","12":"product_tag-outdoor-metal-storage-shed","13":"product_tag-outdoor-storage-building-kits","14":"product_tag-woodland-metal-storage-shed","16":"first","17":"instock","18":"shipping-taxable","19":"product-type-simple","20":"entry","21":"content-bg","22":"loop-entry"},"_links":{"self":[{"href":"https:\/\/sdmetalshed.com\/es\/wp-json\/wp\/v2\/product\/543","targetHints":{"allow":["GET"]}}],"collection":[{"href":"https:\/\/sdmetalshed.com\/es\/wp-json\/wp\/v2\/product"}],"about":[{"href":"https:\/\/sdmetalshed.com\/es\/wp-json\/wp\/v2\/types\/product"}],"wp:featuredmedia":[{"embeddable":true,"href":"https:\/\/sdmetalshed.com\/es\/wp-json\/wp\/v2\/media\/544"}],"wp:attachment":[{"href":"https:\/\/sdmetalshed.com\/es\/wp-json\/wp\/v2\/media?parent=543"}],"wp:term":[{"taxonomy":"product_brand","embeddable":true,"href":"https:\/\/sdmetalshed.com\/es\/wp-json\/wp\/v2\/product_brand?post=543"},{"taxonomy":"product_cat","embeddable":true,"href":"https:\/\/sdmetalshed.com\/es\/wp-json\/wp\/v2\/product_cat?post=543"},{"taxonomy":"product_tag","embeddable":true,"href":"https:\/\/sdmetalshed.com\/es\/wp-json\/wp\/v2\/product_tag?post=543"}],"curies":[{"name":"wp","href":"https:\/\/api.w.org\/{rel}","templated":true}]}}