{"id":552,"date":"2022-02-28T19:29:16","date_gmt":"2022-02-28T11:29:16","guid":{"rendered":"https:\/\/sdmetalshed.com\/?post_type=product&#038;p=552"},"modified":"2022-02-28T19:29:17","modified_gmt":"2022-02-28T11:29:17","slug":"ventas-calientes-6-pies-x-3-pies-horizontal-exterior-basura-contenedor-almacenamiento-cubo-basura-almacenamiento","status":"publish","type":"product","link":"https:\/\/sdmetalshed.com\/es\/product\/hot-sales-6-ft-x-3-ft-horizontal-outdoor-trash-bin-storage-shed-garbage-can-storage-shed\/","title":{"rendered":"Gran oferta cobertizo de almacenamiento para cubo de basura al aire libre Horizontal de 6 pies x 3 pies"},"content":{"rendered":"","protected":false},"excerpt":{"rendered":"<p>Este cobertizo de almacenamiento para contenedores de basura al aire libre es una excelente soluci\u00f3n atractiva y multiusos para satisfacer sus necesidades de almacenamiento comunes. Ideal para patios, terrazas o campos deportivos. El cobertizo de almacenamiento para contenedores de basura para exteriores, de tama\u00f1o econ\u00f3mico de 6 pies x 3 pies, es f\u00e1cil de colocar y ser\u00eda un excelente hogar para bicicletas, botes de basura, equipos de patio, equipos deportivos y m\u00e1s. 2 puertas batientes anchas y con cerradura brindan f\u00e1cil acceso a los art\u00edculos almacenados. Los elevadores neum\u00e1ticos ayudan a abrir y cerrar la tapa. Un dise\u00f1o de techo inclinado permite la escorrent\u00eda y el drenaje del agua. Fabricado con materiales duraderos de acero galvanizado. El cobertizo de almacenamiento para contenedores de basura al aire libre, en un moderno color carb\u00f3n, se adapta a la mayor\u00eda de los contenedores de 96 galones. botes de basura.<\/p>","protected":false},"featured_media":553,"template":"","meta":{"_kad_post_transparent":"default","_kad_post_title":"","_kad_post_layout":"default","_kad_post_sidebar_id":"","_kad_post_content_style":"default","_kad_post_vertical_padding":"default","_kad_post_feature":"","_kad_post_feature_position":"","_kad_post_header":false,"_kad_post_footer":false,"_kad_post_classname":""},"product_brand":[],"product_cat":[29,31,34],"product_tag":[141,137,140,138,139,136],"class_list":{"0":"post-552","1":"product","2":"type-product","3":"status-publish","4":"has-post-thumbnail","6":"product_cat-metal-products","7":"product_cat-storage-sheds","8":"product_cat-trash-bin-storage-sheds","9":"product_tag-garbage-can-storage-shed","10":"product_tag-garbage-metal-shed","11":"product_tag-horizontal-trash-bin-storage-shed","12":"product_tag-horizontal-trash-can","13":"product_tag-outdoor-trash-bin-storage-shed","14":"product_tag-steel-horizontal-shed","16":"first","17":"instock","18":"shipping-taxable","19":"product-type-simple","20":"entry","21":"content-bg","22":"loop-entry"},"_links":{"self":[{"href":"https:\/\/sdmetalshed.com\/es\/wp-json\/wp\/v2\/product\/552","targetHints":{"allow":["GET"]}}],"collection":[{"href":"https:\/\/sdmetalshed.com\/es\/wp-json\/wp\/v2\/product"}],"about":[{"href":"https:\/\/sdmetalshed.com\/es\/wp-json\/wp\/v2\/types\/product"}],"wp:featuredmedia":[{"embeddable":true,"href":"https:\/\/sdmetalshed.com\/es\/wp-json\/wp\/v2\/media\/553"}],"wp:attachment":[{"href":"https:\/\/sdmetalshed.com\/es\/wp-json\/wp\/v2\/media?parent=552"}],"wp:term":[{"taxonomy":"product_brand","embeddable":true,"href":"https:\/\/sdmetalshed.com\/es\/wp-json\/wp\/v2\/product_brand?post=552"},{"taxonomy":"product_cat","embeddable":true,"href":"https:\/\/sdmetalshed.com\/es\/wp-json\/wp\/v2\/product_cat?post=552"},{"taxonomy":"product_tag","embeddable":true,"href":"https:\/\/sdmetalshed.com\/es\/wp-json\/wp\/v2\/product_tag?post=552"}],"curies":[{"name":"wp","href":"https:\/\/api.w.org\/{rel}","templated":true}]}}