{"id":565,"date":"2022-02-28T22:39:23","date_gmt":"2022-02-28T14:39:23","guid":{"rendered":"https:\/\/sdmetalshed.com\/?post_type=product&#038;p=565"},"modified":"2022-02-28T22:39:24","modified_gmt":"2022-02-28T14:39:24","slug":"duracion-alta-cobertizo-de-almacenamiento-exterior-de-acero-con-ventilacion-incorporada","status":"publish","type":"product","link":"https:\/\/sdmetalshed.com\/es\/product\/lifetime-high-gable-steel-outdoor-storage-shed-with-built-in-air-vents\/","title":{"rendered":"Cobertizo de almacenamiento para exteriores de acero con frontones altos Lifetime con rejillas de ventilaci\u00f3n incorporadas, 8 pies de ancho x 7 pies de alto x 7 pies"},"content":{"rendered":"","protected":false},"excerpt":{"rendered":"<p>Presentamos el cobertizo de almacenamiento exterior con salidas de aire integradas de la f\u00e1brica de China: un cobertizo que se construye en la mitad de tiempo. El cobertizo de almacenamiento exterior con salidas de aire integradas es un cobertizo de acero galvanizado duradero y hecho para durar. Cuenta con el revolucionario sistema de montaje r\u00e1pido Snap-IT que reduce el tiempo de montaje en un 50 % en comparaci\u00f3n con la mayor\u00eda de los cobertizos de acero del mercado actual. El cobertizo de almacenamiento exterior con salidas de aire integradas tiene una cantidad reducida de sujetadores en las paredes, el techo y las puertas y no hay conexiones de tuercas y pernos m\u00e1s dif\u00edciles, por lo que el montaje es m\u00e1s r\u00e1pido y sencillo. El cobertizo de almacenamiento exterior con salidas de aire integradas presenta un dise\u00f1o que es 2 veces m\u00e1s resistente que los principales cobertizos de acero del mercado. La geometr\u00eda \u00fanica de su panel es m\u00e1s resistente a los impactos y, con sus paneles superpuestos que se conectan cada 12 pulgadas, ofrece un dise\u00f1o general del edificio m\u00e1s s\u00f3lido. El cobertizo de almacenamiento exterior con salidas de aire incorporadas tambi\u00e9n cuenta con un ensamblaje de techo mejorado que permite el montaje del techo en el suelo para una fijaci\u00f3n m\u00e1s f\u00e1cil y r\u00e1pida. El cobertizo de almacenamiento exterior con salidas de aire integradas no solo es un cobertizo m\u00e1s resistente y de montaje m\u00e1s r\u00e1pido, sino que tambi\u00e9n es una versi\u00f3n m\u00e1s moderna y atractiva de los cobertizos de almacenamiento exterior. El cobertizo de almacenamiento para exteriores con salidas de aire integradas est\u00e1 disponible en una paleta de colores actualizada que lo convierte en una soluci\u00f3n de almacenamiento moderna y elegante para \u00e1reas de patio, patio y jard\u00edn. El cobertizo de almacenamiento exterior con salidas de aire integradas no s\u00f3lo tiene mejor aspecto; Tambi\u00e9n ofrece un mejor espacio de almacenamiento.<\/p>","protected":false},"featured_media":566,"template":"","meta":{"_kad_post_transparent":"default","_kad_post_title":"","_kad_post_layout":"default","_kad_post_sidebar_id":"","_kad_post_content_style":"default","_kad_post_vertical_padding":"default","_kad_post_feature":"","_kad_post_feature_position":"","_kad_post_header":false,"_kad_post_footer":false,"_kad_post_classname":""},"product_brand":[],"product_cat":[33,29,31],"product_tag":[146,144,122,147,149,148,145],"class_list":{"0":"post-565","1":"product","2":"type-product","3":"status-publish","4":"has-post-thumbnail","6":"product_cat-metal-garden-storage-sheds","7":"product_cat-metal-products","8":"product_cat-storage-sheds","9":"product_tag-galvanized-steel-high-gable-shed","10":"product_tag-high-gable-steel-storage-shed","11":"product_tag-lifetime-outdoor-storage-shed","12":"product_tag-lifetime-storage-shed","13":"product_tag-outdoor-storage-shed-with-air-vents","14":"product_tag-outdoor-storage-shed-with-built-in-air-vents","15":"product_tag-storage-shed-with-high-gable","17":"first","18":"instock","19":"shipping-taxable","20":"product-type-simple","21":"entry","22":"content-bg","23":"loop-entry"},"_links":{"self":[{"href":"https:\/\/sdmetalshed.com\/es\/wp-json\/wp\/v2\/product\/565","targetHints":{"allow":["GET"]}}],"collection":[{"href":"https:\/\/sdmetalshed.com\/es\/wp-json\/wp\/v2\/product"}],"about":[{"href":"https:\/\/sdmetalshed.com\/es\/wp-json\/wp\/v2\/types\/product"}],"wp:featuredmedia":[{"embeddable":true,"href":"https:\/\/sdmetalshed.com\/es\/wp-json\/wp\/v2\/media\/566"}],"wp:attachment":[{"href":"https:\/\/sdmetalshed.com\/es\/wp-json\/wp\/v2\/media?parent=565"}],"wp:term":[{"taxonomy":"product_brand","embeddable":true,"href":"https:\/\/sdmetalshed.com\/es\/wp-json\/wp\/v2\/product_brand?post=565"},{"taxonomy":"product_cat","embeddable":true,"href":"https:\/\/sdmetalshed.com\/es\/wp-json\/wp\/v2\/product_cat?post=565"},{"taxonomy":"product_tag","embeddable":true,"href":"https:\/\/sdmetalshed.com\/es\/wp-json\/wp\/v2\/product_tag?post=565"}],"curies":[{"name":"wp","href":"https:\/\/api.w.org\/{rel}","templated":true}]}}