{"id":586,"date":"2022-03-01T12:23:46","date_gmt":"2022-03-01T04:23:46","guid":{"rendered":"https:\/\/sdmetalshed.com\/?post_type=product&#038;p=586"},"modified":"2022-03-01T12:23:46","modified_gmt":"2022-03-01T04:23:46","slug":"kit-de-cobertizo-hibrido-de-metal-ironwood-para-jardin-y-almacenamiento-de-herramientas-en-el-patio-trasero","status":"publish","type":"product","link":"https:\/\/sdmetalshed.com\/es\/product\/ironwood-metal-hybrid-shed-kit-for-garden-backyard-tool-storage\/","title":{"rendered":"Kit de cobertizo h\u00edbrido de metal Ironwood para almacenamiento de herramientas en el patio trasero del jard\u00edn en 10 pies x 8 pies."},"content":{"rendered":"","protected":false},"excerpt":{"rendered":"<p>Con el kit de cobertizo Ironwood, obtendr\u00e1 casi todo lo que necesita para construir su propio cobertizo seg\u00fan sus especificaciones. Obtendr\u00e1 la excelente apariencia de un cobertizo de madera a un precio m\u00e1s asequible con este cobertizo h\u00edbrido de paneles de acero y madera. Este kit incluye todos los componentes de acero que necesitar\u00e1 para construir su propio cobertizo; todo lo que necesitar\u00e1 es comprar los paneles de madera que mejor se adapten a sus necesidades (los paneles de madera se venden por separado). Luego, ti\u00f1e y trata la madera y elige el dise\u00f1o de tu cobertizo (vertical u horizontal). Su kit de cobertizo cuenta con piezas totalmente de acero donde m\u00e1s las necesita en su cobertizo. Cuenta con vigas de soporte de acero galvanizado para mayor resistencia a la corrosi\u00f3n y solidez. El cobertizo alto a dos aguas le brinda una amplia altura de almacenamiento que le permite almacenar art\u00edculos a granel y permite un f\u00e1cil acceso. Las puertas corredizas con cerradura mantienen sus art\u00edculos seguros. Obtenga hoy un excelente y asequible kit de cobertizo.<\/p>","protected":false},"featured_media":587,"template":"","meta":{"_kad_post_transparent":"default","_kad_post_title":"","_kad_post_layout":"default","_kad_post_sidebar_id":"","_kad_post_content_style":"default","_kad_post_vertical_padding":"default","_kad_post_feature":"","_kad_post_feature_position":"","_kad_post_header":false,"_kad_post_footer":false,"_kad_post_classname":""},"product_brand":[],"product_cat":[33,29,31],"product_tag":[160,159,158],"class_list":{"0":"post-586","1":"product","2":"type-product","3":"status-publish","4":"has-post-thumbnail","6":"product_cat-metal-garden-storage-sheds","7":"product_cat-metal-products","8":"product_cat-storage-sheds","9":"product_tag-backyard-tool-storage-shed-kit","10":"product_tag-garden-tool-storage-shed-kit","11":"product_tag-ironwood-metal-hybrid-shed-kit","13":"first","14":"instock","15":"shipping-taxable","16":"product-type-simple","17":"entry","18":"content-bg","19":"loop-entry"},"_links":{"self":[{"href":"https:\/\/sdmetalshed.com\/es\/wp-json\/wp\/v2\/product\/586","targetHints":{"allow":["GET"]}}],"collection":[{"href":"https:\/\/sdmetalshed.com\/es\/wp-json\/wp\/v2\/product"}],"about":[{"href":"https:\/\/sdmetalshed.com\/es\/wp-json\/wp\/v2\/types\/product"}],"wp:featuredmedia":[{"embeddable":true,"href":"https:\/\/sdmetalshed.com\/es\/wp-json\/wp\/v2\/media\/587"}],"wp:attachment":[{"href":"https:\/\/sdmetalshed.com\/es\/wp-json\/wp\/v2\/media?parent=586"}],"wp:term":[{"taxonomy":"product_brand","embeddable":true,"href":"https:\/\/sdmetalshed.com\/es\/wp-json\/wp\/v2\/product_brand?post=586"},{"taxonomy":"product_cat","embeddable":true,"href":"https:\/\/sdmetalshed.com\/es\/wp-json\/wp\/v2\/product_cat?post=586"},{"taxonomy":"product_tag","embeddable":true,"href":"https:\/\/sdmetalshed.com\/es\/wp-json\/wp\/v2\/product_tag?post=586"}],"curies":[{"name":"wp","href":"https:\/\/api.w.org\/{rel}","templated":true}]}}