{"id":594,"date":"2022-03-01T13:49:18","date_gmt":"2022-03-01T05:49:18","guid":{"rendered":"https:\/\/sdmetalshed.com\/?post_type=product&#038;p=594"},"modified":"2022-03-01T13:49:18","modified_gmt":"2022-03-01T05:49:18","slug":"moderno-exterior-metal-jardin-patio-trasero-cobertizo-de-almacenamiento","status":"publish","type":"product","link":"https:\/\/sdmetalshed.com\/es\/product\/modern-outdoor-metal-garden-patio-backyard-storage-shed\/","title":{"rendered":"Modern Outdoor Metal Garden Patio Backyard Storage Shed 5.9 ft. x 3.2 ft. x 2.7 ft."},"content":{"rendered":"","protected":false},"excerpt":{"rendered":"<p>Almacene y proteja sus suministros de jard\u00edn en este cobertizo de almacenamiento para patio resistente y duradero junto a este moderno cobertizo de almacenamiento de metal para exteriores. Con 6 pies cuadrados de espacio interno, este cobertizo compacto est\u00e1 construido con acero galvanizado con recubrimiento en polvo que es resistente al \u00f3xido, la corrosi\u00f3n y los rayos UV. 2 estantes para herramientas brindan opciones de almacenamiento elevadas para maximizar el espacio. La puerta \u00fanica con bisagras se abre completamente para permitir un f\u00e1cil acceso y se asegura con un cierre giratorio y una llave. Para todas sus necesidades de almacenamiento al aire libre.<\/p>","protected":false},"featured_media":595,"template":"","meta":{"_kad_post_transparent":"default","_kad_post_title":"","_kad_post_layout":"default","_kad_post_sidebar_id":"","_kad_post_content_style":"default","_kad_post_vertical_padding":"default","_kad_post_feature":"","_kad_post_feature_position":"","_kad_post_header":false,"_kad_post_footer":false,"_kad_post_classname":""},"product_brand":[],"product_cat":[33,29,31],"product_tag":[164,162,163,161,104],"class_list":{"0":"post-594","1":"product","2":"type-product","3":"status-publish","4":"has-post-thumbnail","6":"product_cat-metal-garden-storage-sheds","7":"product_cat-metal-products","8":"product_cat-storage-sheds","9":"product_tag-metal-backyard-storage-shed","10":"product_tag-metal-garden-storage-shed","11":"product_tag-metal-patio-storage-shed","12":"product_tag-modern-outdoor-storage-shed","13":"product_tag-outdoor-metal-storage-shed","15":"first","16":"instock","17":"shipping-taxable","18":"product-type-simple","19":"entry","20":"content-bg","21":"loop-entry"},"_links":{"self":[{"href":"https:\/\/sdmetalshed.com\/es\/wp-json\/wp\/v2\/product\/594","targetHints":{"allow":["GET"]}}],"collection":[{"href":"https:\/\/sdmetalshed.com\/es\/wp-json\/wp\/v2\/product"}],"about":[{"href":"https:\/\/sdmetalshed.com\/es\/wp-json\/wp\/v2\/types\/product"}],"wp:featuredmedia":[{"embeddable":true,"href":"https:\/\/sdmetalshed.com\/es\/wp-json\/wp\/v2\/media\/595"}],"wp:attachment":[{"href":"https:\/\/sdmetalshed.com\/es\/wp-json\/wp\/v2\/media?parent=594"}],"wp:term":[{"taxonomy":"product_brand","embeddable":true,"href":"https:\/\/sdmetalshed.com\/es\/wp-json\/wp\/v2\/product_brand?post=594"},{"taxonomy":"product_cat","embeddable":true,"href":"https:\/\/sdmetalshed.com\/es\/wp-json\/wp\/v2\/product_cat?post=594"},{"taxonomy":"product_tag","embeddable":true,"href":"https:\/\/sdmetalshed.com\/es\/wp-json\/wp\/v2\/product_tag?post=594"}],"curies":[{"name":"wp","href":"https:\/\/api.w.org\/{rel}","templated":true}]}}