{"id":616,"date":"2022-03-01T21:25:59","date_gmt":"2022-03-01T13:25:59","guid":{"rendered":"https:\/\/sdmetalshed.com\/?post_type=product&#038;p=616"},"modified":"2022-03-01T21:26:00","modified_gmt":"2022-03-01T13:26:00","slug":"custom-double-door-metal-yard-saver-white-galvanized-metal-storage-shed","status":"publish","type":"product","link":"https:\/\/sdmetalshed.com\/es\/product\/custom-double-door-metal-yard-saver-white-galvanized-metal-storage-shed\/","title":{"rendered":"Personalizado-Doble-Puerta-Metal-Yard-Saver-Blanco-Cobertizo-de-Almacenamiento-de-Metal-Galvanizado-4-pies-x-7-pies."},"content":{"rendered":"","protected":false},"excerpt":{"rendered":"<p>Un techo inclinado y un dise\u00f1o inclinado le permiten apoyar este cobertizo de almacenamiento de metal contra otra estructura para lograr la m\u00e1xima eficiencia del espacio. La entrada de doble puerta se puede ensamblar en cualquier extremo para satisfacer sus necesidades y el dise\u00f1o de 4 pies x 7 pies cuenta con 154 pies c\u00fabicos. pies de espacio de almacenamiento para proteger bicicletas, muebles de jard\u00edn, equipos para parrillas, herramientas, suministros para c\u00e9sped y jard\u00edn, accesorios para piscinas, botes de basura y m\u00e1s. Este edificio de almacenamiento sin piso est\u00e1 construido con acero galvanizado y se eleva 82 pulgadas en su punto m\u00e1s alto, ofreciendo abundante espacio libre para maniobrabilidad.<\/p>","protected":false},"featured_media":617,"template":"","meta":{"_kad_post_transparent":"default","_kad_post_title":"","_kad_post_layout":"default","_kad_post_sidebar_id":"","_kad_post_content_style":"default","_kad_post_vertical_padding":"default","_kad_post_feature":"","_kad_post_feature_position":"","_kad_post_header":false,"_kad_post_footer":false,"_kad_post_classname":""},"product_brand":[],"product_cat":[33,29,31],"product_tag":[175,172,171,174,169,173],"class_list":{"0":"post-616","1":"product","2":"type-product","3":"status-publish","4":"has-post-thumbnail","6":"product_cat-metal-garden-storage-sheds","7":"product_cat-metal-products","8":"product_cat-storage-sheds","9":"product_tag-custom-metal-storage-shed","10":"product_tag-double-door-metal-storage-shed","11":"product_tag-double-door-metal-yard-saver","12":"product_tag-galvanized-metal-storage-shed","13":"product_tag-metal-storage-shed","14":"product_tag-metal-yard-saver","16":"first","17":"instock","18":"shipping-taxable","19":"product-type-simple","20":"entry","21":"content-bg","22":"loop-entry"},"_links":{"self":[{"href":"https:\/\/sdmetalshed.com\/es\/wp-json\/wp\/v2\/product\/616","targetHints":{"allow":["GET"]}}],"collection":[{"href":"https:\/\/sdmetalshed.com\/es\/wp-json\/wp\/v2\/product"}],"about":[{"href":"https:\/\/sdmetalshed.com\/es\/wp-json\/wp\/v2\/types\/product"}],"wp:featuredmedia":[{"embeddable":true,"href":"https:\/\/sdmetalshed.com\/es\/wp-json\/wp\/v2\/media\/617"}],"wp:attachment":[{"href":"https:\/\/sdmetalshed.com\/es\/wp-json\/wp\/v2\/media?parent=616"}],"wp:term":[{"taxonomy":"product_brand","embeddable":true,"href":"https:\/\/sdmetalshed.com\/es\/wp-json\/wp\/v2\/product_brand?post=616"},{"taxonomy":"product_cat","embeddable":true,"href":"https:\/\/sdmetalshed.com\/es\/wp-json\/wp\/v2\/product_cat?post=616"},{"taxonomy":"product_tag","embeddable":true,"href":"https:\/\/sdmetalshed.com\/es\/wp-json\/wp\/v2\/product_tag?post=616"}],"curies":[{"name":"wp","href":"https:\/\/api.w.org\/{rel}","templated":true}]}}