{"id":623,"date":"2022-03-01T21:51:26","date_gmt":"2022-03-01T13:51:26","guid":{"rendered":"https:\/\/sdmetalshed.com\/?post_type=product&#038;p=623"},"modified":"2022-03-01T21:51:26","modified_gmt":"2022-03-01T13:51:26","slug":"marron-metal-exterior-jardin-patio-caseta-de-almacenamiento-de-herramientas-con-ventilacion-y-puerta-con-cerradura","status":"publish","type":"product","link":"https:\/\/sdmetalshed.com\/es\/product\/brown-metal-outdoor-garden-patio-tool-storage-shed-with-vents-and-lockable-door\/","title":{"rendered":"Cobertizo de almacenamiento de herramientas para patio y jard\u00edn al aire libre de metal marr\u00f3n con rejillas de ventilaci\u00f3n y puerta con cerradura"},"content":{"rendered":"","protected":false},"excerpt":{"rendered":"<p>Si buscas un lugar de almacenamiento adicional para tu hogar, este cobertizo de metal ser\u00e1 una buena opci\u00f3n. Con una cobertura de 44 pies cuadrados, este cobertizo de jard\u00edn es f\u00e1cil para guardar sus suministros de jard\u00edn, adem\u00e1s de ser un lugar de almacenamiento de basura. Tambi\u00e9n es una buena opci\u00f3n al ser una casa para mascotas con espacio amplio. Tambi\u00e9n se incluye una base en el paquete para que pueda personalizar su propio almacenamiento al aire libre m\u00e1s f\u00e1cilmente.<\/p>","protected":false},"featured_media":624,"template":"","meta":{"_kad_post_transparent":"default","_kad_post_title":"","_kad_post_layout":"default","_kad_post_sidebar_id":"","_kad_post_content_style":"default","_kad_post_vertical_padding":"default","_kad_post_feature":"","_kad_post_feature_position":"","_kad_post_header":false,"_kad_post_footer":false,"_kad_post_classname":""},"product_brand":[],"product_cat":[33,29,31],"product_tag":[176,62,178,177,119,100],"class_list":{"0":"post-623","1":"product","2":"type-product","3":"status-publish","4":"has-post-thumbnail","6":"product_cat-metal-garden-storage-sheds","7":"product_cat-metal-products","8":"product_cat-storage-sheds","9":"product_tag-brown-metal-outdoor-storage-shed","10":"product_tag-garden-tool-storage-shed","11":"product_tag-metal-storage-shed-with-lockable-door","12":"product_tag-metal-storage-shed-with-vents","13":"product_tag-outdoor-storage-shed","14":"product_tag-outdoor-tool-storage-shed","16":"first","17":"instock","18":"shipping-taxable","19":"product-type-simple","20":"entry","21":"content-bg","22":"loop-entry"},"_links":{"self":[{"href":"https:\/\/sdmetalshed.com\/es\/wp-json\/wp\/v2\/product\/623","targetHints":{"allow":["GET"]}}],"collection":[{"href":"https:\/\/sdmetalshed.com\/es\/wp-json\/wp\/v2\/product"}],"about":[{"href":"https:\/\/sdmetalshed.com\/es\/wp-json\/wp\/v2\/types\/product"}],"wp:featuredmedia":[{"embeddable":true,"href":"https:\/\/sdmetalshed.com\/es\/wp-json\/wp\/v2\/media\/624"}],"wp:attachment":[{"href":"https:\/\/sdmetalshed.com\/es\/wp-json\/wp\/v2\/media?parent=623"}],"wp:term":[{"taxonomy":"product_brand","embeddable":true,"href":"https:\/\/sdmetalshed.com\/es\/wp-json\/wp\/v2\/product_brand?post=623"},{"taxonomy":"product_cat","embeddable":true,"href":"https:\/\/sdmetalshed.com\/es\/wp-json\/wp\/v2\/product_cat?post=623"},{"taxonomy":"product_tag","embeddable":true,"href":"https:\/\/sdmetalshed.com\/es\/wp-json\/wp\/v2\/product_tag?post=623"}],"curies":[{"name":"wp","href":"https:\/\/api.w.org\/{rel}","templated":true}]}}