{"id":644,"date":"2022-03-07T16:56:21","date_gmt":"2022-03-07T08:56:21","guid":{"rendered":"https:\/\/sdmetalshed.com\/?post_type=product&#038;p=644"},"modified":"2022-03-07T16:56:22","modified_gmt":"2022-03-07T08:56:22","slug":"cobertizo-de-metal-galvanizado-con-puertas-cerrables-almacenamiento-de-herramientas-caseta-de-jardin-para-patio-cesped-patio-trasero-bidones-de-basura","status":"publish","type":"product","link":"https:\/\/sdmetalshed.com\/es\/product\/galvanized-metal-shed-with-lockable-doors-tool-storage-garden-shed-for-patio-lawn-backyard-trash-cans\/","title":{"rendered":"Cobertizo de metal galvanizado con puertas con cerradura, cobertizo de jard\u00edn para almacenamiento de herramientas, botes de basura para patio, c\u00e9sped y patio trasero"},"content":{"rendered":"","protected":false},"excerpt":{"rendered":"<p>Este cobertizo de almacenamiento para jard\u00edn de 5 pies x 3 pies es la soluci\u00f3n de almacenamiento ideal para jardines peque\u00f1os o \u00e1reas con espacio limitado. Tiene el tama\u00f1o perfecto para guardar bicicletas, cortac\u00e9sped, barbacoas y herramientas de jard\u00edn. Como ocurre con todos nuestros cobertizos de acero, esta unidad compacta est\u00e1 construida con l\u00e1minas de acero galvanizado y marcos de aluminio sui generis, acero galvanizado resistente al \u00f3xido, la corrosi\u00f3n y los rayos UV. El dise\u00f1o del techo inclinado permite un drenaje eficiente del agua y la nieve para mantener todo agradable y seco durante todo el a\u00f1o.<\/p>","protected":false},"featured_media":645,"template":"","meta":{"_kad_post_transparent":"default","_kad_post_title":"","_kad_post_layout":"default","_kad_post_sidebar_id":"","_kad_post_content_style":"default","_kad_post_vertical_padding":"default","_kad_post_feature":"","_kad_post_feature_position":"","_kad_post_header":false,"_kad_post_footer":false,"_kad_post_classname":""},"product_brand":[],"product_cat":[33,29,31],"product_tag":[101,186,189,188,187,190],"class_list":{"0":"post-644","1":"product","2":"type-product","3":"status-publish","4":"has-post-thumbnail","6":"product_cat-metal-garden-storage-sheds","7":"product_cat-metal-products","8":"product_cat-storage-sheds","9":"product_tag-backyard-tool-storage-shed","10":"product_tag-galvanized-metal-shed-with-lockable-doors","11":"product_tag-lawn-tool-storage-shed","12":"product_tag-patio-tool-storage-shed","13":"product_tag-tool-storage-garden-shed","14":"product_tag-trash-cans-storage-shed","16":"first","17":"instock","18":"shipping-taxable","19":"product-type-simple","20":"entry","21":"content-bg","22":"loop-entry"},"_links":{"self":[{"href":"https:\/\/sdmetalshed.com\/es\/wp-json\/wp\/v2\/product\/644","targetHints":{"allow":["GET"]}}],"collection":[{"href":"https:\/\/sdmetalshed.com\/es\/wp-json\/wp\/v2\/product"}],"about":[{"href":"https:\/\/sdmetalshed.com\/es\/wp-json\/wp\/v2\/types\/product"}],"wp:featuredmedia":[{"embeddable":true,"href":"https:\/\/sdmetalshed.com\/es\/wp-json\/wp\/v2\/media\/645"}],"wp:attachment":[{"href":"https:\/\/sdmetalshed.com\/es\/wp-json\/wp\/v2\/media?parent=644"}],"wp:term":[{"taxonomy":"product_brand","embeddable":true,"href":"https:\/\/sdmetalshed.com\/es\/wp-json\/wp\/v2\/product_brand?post=644"},{"taxonomy":"product_cat","embeddable":true,"href":"https:\/\/sdmetalshed.com\/es\/wp-json\/wp\/v2\/product_cat?post=644"},{"taxonomy":"product_tag","embeddable":true,"href":"https:\/\/sdmetalshed.com\/es\/wp-json\/wp\/v2\/product_tag?post=644"}],"curies":[{"name":"wp","href":"https:\/\/api.w.org\/{rel}","templated":true}]}}