{"id":649,"date":"2022-03-07T19:14:40","date_gmt":"2022-03-07T11:14:40","guid":{"rendered":"https:\/\/sdmetalshed.com\/?post_type=product&#038;p=649"},"modified":"2022-03-07T19:14:41","modified_gmt":"2022-03-07T11:14:41","slug":"acero-galvanizado-gran-espacio-largo-cobertizo-de-almacenamiento-de-herramientas-de-jardin-en-color-verde","status":"publish","type":"product","link":"https:\/\/sdmetalshed.com\/es\/product\/galvanized-steel-large-space-long-metal-garden-tool-storage-shed-in-green-color\/","title":{"rendered":"Cobertizo largo de acero galvanizado para almacenamiento de herramientas de jard\u00edn de metal de gran espacio en color verde"},"content":{"rendered":"","protected":false},"excerpt":{"rendered":"<p>Esta caseta de jard\u00edn de acero galvanizado ser\u00e1 perfecta para guardar una amplia variedad de herramientas, muebles y equipos de jard\u00edn. La caseta de jard\u00edn no s\u00f3lo ofrece protecci\u00f3n contra la suciedad y el polvo, sino tambi\u00e9n contra el viento y las inclemencias del tiempo.<br \/>\nEste almac\u00e9n cuenta con rejillas de ventilaci\u00f3n que garantizan una excelente ventilaci\u00f3n. Sus puertas corredizas dobles en el frente permiten una f\u00e1cil entrada y salida. Gracias a la construcci\u00f3n de acero galvanizado, el cobertizo de almacenamiento de herramientas es duradero y resistente, y no se corroe ni se ve afectado por condiciones clim\u00e1ticas adversas.<\/p>","protected":false},"featured_media":650,"template":"","meta":{"_kad_post_transparent":"default","_kad_post_title":"","_kad_post_layout":"default","_kad_post_sidebar_id":"","_kad_post_content_style":"default","_kad_post_vertical_padding":"default","_kad_post_feature":"","_kad_post_feature_position":"","_kad_post_header":false,"_kad_post_footer":false,"_kad_post_classname":""},"product_brand":[],"product_cat":[33,29,31],"product_tag":[77,62,191,162],"class_list":{"0":"post-649","1":"product","2":"type-product","3":"status-publish","4":"has-post-thumbnail","6":"product_cat-metal-garden-storage-sheds","7":"product_cat-metal-products","8":"product_cat-storage-sheds","9":"product_tag-galvanized-steel-storage-shed","10":"product_tag-garden-tool-storage-shed","11":"product_tag-large-space-storage-shed","12":"product_tag-metal-garden-storage-shed","14":"first","15":"instock","16":"shipping-taxable","17":"product-type-simple","18":"entry","19":"content-bg","20":"loop-entry"},"_links":{"self":[{"href":"https:\/\/sdmetalshed.com\/es\/wp-json\/wp\/v2\/product\/649","targetHints":{"allow":["GET"]}}],"collection":[{"href":"https:\/\/sdmetalshed.com\/es\/wp-json\/wp\/v2\/product"}],"about":[{"href":"https:\/\/sdmetalshed.com\/es\/wp-json\/wp\/v2\/types\/product"}],"wp:featuredmedia":[{"embeddable":true,"href":"https:\/\/sdmetalshed.com\/es\/wp-json\/wp\/v2\/media\/650"}],"wp:attachment":[{"href":"https:\/\/sdmetalshed.com\/es\/wp-json\/wp\/v2\/media?parent=649"}],"wp:term":[{"taxonomy":"product_brand","embeddable":true,"href":"https:\/\/sdmetalshed.com\/es\/wp-json\/wp\/v2\/product_brand?post=649"},{"taxonomy":"product_cat","embeddable":true,"href":"https:\/\/sdmetalshed.com\/es\/wp-json\/wp\/v2\/product_cat?post=649"},{"taxonomy":"product_tag","embeddable":true,"href":"https:\/\/sdmetalshed.com\/es\/wp-json\/wp\/v2\/product_tag?post=649"}],"curies":[{"name":"wp","href":"https:\/\/api.w.org\/{rel}","templated":true}]}}