{"id":659,"date":"2022-03-07T19:33:29","date_gmt":"2022-03-07T11:33:29","guid":{"rendered":"https:\/\/sdmetalshed.com\/?post_type=product&#038;p=659"},"modified":"2022-03-07T19:33:30","modified_gmt":"2022-03-07T11:33:30","slug":"almacenamiento-exterior-cobertizo-metal-acero-galvanizado-con-puerta-bloqueable-para-jardin","status":"publish","type":"product","link":"https:\/\/sdmetalshed.com\/es\/product\/outdoor-storage-metal-shed-galvanized-steel-with-lockable-door-for-backyard-garden\/","title":{"rendered":"Cobertizo de metal para almacenamiento al aire libre de acero galvanizado con puerta bloqueable para jard\u00edn trasero"},"content":{"rendered":"","protected":false},"excerpt":{"rendered":"<p>Este cobertizo met\u00e1lico de almacenamiento para exteriores con puerta con cerradura est\u00e1 hecho de acero galvanizado y revestido resistente. Es perfecto para patio al aire libre, jard\u00edn, patio, casa de herramientas resistente a la intemperie. La pared interior de gran tama\u00f1o y extra alta de 65\u201d aument\u00f3 el espacio de almacenamiento para cortadoras de c\u00e9sped, contenedores de basura, bicicletas, herramientas el\u00e9ctricas, mangueras y otros art\u00edculos. El front\u00f3n con ventilaci\u00f3n alta aumenta el flujo de agua y las fugas durante lluvias intensas, y el flujo de aire se puede aumentar hacia el interior del cobertizo de almacenamiento de metal.<\/p>","protected":false},"featured_media":660,"template":"","meta":{"_kad_post_transparent":"default","_kad_post_title":"","_kad_post_layout":"default","_kad_post_sidebar_id":"","_kad_post_content_style":"default","_kad_post_vertical_padding":"default","_kad_post_feature":"","_kad_post_feature_position":"","_kad_post_header":false,"_kad_post_footer":false,"_kad_post_classname":""},"product_brand":[],"product_cat":[33,29,31],"product_tag":[197,198,199,196],"class_list":{"0":"post-659","1":"product","2":"type-product","3":"status-publish","4":"has-post-thumbnail","6":"product_cat-metal-garden-storage-sheds","7":"product_cat-metal-products","8":"product_cat-storage-sheds","9":"product_tag-backyard-storage-metal-shed","10":"product_tag-garden-outdoor-storage-metal-shed","11":"product_tag-metal-shed-with-lockable-door","12":"product_tag-outdoor-storage-metal-shed","14":"first","15":"instock","16":"shipping-taxable","17":"product-type-simple","18":"entry","19":"content-bg","20":"loop-entry"},"_links":{"self":[{"href":"https:\/\/sdmetalshed.com\/es\/wp-json\/wp\/v2\/product\/659","targetHints":{"allow":["GET"]}}],"collection":[{"href":"https:\/\/sdmetalshed.com\/es\/wp-json\/wp\/v2\/product"}],"about":[{"href":"https:\/\/sdmetalshed.com\/es\/wp-json\/wp\/v2\/types\/product"}],"wp:featuredmedia":[{"embeddable":true,"href":"https:\/\/sdmetalshed.com\/es\/wp-json\/wp\/v2\/media\/660"}],"wp:attachment":[{"href":"https:\/\/sdmetalshed.com\/es\/wp-json\/wp\/v2\/media?parent=659"}],"wp:term":[{"taxonomy":"product_brand","embeddable":true,"href":"https:\/\/sdmetalshed.com\/es\/wp-json\/wp\/v2\/product_brand?post=659"},{"taxonomy":"product_cat","embeddable":true,"href":"https:\/\/sdmetalshed.com\/es\/wp-json\/wp\/v2\/product_cat?post=659"},{"taxonomy":"product_tag","embeddable":true,"href":"https:\/\/sdmetalshed.com\/es\/wp-json\/wp\/v2\/product_tag?post=659"}],"curies":[{"name":"wp","href":"https:\/\/api.w.org\/{rel}","templated":true}]}}