{"id":669,"date":"2022-03-07T19:49:52","date_gmt":"2022-03-07T11:49:52","guid":{"rendered":"https:\/\/sdmetalshed.com\/?post_type=product&#038;p=669"},"modified":"2022-03-07T19:50:14","modified_gmt":"2022-03-07T11:50:14","slug":"cobertizo-de-almacenamiento-de-acero-azul-y-gris-al-aire-libre-cobertizo-de-almacenamiento-de-acero-en-el-patio-creador-de-espacio","status":"publish","type":"product","link":"https:\/\/sdmetalshed.com\/es\/product\/blue-and-gray-outdoor-steel-storage-shed-patio-steel-storage-shed-space-maker\/","title":{"rendered":"Cobertizo de almacenamiento de acero para exteriores azul y gris, cobertizo de almacenamiento de acero para patio, fabricante de espacio"},"content":{"rendered":"","protected":false},"excerpt":{"rendered":"<p>El cobertizo de almacenamiento de acero para patio tiene el tama\u00f1o perfecto para almacenar todos los art\u00edculos que usa en su terraza y patio. Guarda tus cojines, carritos de servicio y mucho m\u00e1s cuando no los uses, manteni\u00e9ndolos a salvo de la madre naturaleza. Las paredes altas y las amplias aberturas de las puertas batientes le permiten entrar y sacar art\u00edculos con facilidad. Este cobertizo de acero galvanizado est\u00e1 fabricado con orgullo en los EE. UU. con material de origen mundial. Obtenga el almacenamiento que necesita con este paquete asequible, est\u00e9ticamente agradable y de tama\u00f1o perfecto para su patio o terraza.<\/p>","protected":false},"featured_media":665,"template":"","meta":{"_kad_post_transparent":"default","_kad_post_title":"","_kad_post_layout":"default","_kad_post_sidebar_id":"","_kad_post_content_style":"default","_kad_post_vertical_padding":"default","_kad_post_feature":"","_kad_post_feature_position":"","_kad_post_header":false,"_kad_post_footer":false,"_kad_post_classname":""},"product_brand":[],"product_cat":[33,29,31],"product_tag":[200,202,201,203],"class_list":{"0":"post-669","1":"product","2":"type-product","3":"status-publish","4":"has-post-thumbnail","6":"product_cat-metal-garden-storage-sheds","7":"product_cat-metal-products","8":"product_cat-storage-sheds","9":"product_tag-outdoor-steel-storage-shed","10":"product_tag-patio-outdoor-storage-shed","11":"product_tag-patio-steel-storage-shed","12":"product_tag-storage-shed-space-maker","14":"first","15":"instock","16":"shipping-taxable","17":"product-type-simple","18":"entry","19":"content-bg","20":"loop-entry"},"_links":{"self":[{"href":"https:\/\/sdmetalshed.com\/es\/wp-json\/wp\/v2\/product\/669","targetHints":{"allow":["GET"]}}],"collection":[{"href":"https:\/\/sdmetalshed.com\/es\/wp-json\/wp\/v2\/product"}],"about":[{"href":"https:\/\/sdmetalshed.com\/es\/wp-json\/wp\/v2\/types\/product"}],"wp:featuredmedia":[{"embeddable":true,"href":"https:\/\/sdmetalshed.com\/es\/wp-json\/wp\/v2\/media\/665"}],"wp:attachment":[{"href":"https:\/\/sdmetalshed.com\/es\/wp-json\/wp\/v2\/media?parent=669"}],"wp:term":[{"taxonomy":"product_brand","embeddable":true,"href":"https:\/\/sdmetalshed.com\/es\/wp-json\/wp\/v2\/product_brand?post=669"},{"taxonomy":"product_cat","embeddable":true,"href":"https:\/\/sdmetalshed.com\/es\/wp-json\/wp\/v2\/product_cat?post=669"},{"taxonomy":"product_tag","embeddable":true,"href":"https:\/\/sdmetalshed.com\/es\/wp-json\/wp\/v2\/product_tag?post=669"}],"curies":[{"name":"wp","href":"https:\/\/api.w.org\/{rel}","templated":true}]}}