{"id":695,"date":"2022-03-07T22:48:12","date_gmt":"2022-03-07T14:48:12","guid":{"rendered":"https:\/\/sdmetalshed.com\/?post_type=product&#038;p=695"},"modified":"2022-03-08T16:12:35","modified_gmt":"2022-03-08T08:12:35","slug":"patio-cesped-jardin-patio-trasero-cobertizo-de-almacenamiento-de-acero-con-puerta-con-cierre-y-ventilaciones","status":"publish","type":"product","link":"https:\/\/sdmetalshed.com\/es\/product\/patio-lawn-backyard-garden-steel-storage-shed-with-lockable-door-and-air-vents\/","title":{"rendered":"Cobertizo de almacenamiento de acero para jard\u00edn, patio, c\u00e9sped, patio trasero, con puerta con cerradura y salidas de aire"},"content":{"rendered":"","protected":false},"excerpt":{"rendered":"<p>La caseta de jard\u00edn est\u00e1 hecha de acero galvanizado, que es m\u00e1s duradero y estable que los materiales compuestos convencionales. El acero galvanizado es menos propenso a oxidarse o corroerse y es duradero. Este cobertizo de almacenamiento puede funcionar perfectamente al aire libre en cualquier clima o estaci\u00f3n. Este cobertizo de almacenamiento al aire libre le permite satisfacer sus m\u00faltiples prop\u00f3sitos, como almacenamiento de herramientas, cuarto de basura, hogar para mascotas y tambi\u00e9n sal\u00f3n al aire libre. Este cobertizo para exteriores es f\u00e1cil de montar y puede instalarlo en su jard\u00edn, patio trasero y tambi\u00e9n en algunos parques para guardar sus pertenencias adicionales.<\/p>","protected":false},"featured_media":697,"template":"","meta":{"_kad_post_transparent":"default","_kad_post_title":"","_kad_post_layout":"default","_kad_post_sidebar_id":"","_kad_post_content_style":"default","_kad_post_vertical_padding":"default","_kad_post_feature":"","_kad_post_feature_position":"","_kad_post_header":false,"_kad_post_footer":false,"_kad_post_classname":""},"product_brand":[],"product_cat":[33,29,31],"product_tag":[221,222,220,201,224,223],"class_list":{"0":"post-695","1":"product","2":"type-product","3":"status-publish","4":"has-post-thumbnail","6":"product_cat-metal-garden-storage-sheds","7":"product_cat-metal-products","8":"product_cat-storage-sheds","9":"product_tag-backyard-steel-storage-shed","10":"product_tag-garden-steel-storage-shed","11":"product_tag-lawn-steel-storage-shed","12":"product_tag-patio-steel-storage-shed","13":"product_tag-steel-storage-shed-with-air-vents","14":"product_tag-steel-storage-shed-with-lockable-door","16":"first","17":"instock","18":"featured","19":"shipping-taxable","20":"product-type-simple","21":"entry","22":"content-bg","23":"loop-entry"},"_links":{"self":[{"href":"https:\/\/sdmetalshed.com\/es\/wp-json\/wp\/v2\/product\/695","targetHints":{"allow":["GET"]}}],"collection":[{"href":"https:\/\/sdmetalshed.com\/es\/wp-json\/wp\/v2\/product"}],"about":[{"href":"https:\/\/sdmetalshed.com\/es\/wp-json\/wp\/v2\/types\/product"}],"wp:featuredmedia":[{"embeddable":true,"href":"https:\/\/sdmetalshed.com\/es\/wp-json\/wp\/v2\/media\/697"}],"wp:attachment":[{"href":"https:\/\/sdmetalshed.com\/es\/wp-json\/wp\/v2\/media?parent=695"}],"wp:term":[{"taxonomy":"product_brand","embeddable":true,"href":"https:\/\/sdmetalshed.com\/es\/wp-json\/wp\/v2\/product_brand?post=695"},{"taxonomy":"product_cat","embeddable":true,"href":"https:\/\/sdmetalshed.com\/es\/wp-json\/wp\/v2\/product_cat?post=695"},{"taxonomy":"product_tag","embeddable":true,"href":"https:\/\/sdmetalshed.com\/es\/wp-json\/wp\/v2\/product_tag?post=695"}],"curies":[{"name":"wp","href":"https:\/\/api.w.org\/{rel}","templated":true}]}}