{"id":719,"date":"2022-03-07T23:22:43","date_gmt":"2022-03-07T15:22:43","guid":{"rendered":"https:\/\/sdmetalshed.com\/?post_type=product&#038;p=719"},"modified":"2022-03-07T23:22:43","modified_gmt":"2022-03-07T15:22:43","slug":"cobertizo-de-almacenamiento-para-jardin-casa-de-herramientas-puerta-corrediza-de-acero-galvanizado-verde","status":"publish","type":"product","link":"https:\/\/sdmetalshed.com\/es\/product\/outdoor-garden-storage-shed-tool-house-sliding-door-galvanized-steel-green\/","title":{"rendered":"Cobertizo de almacenamiento para jard\u00edn al aire libre, casa de herramientas, puerta corredera, acero galvanizado, verde"},"content":{"rendered":"","protected":false},"excerpt":{"rendered":"<p>Este es nuestro atractivo y bien dise\u00f1ado cobertizo para jard\u00edn al aire libre, adecuado para guardar juguetes, herramientas de jard\u00edn, decoraciones de temporada u otras pertenencias de repuesto. Equipado con dos puertas correderas y cuatro ventanas de ventilaci\u00f3n colocadas en alto, garantiza seguridad y una ventilaci\u00f3n adecuada. El montaje sin complicaciones y el f\u00e1cil acceso a las pertenencias hacen que el almacenamiento al aire libre sea c\u00f3modo y seguro. \u00a1No dudes en comprar uno!<\/p>","protected":false},"featured_media":720,"template":"","meta":{"_kad_post_transparent":"default","_kad_post_title":"","_kad_post_layout":"default","_kad_post_sidebar_id":"","_kad_post_content_style":"default","_kad_post_vertical_padding":"default","_kad_post_feature":"","_kad_post_feature_position":"","_kad_post_header":false,"_kad_post_footer":false,"_kad_post_classname":""},"product_brand":[],"product_cat":[33,29,31],"product_tag":[230,105,229],"class_list":{"0":"post-719","1":"product","2":"type-product","3":"status-publish","4":"has-post-thumbnail","6":"product_cat-metal-garden-storage-sheds","7":"product_cat-metal-products","8":"product_cat-storage-sheds","9":"product_tag-outdoor-garden-storage-house","10":"product_tag-outdoor-garden-storage-shed","11":"product_tag-outdoor-garden-storage-tool-house","13":"first","14":"instock","15":"shipping-taxable","16":"product-type-simple","17":"entry","18":"content-bg","19":"loop-entry"},"_links":{"self":[{"href":"https:\/\/sdmetalshed.com\/es\/wp-json\/wp\/v2\/product\/719","targetHints":{"allow":["GET"]}}],"collection":[{"href":"https:\/\/sdmetalshed.com\/es\/wp-json\/wp\/v2\/product"}],"about":[{"href":"https:\/\/sdmetalshed.com\/es\/wp-json\/wp\/v2\/types\/product"}],"wp:featuredmedia":[{"embeddable":true,"href":"https:\/\/sdmetalshed.com\/es\/wp-json\/wp\/v2\/media\/720"}],"wp:attachment":[{"href":"https:\/\/sdmetalshed.com\/es\/wp-json\/wp\/v2\/media?parent=719"}],"wp:term":[{"taxonomy":"product_brand","embeddable":true,"href":"https:\/\/sdmetalshed.com\/es\/wp-json\/wp\/v2\/product_brand?post=719"},{"taxonomy":"product_cat","embeddable":true,"href":"https:\/\/sdmetalshed.com\/es\/wp-json\/wp\/v2\/product_cat?post=719"},{"taxonomy":"product_tag","embeddable":true,"href":"https:\/\/sdmetalshed.com\/es\/wp-json\/wp\/v2\/product_tag?post=719"}],"curies":[{"name":"wp","href":"https:\/\/api.w.org\/{rel}","templated":true}]}}