{"id":723,"date":"2022-03-08T10:27:23","date_gmt":"2022-03-08T02:27:23","guid":{"rendered":"https:\/\/sdmetalshed.com\/?post_type=product&#038;p=723"},"modified":"2022-03-08T10:27:23","modified_gmt":"2022-03-08T02:27:23","slug":"cobertizo-de-almacenamiento-para-jardin-en-acero-galvanizado-casa-de-herramientas-para-patio-en-color-antracita","status":"publish","type":"product","link":"https:\/\/sdmetalshed.com\/es\/product\/galvanized-steel-garden-storage-shed-patio-tool-storage-house-in-anthracite-color\/","title":{"rendered":"Cobertizo de acero galvanizado para almacenamiento de jard\u00edn, casa de almacenamiento de herramientas para patio, color antracita"},"content":{"rendered":"","protected":false},"excerpt":{"rendered":"<p>Este cobertizo de jard\u00edn es ideal para almacenar una amplia variedad de art\u00edculos como herramientas, muebles de jard\u00edn, equipos de jard\u00edn, etc. El cobertizo ofrece protecci\u00f3n contra la suciedad, el polvo, el viento fuerte y las inclemencias del tiempo. Este almac\u00e9n est\u00e1 equipado con rejillas de ventilaci\u00f3n que proporcionan ventilaci\u00f3n para reducir la acumulaci\u00f3n de humedad y olores en la casa. Con estantes, ofrece un amplio espacio de almacenamiento para mantener organizados sus art\u00edculos esenciales. Adem\u00e1s, fabricado en acero galvanizado, este cobertizo de almacenamiento para exteriores requiere un mantenimiento m\u00ednimo y es muy duradero. Las puertas de doble apertura en la parte delantera permiten una f\u00e1cil entrada y salida. El agua de lluvia drena autom\u00e1ticamente desde el techo gracias a su dise\u00f1o inclinado.<\/p>","protected":false},"featured_media":724,"template":"","meta":{"_kad_post_transparent":"default","_kad_post_title":"","_kad_post_layout":"default","_kad_post_sidebar_id":"","_kad_post_content_style":"default","_kad_post_vertical_padding":"default","_kad_post_feature":"","_kad_post_feature_position":"","_kad_post_header":false,"_kad_post_footer":false,"_kad_post_classname":""},"product_brand":[],"product_cat":[33,29,31],"product_tag":[231,232],"class_list":{"0":"post-723","1":"product","2":"type-product","3":"status-publish","4":"has-post-thumbnail","6":"product_cat-metal-garden-storage-sheds","7":"product_cat-metal-products","8":"product_cat-storage-sheds","9":"product_tag-galvanized-steel-garden-storage-shed","10":"product_tag-patio-tool-storage-house","12":"first","13":"instock","14":"shipping-taxable","15":"product-type-simple","16":"entry","17":"content-bg","18":"loop-entry"},"_links":{"self":[{"href":"https:\/\/sdmetalshed.com\/es\/wp-json\/wp\/v2\/product\/723","targetHints":{"allow":["GET"]}}],"collection":[{"href":"https:\/\/sdmetalshed.com\/es\/wp-json\/wp\/v2\/product"}],"about":[{"href":"https:\/\/sdmetalshed.com\/es\/wp-json\/wp\/v2\/types\/product"}],"wp:featuredmedia":[{"embeddable":true,"href":"https:\/\/sdmetalshed.com\/es\/wp-json\/wp\/v2\/media\/724"}],"wp:attachment":[{"href":"https:\/\/sdmetalshed.com\/es\/wp-json\/wp\/v2\/media?parent=723"}],"wp:term":[{"taxonomy":"product_brand","embeddable":true,"href":"https:\/\/sdmetalshed.com\/es\/wp-json\/wp\/v2\/product_brand?post=723"},{"taxonomy":"product_cat","embeddable":true,"href":"https:\/\/sdmetalshed.com\/es\/wp-json\/wp\/v2\/product_cat?post=723"},{"taxonomy":"product_tag","embeddable":true,"href":"https:\/\/sdmetalshed.com\/es\/wp-json\/wp\/v2\/product_tag?post=723"}],"curies":[{"name":"wp","href":"https:\/\/api.w.org\/{rel}","templated":true}]}}